{"id":41520,"date":"2021-09-29T19:04:57","date_gmt":"2021-09-29T19:04:57","guid":{"rendered":"https:\/\/theseedfair.com\/?post_type=product&#038;p=41520"},"modified":"2024-06-12T15:00:57","modified_gmt":"2024-06-12T15:00:57","slug":"cbd-cream-cheese","status":"publish","type":"product","link":"https:\/\/theseedfair.com\/de\/product\/cbd-cannabis-samen\/cbd-cream-cheese\/","title":{"rendered":"CBD Cream &#038; Cheese Samen"},"content":{"rendered":"<h2>CBD Cream &amp; Cheese Samen<\/h2>\n<p>CBD Cream &amp; Cheese Feminisierte Cannabis Samen schmecken nach Grapefruit und Orangen. Viele Male, wenn Sie Gras rauchen, schmeckt es erdig oder etwas anderes seltsam oder zuf\u00e4llig! Aber Sie werden angenehm \u00fcberrascht sein von dem s\u00fc\u00dfen Geschmack und dem leichten High, das es verleiht, sowie den leicht erhebenden Effekten.<\/p>\n<p>Dieses Gras hat \u00fcberhaupt keinen seltsamen oder zuf\u00e4lligen Geruch, was Ihnen gefallen wird! Es riecht einfach nur nach s\u00fc\u00dfen Trauben und frischen Orangen. Wenn es also nicht Ihr Ding ist, dass Gras stark riecht, k\u00f6nnten Sie CBD Cream &amp; Cheese Feminisierte Cannabis Samen wegen ihres tolerierbaren Geruchs genie\u00dfen!<\/p>\n<p>F\u00fcr ein Verh\u00e4ltnis von 18% CBD und 22% THC ist das erstaunlich! Ehrlich gesagt, wissen Sie nicht, wie viel mehr medizinischen Nutzen man erzielen kann. Wenn Sie also nach etwas suchen, das ein wenig High, aber haupts\u00e4chlich medizinische Vorteile bietet, dann suchen Sie nicht weiter. CBD Cream &amp; Cheese Sorte bietet das Beste aus beiden Welten und ist perfekt f\u00fcr alle Arten von Patienten.<\/p>\n<p>Wie Sie vielleicht am High erkennen k\u00f6nnen, ist es ein 60:40 Sativa dominante Hybrid. Das bedeutet, dass es Ihnen eher ein erhebendes und zerebrales High verleiht im Gegensatz zu dem Couch-Lock-High, das einige Indicas geben.<\/p>\n<p>Wenn Sie nach einer Sorte mit unglaublich schnellem Wirkungseintritt suchen, ist diese Sorte etwas, das Sie im Auge behalten sollten. Es wirkt innerhalb von Minuten nach dem Rauchen, was bedeutet, dass, wenn Sie sofortige Linderung ben\u00f6tigen, dies die perfekte Cannabissorte f\u00fcr Sie sein k\u00f6nnte! Diese Marihuana-Sorte hat eine durchschnittliche Dauer zwischen 3-5 Stunden.<\/p>\n<h2>Effekte der CBD Cream &amp; Cheese Sorte<\/h2>\n<p>Wenn Sie nach einer Sorte suchen, die gro\u00dfartig gegen Stress ist, k\u00f6nnten CBD Cream &amp; Cheese Feminisierte Cannabis Samen etwas sein, das Sie sich anschauen m\u00f6chten! Der hohe CBD-Gehalt stellt sicher, dass es nicht zu viele psychoaktive Effekte gibt und die sedierenden Eigenschaften helfen, Sie in einen tiefen Schlaf zu versetzen, sodass Sie erfrischt und weniger gestresst aufwachen.<\/p>\n<p>Nach einem harten Tag m\u00fcssen sich Ihre Muskeln entspannen und diese Marihuana-Sorte hilft, den K\u00f6rper zu beruhigen, wenn er Schmerzen hat. Der hohe CBD-Gehalt sorgt daf\u00fcr, dass es nicht viele psychoaktive Effekte gibt, sondern alle medizinischen Vorteile, was bedeutet, dass Sie die Nacht durchschlafen k\u00f6nnen, selbst nach einem langen Tag!<\/p>\n<p>Diese Knospe ist perfekt f\u00fcr Menschen mit Depressionen, weil sie Ihre Stimmung hebt und Ihnen hilft, alle negativen Gedanken loszuwerden, die durch Ihren Kopf laufen. Das Einzige, was durch Ihren Kopf laufen wird, sind positive Botschaften, die sich nach dem Rauchen dieser Marihuana-Sorte auf die Denkweise einer Person auswirken k\u00f6nnen!<\/p>\n<h2>Wie man CBD Cream &amp; Cheese Anbaut<\/h2>\n<p>Wenn Sie ein Anf\u00e4nger-Grower sind, k\u00f6nnten CBD Cream &amp; Cheese Feminisierte Samen etwas sein, das Sie sich anschauen m\u00f6chten, denn sie sind extrem einfach anzubauen. Die Samen sind klein, was bedeutet, dass die Pflanze nicht zu viel Arbeit bereitet und sie haben hohe Keimraten, was sicherstellt, dass Sie keine Pflanzen verlieren!<\/p>\n<p>Wenn Sie nach einer Pflanze suchen, die nicht zu viel Arbeit macht, dann ist diese Cannabissorte perfekt f\u00fcr Sie! Sie erreicht nur 94 Zoll, was bedeutet, dass es nicht unglaublich schwer ist, sie zu gie\u00dfen oder zu lagern. Die kleinen Samen bedeuten auch, dass die Pflanze selbst extrem leicht zu verstecken ist, wenn n\u00f6tig!<\/p>\n<p>Die Indoor-Ertr\u00e4ge steigen auf 21 Unzen pro Quadratmeter, w\u00e4hrend die Outdoor-Ertr\u00e4ge viel h\u00f6her sind bei 28 Unzen pro Pflanze! Es gibt keine Begrenzung, wie viel Sie ernten k\u00f6nnen, was CBD Cream &amp; Cheese Feminisierte Cannabis Samen perfekt f\u00fcr Erstz\u00fcchter macht, die immer noch unglaublich hohe Ertr\u00e4ge aus ihren Pflanzen erzielen m\u00f6chten!<\/p>\n<p>Diese Pflanze hat eine unglaublich schnelle Bl\u00fctezeit, was bedeutet, dass Sie nicht l\u00e4nger als n\u00f6tig auf das Wachsen der Knospen warten m\u00fcssen! 10 Wochen ist alles, was es braucht, damit CBD Cream &amp; Cheese Feminisierte Cannabis Samen bl\u00fchen, was den Anbau Ihrer Pflanzen extrem einfach und stressfrei machen kann.<\/p>\n<h2>Geschichte der CBD Cream &amp; Cheese Sorte<\/h2>\n<p>Diese CBD Cream &amp; Cheese Feminisierten Cannabis Samen sind eine der beliebtesten CBD-Sorten, die heute erh\u00e4ltlich sind! Sie haben alle Vorteile von UK Cheese mit den medizinischen Vorteilen, die Sie von Cannabispflanzen mit hohem CBD-Gehalt erhalten.<\/p>\n","protected":false},"excerpt":{"rendered":"<p>Bereiten Sie sich darauf vor, Ihre Sinne zu erheben und Ihre Geschmacksknospen mit den CBD Cream &amp; Cheese Feminisierten Cannabis Samen zu kitzeln! Mit einem Sativa-dominanten Verh\u00e4ltnis von 60:40 ist diese Sorte eine perfekte Kombination aus Grapefruit- und Orangengeschmack, die Sie nach mehr verlangen l\u00e4sst. Die Sorte ist reich an Cannabinoiden und bietet 18% CBD und 22% THC. Es ist Ihr schnell wirkender Fahrschein zu erhebender Erleichterung und einem unvergesslichen medizinischen High.<\/p>\n","protected":false},"featured_media":43517,"comment_status":"open","ping_status":"closed","template":"","meta":{"_acf_changed":false,"_glsr_average":0,"_glsr_ranking":0,"_glsr_reviews":0},"product_brand":[],"product_cat":[62,64,19,3067,21],"product_tag":[],"class_list":{"0":"post-41520","1":"product","2":"type-product","3":"status-publish","4":"has-post-thumbnail","6":"product_cat-cannabis-samen-fuer-anfaenger","7":"product_cat-cbd-cannabis-samen","8":"product_cat-feminisierte-cannabis-samen","9":"product_cat-ertragreiche-samen","10":"product_cat-cannabis-sativa-samen","12":"first","13":"instock","14":"taxable","15":"shipping-taxable","16":"purchasable","17":"product-type-variable"},"acf":[],"aioseo_notices":[],"_links":{"self":[{"href":"https:\/\/theseedfair.com\/de\/wp-json\/wp\/v2\/product\/41520","targetHints":{"allow":["GET"]}}],"collection":[{"href":"https:\/\/theseedfair.com\/de\/wp-json\/wp\/v2\/product"}],"about":[{"href":"https:\/\/theseedfair.com\/de\/wp-json\/wp\/v2\/types\/product"}],"replies":[{"embeddable":true,"href":"https:\/\/theseedfair.com\/de\/wp-json\/wp\/v2\/comments?post=41520"}],"wp:featuredmedia":[{"embeddable":true,"href":"https:\/\/theseedfair.com\/de\/wp-json\/wp\/v2\/media\/43517"}],"wp:attachment":[{"href":"https:\/\/theseedfair.com\/de\/wp-json\/wp\/v2\/media?parent=41520"}],"wp:term":[{"taxonomy":"product_brand","embeddable":true,"href":"https:\/\/theseedfair.com\/de\/wp-json\/wp\/v2\/product_brand?post=41520"},{"taxonomy":"product_cat","embeddable":true,"href":"https:\/\/theseedfair.com\/de\/wp-json\/wp\/v2\/product_cat?post=41520"},{"taxonomy":"product_tag","embeddable":true,"href":"https:\/\/theseedfair.com\/de\/wp-json\/wp\/v2\/product_tag?post=41520"}],"curies":[{"name":"wp","href":"https:\/\/api.w.org\/{rel}","templated":true}]}}