{"id":41896,"date":"2021-10-02T14:35:49","date_gmt":"2021-10-02T14:35:49","guid":{"rendered":"https:\/\/theseedfair.com\/?post_type=product&#038;p=41896"},"modified":"2024-06-25T13:56:24","modified_gmt":"2024-06-25T13:56:24","slug":"do-si-dos","status":"publish","type":"product","link":"https:\/\/theseedfair.com\/de\/product\/hoher-thc-gehalt\/do-si-dos\/","title":{"rendered":"Do-Si-Dos Samen"},"content":{"rendered":"<h2>Do-Si-Dos Samen<\/h2>\n<p>Do-Si-Dos feminisierte Cannabissamen verwandeln Ihr emotionales und k\u00f6rperliches Erlebnis in ein friedliches und angenehmes. Mit einem s\u00fc\u00dfen und scharfen Geschmack sind diese feminisierten Cannabissamen perfekt f\u00fcr diejenigen, die ihre Freizeit einfach intensiv gestalten m\u00f6chten. Diese Wunder, die den Raucher in einen fruchtigen Dunst mit Lavendelhintergrund h\u00fcllen, werden Sie sicher sofort aus den Kleidern entspannen.<\/p>\n<p>Diese Sorte sollte jeder ausprobieren, egal ob Sie neu im Gesch\u00e4ft oder ein langj\u00e4hriger Z\u00fcchter sind. Sie hat einen sehr k\u00f6stlichen Geschmack und Duft, also wenn kein anderer Grund Ihre Aufmerksamkeit erregt, k\u00f6nnte dies der endg\u00fcltige Strohhalm sein.<\/p>\n<p>Es gibt viele Menschen, die diese Sorte ausprobiert haben und niemand hat sich \u00fcber das Aroma beschwert. Es scheint etwas zu sein, das jeder mag, also k\u00f6nnte das alles sein, was Sie als Ausrede brauchen, um es auszuprobieren.<\/p>\n<p>Vielleicht suchen Sie nach dieser Sorte, um ein bisschen high zu werden. Wenn das der Fall ist, werden Sie mit ihren 27% THC Gehalt sehr zufrieden sein. Es ist hoch genug, um eine gute Zeit zu haben, aber nicht so hoch, dass Sie in eine Couch-Lock fallen.<\/p>\n<p>Mit 70% Indica und 30% Sativa ist die Do-Si-Dos-Sorte eher eine Indica-dominante Sorte. Das bedeutet, wenn Sie nach einem stoney high suchen, das Sie unkontrollierbar zum Lachen bringt, k\u00f6nnen wir dies nicht genug empfehlen.<\/p>\n<h2>Wirkungen unserer Do-Si-Dos-Sorte<\/h2>\n<p>Menschen, die nach gro\u00dfartigen medizinischen Wirkungen suchen, k\u00f6nnen sich auf die Do-Si-Dos feminisierten Cannabissamen freuen, da sie einen relativ hohen CBD-Gehalt von 0,9% aufweisen.<\/p>\n<p>Diese Sorte wurde mit dem Besten aus beiden Welten infundiert und schafft ein perfektes High aus K\u00f6rper- und psychoaktiven Wirkungen. Es ist auch eine der leckersten Sorten, die Sie nach jedem Zug mehr wollen l\u00e4sst.<\/p>\n<p>Sobald Sie einen oder zwei Z\u00fcge von dieser Sorte genommen haben, dauert es etwa 20-40 Minuten, bis die Wirkung einsetzt. Dann wird Sie das High vollst\u00e4ndig umh\u00fcllen und Sie werden mehr wollen. Es h\u00e4lt auch lange an, was diejenigen, die eine starke aber nicht \u00fcberw\u00e4ltigende Erfahrung suchen, sehr zufriedenstellt.<\/p>\n<p>Menschen, die rauchen m\u00f6chten, um Entz\u00fcndungen zu reduzieren, m\u00fcssen nicht weiter als die Do-Si-Dos feminisierten Cannabissamen suchen. Die starken entz\u00fcndungshemmenden Wirkungen lassen Sie sich entspannt und manchmal sogar euphorisch f\u00fchlen.<\/p>\n<h2>Gro\u00dfartig bei Muskelkr\u00e4mpfen<\/h2>\n<p>Wenn Sie diese Sorte rauchen m\u00f6chten, um Muskelkr\u00e4mpfe zu lindern, sollten Sie zu Ihrem \u00f6rtlichen Dispensary gehen. Beim Rauchen wirkt es schnell und effektiv, was bedeutet, dass kurzfristig keine Schmerzen mehr auftreten.<\/p>\n<p>Die Schmerzlinderung, die von dieser Sorte ausgeht, sollte jeden gl\u00fccklich machen. Es ist eine hochpotente Indica-Marihuana-Pflanze mit einem sehr hohen CBD-Gehalt, der Sie entspannt und manchmal sogar euphorisch f\u00fchlen l\u00e4sst.<\/p>\n<p>Wenn Sie jemand sind, der Schwierigkeiten hat, gut zu schlafen, k\u00f6nnte dies die Antwort auf Ihre Probleme sein. Sobald Sie es rauchen, sind die Wirkungen fast sofort und halten 3-4 Stunden an.<\/p>\n<p>Die Do-Si-Dos-Sorte wurde f\u00fcr Menschen gemacht, die gerne mit ihren Freunden rauchen. Das erhebende, euphorische High macht diese Sorte perfekt f\u00fcr gesellschaftliche Zusammenk\u00fcnfte, weil Sie garantiert Spa\u00df haben werden.<\/p>\n<p>Diese Sorte ist sehr vorteilhaft f\u00fcr diejenigen, die an Gewicht zunehmen m\u00f6chten, da sie Ihnen einen uners\u00e4ttlichen Appetit gibt. Jetzt k\u00f6nnen Sie endlich eine fettige Mahlzeit oder Eiscreme genie\u00dfen, ohne sich schuldig zu f\u00fchlen.<\/p>\n<h2>Wie w\u00e4chst die Do-Si-Dos Sorte?<\/h2>\n<p>Wenn Sie gerade erst anfangen, Cannabis zu z\u00fcchten, ist die feminisierte Do-Si-Dos Sorte ein gro\u00dfartiger Anfang. Es ist nicht zu komplex und obwohl es gro\u00df werden kann, erfordert es nicht st\u00e4ndige Pflege wie einige Marihuana-Pflanzen.<\/p>\n<p>Die Do-Si-Dos feminisierten Cannabissamen k\u00f6nnen ziemlich hoch wachsen, bis zu 59 Zoll, aber es ist nichts, das st\u00e4ndiges Trimmen erfordert. Sie werden trotzdem leicht zu handhaben und zu pflegen sein.<\/p>\n<p>Diese Sorte ist perfekt f\u00fcr alle Umgebungen. Ob Sie in einem Gew\u00e4chshaus oder einer Wohnung leben, dies ist eine gro\u00dfartige Option, um Ihr eigenes Medikament anzubauen.<\/p>\n<p>Wenn Sie drinnen anbauen m\u00f6chten, ist dies auch eine gro\u00dfartige Option. Sie wird bis zu 18 Unzen pro Pflanze erbringen, was gar nicht schlecht ist.<\/p>\n<p>Auch wenn Sie sie im Freien anbauen m\u00f6chten, ist dies ebenfalls eine gro\u00dfartige Option. Es gibt kein Limit, wie viele Pflanzen Sie anbauen k\u00f6nnen, und sie werden bis zu 18 Unzen pro Pflanze erbringen.<\/p>\n<p>Die Do-Si-Dos feminisierten Cannabissamen ben\u00f6tigen etwa 8-10 Wochen zur Bl\u00fcte, was im Vergleich zu einigen anderen Marihuana-Pflanzen ziemlich gut ist. Es macht auch das Erhalten Ihres Medikaments schnell und einfach.<\/p>\n<h2>Geschichte der Do-Si-Dos Sorte<\/h2>\n<p>Die Do-Si-Dos feminisierten Cannabissamen sind perfekt f\u00fcr Menschen, die langsamer machen und entspannen m\u00f6chten. Das ist das, was Sie bekommen, wenn Sie die m\u00e4chtigen Girls Scout Cookies und raten Sie mal? Face-Off OG als ihr krimineller Partner mischen.<\/p>\n","protected":false},"excerpt":{"rendered":"<p>Do-Si-Dos: AAAA h\u00f6chste Qualit\u00e4tsbewertung f\u00fcr Ihre Sammlung<\/p>\n<p>Kostenloser Versand bei Bestellungen \u00fcber $99. Versand in die USA und Kanada.<\/p>\n<p>Erhalten Sie 4 kostenlose Samen mit Ihrer Bestellung, wenn Sie mit Venmo, Zelle oder E Transfer bezahlen.<\/p>\n","protected":false},"featured_media":44068,"comment_status":"open","ping_status":"closed","template":"","meta":{"_acf_changed":false,"_glsr_average":0,"_glsr_ranking":0,"_glsr_reviews":0},"product_brand":[],"product_cat":[62,19,68,30,1161,1610],"product_tag":[],"class_list":{"0":"post-41896","1":"product","2":"type-product","3":"status-publish","4":"has-post-thumbnail","6":"product_cat-cannabis-samen-fuer-anfaenger","7":"product_cat-feminisierte-cannabis-samen","8":"product_cat-hoher-thc-gehalt","9":"product_cat-indica-cannabis-samen","10":"product_cat-neu","11":"product_cat-photoperiodische-cannabis-samen","13":"first","14":"instock","15":"taxable","16":"shipping-taxable","17":"purchasable","18":"product-type-variable"},"acf":[],"aioseo_notices":[],"_links":{"self":[{"href":"https:\/\/theseedfair.com\/de\/wp-json\/wp\/v2\/product\/41896","targetHints":{"allow":["GET"]}}],"collection":[{"href":"https:\/\/theseedfair.com\/de\/wp-json\/wp\/v2\/product"}],"about":[{"href":"https:\/\/theseedfair.com\/de\/wp-json\/wp\/v2\/types\/product"}],"replies":[{"embeddable":true,"href":"https:\/\/theseedfair.com\/de\/wp-json\/wp\/v2\/comments?post=41896"}],"wp:featuredmedia":[{"embeddable":true,"href":"https:\/\/theseedfair.com\/de\/wp-json\/wp\/v2\/media\/44068"}],"wp:attachment":[{"href":"https:\/\/theseedfair.com\/de\/wp-json\/wp\/v2\/media?parent=41896"}],"wp:term":[{"taxonomy":"product_brand","embeddable":true,"href":"https:\/\/theseedfair.com\/de\/wp-json\/wp\/v2\/product_brand?post=41896"},{"taxonomy":"product_cat","embeddable":true,"href":"https:\/\/theseedfair.com\/de\/wp-json\/wp\/v2\/product_cat?post=41896"},{"taxonomy":"product_tag","embeddable":true,"href":"https:\/\/theseedfair.com\/de\/wp-json\/wp\/v2\/product_tag?post=41896"}],"curies":[{"name":"wp","href":"https:\/\/api.w.org\/{rel}","templated":true}]}}