{"id":42150,"date":"2022-05-04T15:19:59","date_gmt":"2022-05-04T15:19:59","guid":{"rendered":"https:\/\/theseedfair.com\/?post_type=product&#038;p=42150"},"modified":"2024-06-12T17:18:19","modified_gmt":"2024-06-12T17:18:19","slug":"purple-punch","status":"publish","type":"product","link":"https:\/\/theseedfair.com\/de\/product\/feminisierte-cannabis-samen\/purple-punch\/","title":{"rendered":"Purple Punch Samen"},"content":{"rendered":"<h2>Purple Punch Samen<\/h2>\n<p>Der Geschmack von Purple Punch Samen ist wie eine Mischung aus Beeren und \u00c4pfeln mit einem leichten Zitrus-Nachgeschmack. Es ist ein ziemlich s\u00fc\u00dfer Geschmack, den die meisten Leute genie\u00dfen k\u00f6nnen, und er ist auch ziemlich sanft im Hals, sodass Sie sich keine Sorgen machen m\u00fcssen, zu viel zu husten, wenn Sie ihn rauchen. Wenn Sie zum ersten Mal eine T\u00fcte von diesem Gras \u00f6ffnen, werden Sie von einem intensiven Trauben- und Ananasgeruch getroffen, der s\u00fc\u00df und fruchtig ist. Sie werden anfangen, die erdigen Untert\u00f6ne zu schmecken, die f\u00fcr ein angenehmes Erlebnis sorgen, wenn Sie sie rauchen.<\/p>\n<p>Suchen Sie nach einer Cannabissorte, die einen Knockout-Schlag liefert? Dann m\u00fcssen Sie Purple Punch Samen ausprobieren. Dieser potente Hybrid hat einen hohen THC-Gehalt von 23%, was ihn zu einer der st\u00e4rksten Sorten macht. Und mit einem 70% Indica \/ 30% Sativa-Verh\u00e4ltnis wird er Ihnen bestimmt einen starken K\u00f6rperhigh geben, der Sie entspannt zur\u00fcckl\u00e4sst.<\/p>\n<p>F\u00fcr diejenigen, die nach einem schwereren, \u00e4u\u00dferst potenten High suchen, wird dieser Kraftprotz einer Sorte einen sofortigen und lang anhaltenden Kopf- und K\u00f6rperhigh liefern, der selbst erfahrene Kiffer ausknocken wird. Das schnelle Einsetzen und der H\u00f6hepunkt des Highs werden Sie fokussiert f\u00fchlen lassen, bevor das High abklingt und entspannend und couchlockend wirkt. Also, wenn Sie eine Sorte suchen, die Sie ins violette Nebelland schickt, schnappen Sie sich noch heute einige Purple Punch feminisierte Samen.<\/p>\n<h2>Effekte der Purple Punch Feminized Cannabis Samen<\/h2>\n<p>Purple Punch ist die perfekte Sorte f\u00fcr diejenigen, die nach einem starken zerebralen High suchen, das ihnen hilft, ihre kreativen S\u00e4fte zum Flie\u00dfen zu bringen. Die lang anhaltenden Effekte dieser Sorte werden Sie entspannt und euphorisch f\u00fchlen lassen, was es einfach macht, Ihren inneren K\u00fcnstler anzuzapfen. Dieser kraftvolle Hybrid ist auch ideal f\u00fcr Schlaflose, da er dazu beitragen kann, einen tiefen und erholsamen Schlaf zu induzieren. Die Indica-dominanten Effekte dieser Sorte werden Sie k\u00f6rperlich entspannt f\u00fchlen lassen, w\u00e4hrend das zerebrale High Ihren Geist beruhigen und Sie in einen erholsamen Schlummer gleiten lassen wird.<\/p>\n<p>Purple Punch ist auch effektiv bei der Linderung von Angstzust\u00e4nden, dank seiner beruhigenden und entspannenden Effekte. Wenn Sie unter Angstzust\u00e4nden leiden, k\u00f6nnte es sich lohnen, diese Sorte auszuprobieren, da sie dazu beitragen kann, die Kanten abzurunden und Ihnen ein entspannteres Gef\u00fchl zu geben.<\/p>\n<h2>Wie wachsen Purple Punch Feminized Cannabis Samen?<\/h2>\n<p>Purple Punch ist eine relativ einfach zu z\u00fcchtende Sorte, was sie zu einer guten Wahl f\u00fcr Anf\u00e4nger im Cannabisanbau macht. Dank ihrer durchschnittlichen Krankheits- und Sch\u00e4dlingsresistenz ist diese Sorte nicht anspruchsvoll und somit relativ pflegeleicht. Sie kann sowohl drinnen als auch drau\u00dfen angebaut werden. Beim Indoor-Anbau ist es am besten, ein hydroponisches Setup zu verwenden, um den Ertrag zu maximieren. Diese Sorte bevorzugt ein feuchtes Klima und gedeiht gut in gem\u00e4\u00dfigten oder kontinentalen Klimazonen. Beim Outdoor-Anbau ist es am besten, im fr\u00fchen Fr\u00fchling zu pflanzen, damit die Pflanzen genug Zeit haben, um vor den k\u00fchleren Herbstwetterbedingungen zu reifen.<\/p>\n<p>Purple Punch Pflanzen erreichen typischerweise eine mittlere H\u00f6he, was sie zu einer guten Wahl f\u00fcr diejenigen macht, die Platz sparen m\u00f6chten. Diese Sorte ist auch f\u00fcr die Sea of Green (SOG) und Screen of Green (SCROG) Anbaumethoden geeignet. Es ist eine kurze und st\u00e4mmige Pflanze, die dichte und harzige Knospen produziert. Diese Sorte hat eine ausgezeichnete Trichomabdeckung, was sie zu einer sehr potenten Sorte macht. Die Knospen haben einen tiefvioletten Farbton und sind mit orangefarbenen Haaren bedeckt.<\/p>\n<p>F\u00fcr den Cannabiskenner, der eine schnelle Wende m\u00f6chte, sind Purple Punch Feminized Cannabis Samen eine ausgezeichnete Wahl. Mit einer Bl\u00fctezeit von nur 50-60 Tagen werden diese Photoperiod-Sch\u00f6nheiten Sie sicher erfreuen. Achten Sie nur darauf, ihnen w\u00e4hrend der Bl\u00fcte die Lichtanpassungen zu geben, die sie ben\u00f6tigen. Purple Punch ist eine ertragreiche Sorte, die bis zu 500g\/m\u00b2 drinnen und bis zu 600 gr\/Pflanze drau\u00dfen produziert. Das Beste daran ist, dass jeder Z\u00fcchter die Chance auf diese Ertr\u00e4ge hat, da diese Sorte relativ leicht zu z\u00fcchten ist.<\/p>\n<h2>Geschichte der Purple Punch Feminized Samen<\/h2>\n<p>Die Geschichte kreuzte Larry OG x Grandaddy Purple: Vielleicht fragen Sie sich, was Purple Punch Feminized Cannabis Samen sind? Nun, beginnen wir mit der Geschichte. Diese Babys wurden durch die Kreuzung von Larry OG mit Grandaddy Purple gez\u00fcchtet. Das Ergebnis ist eine pflanzliche Kraftpakete, die Ihnen einen Schlag in Bezug auf Geschmack und Potenz verleiht. In Bezug auf den Geschmack k\u00f6nnen Sie s\u00fc\u00df-saure Noten von Trauben und Beeren erwarten. Was die Effekte betrifft, ist Purple Punch perfekt f\u00fcr diejenigen, die nach einem entspannten und gl\u00fccklichen High suchen. Wenn Sie also nach einer Sorte suchen, die einen Schlag verpackt, m\u00fcssen Sie Purple Punch Samen zu Ihrer Sammlung hinzuf\u00fcgen.<\/p>\n","protected":false},"excerpt":{"rendered":"<p>Purple Punch: AAAA H\u00f6chste Qualit\u00e4tsbewertung F\u00fcr Ihre Sammlung<\/p>\n<p>Versandkostenfrei bei Bestellungen \u00fcber $99. USA- und Kanada-weiter Versand.<\/p>\n<p>Erhalten Sie 4 kostenlose Samen mit Ihrer Bestellung, wenn Sie per Venmo, Zelle oder E-Transfer bezahlen.<\/p>\n","protected":false},"featured_media":56026,"comment_status":"open","ping_status":"closed","template":"","meta":{"_acf_changed":false,"_glsr_average":0,"_glsr_ranking":0,"_glsr_reviews":0},"product_brand":[],"product_cat":[3365,62,19,68,30,1161,1610],"product_tag":[],"class_list":{"0":"post-42150","1":"product","2":"type-product","3":"status-publish","4":"has-post-thumbnail","6":"product_cat-beste-cannabis-samen","7":"product_cat-cannabis-samen-fuer-anfaenger","8":"product_cat-feminisierte-cannabis-samen","9":"product_cat-hoher-thc-gehalt","10":"product_cat-indica-cannabis-samen","11":"product_cat-neu","12":"product_cat-photoperiodische-cannabis-samen","14":"first","15":"instock","16":"taxable","17":"shipping-taxable","18":"purchasable","19":"product-type-variable"},"acf":[],"aioseo_notices":[],"_links":{"self":[{"href":"https:\/\/theseedfair.com\/de\/wp-json\/wp\/v2\/product\/42150","targetHints":{"allow":["GET"]}}],"collection":[{"href":"https:\/\/theseedfair.com\/de\/wp-json\/wp\/v2\/product"}],"about":[{"href":"https:\/\/theseedfair.com\/de\/wp-json\/wp\/v2\/types\/product"}],"replies":[{"embeddable":true,"href":"https:\/\/theseedfair.com\/de\/wp-json\/wp\/v2\/comments?post=42150"}],"wp:featuredmedia":[{"embeddable":true,"href":"https:\/\/theseedfair.com\/de\/wp-json\/wp\/v2\/media\/56026"}],"wp:attachment":[{"href":"https:\/\/theseedfair.com\/de\/wp-json\/wp\/v2\/media?parent=42150"}],"wp:term":[{"taxonomy":"product_brand","embeddable":true,"href":"https:\/\/theseedfair.com\/de\/wp-json\/wp\/v2\/product_brand?post=42150"},{"taxonomy":"product_cat","embeddable":true,"href":"https:\/\/theseedfair.com\/de\/wp-json\/wp\/v2\/product_cat?post=42150"},{"taxonomy":"product_tag","embeddable":true,"href":"https:\/\/theseedfair.com\/de\/wp-json\/wp\/v2\/product_tag?post=42150"}],"curies":[{"name":"wp","href":"https:\/\/api.w.org\/{rel}","templated":true}]}}