{"id":44681,"date":"2021-11-25T14:27:07","date_gmt":"2021-11-25T14:27:07","guid":{"rendered":"https:\/\/theseedfair.com\/?post_type=product&#038;p=44681"},"modified":"2024-06-12T15:26:26","modified_gmt":"2024-06-12T15:26:26","slug":"24k-gold","status":"publish","type":"product","link":"https:\/\/theseedfair.com\/de\/product\/feminisierte-cannabis-samen\/24k-gold\/","title":{"rendered":"24k Gold Samen"},"content":{"rendered":"<h2>24k Gold Feminisierte Cannabissamen<\/h2>\n<p>Auf der Suche nach einem gro\u00dfartigen Cannabissamen, der Ihnen hilft, sich zu entspannen und den Kopf frei zu bekommen? Suchen Sie nicht weiter als die 24k Gold Samen. Diese Sorte hat eine sch\u00f6ne entspannende Wirkung, die Ihnen hilft, den Kopf freizubekommen, damit Sie sich auf das Wesentliche konzentrieren k\u00f6nnen.<\/p>\n<p>Der Geschmack dieser Sorte ist etwas, wor\u00fcber man nach Hause schreiben kann. Es ist eine Mischung aus Zitrusfr\u00fcchten, fruchtigen und pfeffrigen Aromen, was es perfekt f\u00fcr diejenigen macht, die nach etwas Neuem und Spannendem zum Rauchen suchen. Es schmeckt nicht nur gro\u00dfartig, sondern ist auch unglaublich glatt, sodass Sie Ihr Geld wert sein werden, wenn Sie sich entscheiden, diese spezielle Sorte zu rauchen.<\/p>\n<p>Ihre Nasenl\u00f6cher werden sich nicht vor Ihrem n\u00e4chsten Zug scheuen. Sie werden sich danach sehnen. Diese Sorte riecht nicht nur gro\u00dfartig, sondern schmeckt auch unglaublich. Es gibt Hinweise auf Zitrusfr\u00fcchte, Orange und s\u00fc\u00dfe Aromen w\u00e4hrend Ihrer Rauchsession, die diese Sorte makellos aus der Menge hervorstechen lassen.<\/p>\n<h2>24K Hat 24% THC<\/h2>\n<p>Diese Sorte hat einen niedrigeren CBD-Gehalt, was bedeutet, dass sie st\u00e4rkere psychoaktive Wirkungen hat. 24k Gold Feminisierte Cannabissamen haben weniger als 2% CBD und 24% THC. Die THC-Werte sind ebenfalls unglaublich hoch bei 24%, was je nach dem, wonach Sie suchen, gut oder schlecht sein kann. Es ist perfekt f\u00fcr diejenigen, die tags\u00fcber rauchen und viel Energie haben m\u00f6chten, da diese Sorte direkt durch Ihren K\u00f6rper l\u00e4uft.<\/p>\n<p>Diese Sorte hat ein 60:40 Indica\/Sativa-Verh\u00e4ltnis, was bedeutet, dass sie milde sedative Wirkungen hat. Sie ist besser geeignet, tags\u00fcber zu rauchen, weil sie so erhebend ist, dass Sie Ihre t\u00e4gliche Arbeit erledigen oder Hausarbeiten erledigen k\u00f6nnen. Wenn Sie jedoch planen, abends zu rauchen, m\u00f6chten Sie vielleicht eine andere Sorte ausprobieren.<\/p>\n<h2>Wirkungen Unserer 24k Gold Sorte<\/h2>\n<p>Dies ist eine ziemlich starke Sorte, die perfekt f\u00fcr diejenigen ist, die das Beste aus ihrem Geld herausholen m\u00f6chten. Sie ist auch gro\u00dfartig f\u00fcr Menschen, die gerne den ganzen Tag \u00fcber rauchen, da sie st\u00e4rkere psychoaktive Wirkungen hat.<\/p>\n<p>Das High beginnt am Hinterkopf und bewegt sich langsam zu Ihrem K\u00f6rper hinunter. Sie werden ein Gef\u00fchl von Euphorie und Entspannung versp\u00fcren, das perfekt f\u00fcr diejenigen ist, die nach einem langen Tag entspannen m\u00f6chten. Die Wirkungen k\u00f6nnen bis zu 3 Stunden anhalten, also stellen Sie sicher, dass Sie etwas Zeit f\u00fcr sich haben.<\/p>\n<p>24k Gold Feminisierte Cannabissamen sind perfekt f\u00fcr diejenigen, die unter Angstzust\u00e4nden leiden und etwas brauchen, das ihnen hilft, wieder auf den richtigen Weg zu kommen. Diese Sorte hat eine sch\u00f6ne entspannende Wirkung, die Ihnen hilft, den Kopf freizubekommen, damit Sie sich auf das Wesentliche konzentrieren k\u00f6nnen.<\/p>\n<h2>24K Hilft Erstaunlich Bei Depressionen<\/h2>\n<p>Der hohe Cannabinoid-Gehalt in dieser Sorte macht sie perfekt f\u00fcr Menschen, die ihre Depression behandeln m\u00f6chten. Die Indica-dominante Sorte wird Ihnen helfen, sich zu entspannen und den Kopf frei zu bekommen, damit Sie etwas Erleichterung finden k\u00f6nnen.<\/p>\n<p>Diese Sorte ist gro\u00dfartig f\u00fcr diejenigen, die \u00dcbelkeit behandeln oder Appetitprobleme haben. Das Rauchen k\u00f6nnte Ihr \u00dcbelkeitsgef\u00fchl jedoch verst\u00e4rken, also seien Sie vorsichtig, wenn Sie diesen Marihuanasamen rauchen.<\/p>\n<p>Arthritis kann l\u00e4hmend sein, wenn sie unbehandelt bleibt, und diese Blume bietet eine willkommene Schmerzlinderung, die nur durch die Ganzk\u00f6rper-Entspannungswirkung dieser Indica-dominanten Hybride verst\u00e4rkt wird. Dies macht 24k Gold Feminisierte Cannabissamen perfekt f\u00fcr diejenigen, die an der Krankheit leiden, und f\u00fcr alle, die nach einem langen Tag entspannen m\u00f6chten.<\/p>\n<p>Sie k\u00f6nnen mit einem ziemlich euphorischen Erlebnis rechnen, wenn Sie diese Sorte rauchen, also ist sie perfekt f\u00fcr diejenigen, die etwas suchen, das ihnen ein sch\u00f6nes Gef\u00fchl vermittelt, ohne zu intensiv zu sein.<\/p>\n<h2>Wie W\u00e4chst Die 24k Gold Sorte?<\/h2>\n<p>Es ist eine gro\u00dfartige Sorte zum Wachsen, wenn Sie nach etwas suchen, das einfach am Leben zu erhalten ist. 24k Gold Feminisierte Cannabissamen brauchen keine st\u00e4ndige Aufmerksamkeit und erzielen sehr gute Ergebnisse, wenn sie drinnen und drau\u00dfen angebaut werden. Der Wachstumsprozess ist nicht zu schwierig, also ist es perfekt f\u00fcr diejenigen, die keine Herausforderung suchen, sondern einen sch\u00f6nen entspannenden Tag nach der Arbeit haben m\u00f6chten.<\/p>\n<p>Diese Sorte kann ziemlich gro\u00df werden und ist nicht die beste, wenn Sie wenig Platz haben. Es ist perfekt, wenn Sie einige interessante Arrangements in Ihrem Zuhause treffen m\u00f6chten, da es m\u00f6glicherweise ein wenig zus\u00e4tzliche Pflege w\u00e4hrend des Wachstumsprozesses ben\u00f6tigt.<\/p>\n<p>24k Gold Feminisiert kann drinnen, drau\u00dfen oder in einem Gew\u00e4chshaus angebaut werden. Es ist eine gro\u00dfartige Option f\u00fcr diejenigen, die nach etwas suchen, das vielseitig ist und in einer Vielzahl von Umgebungen angebaut werden kann.<\/p>\n<p>Diese Sorte hat einen ziemlich hohen Ertrag und ist perfekt f\u00fcr diejenigen, die viel aus ihren Marihuana-Ernten herausholen m\u00f6chten. Sie k\u00f6nnen mit etwa 450 oz\/m2 rechnen, wenn Sie sie drinnen anbauen, und etwa 600 oz\/Pflanze, wenn Sie sie drau\u00dfen anbauen.<\/p>\n<p>Die Bl\u00fctezeit f\u00fcr 24k Gold Feminisierte Cannabissamen ist ziemlich schnell und kann je nach Anbaumethode ungef\u00e4hr 60-70 Tage betragen.<\/p>\n<h2>Geschichte Der 24k Gold Sorte<\/h2>\n<p>Der angenehme Zitrus-Tangerine-Duft von Tangie wird mit der tiefen Dunkelheit von Kosher Kush kombiniert, um 24k Gold Feminisierte Cannabissamen zu bilden. Dies ist eine F1-Hybridsorte, die drei verschiedene Ph\u00e4notypen abgibt, die alle einzigartig sind.<\/p>\n","protected":false},"excerpt":{"rendered":"<p>24k Gold Feminisiert Rausch? Eher Couch-Rausch mit dieser Premium-Cannabisqualit\u00e4t! Mit satten 24% THC, verpacken diese kleinen goldenen Nuggets eine Zitrus-Wirkung, die Ihre Geschmacksnerven auf eine Reise schickt, w\u00e4hrend Ihre Produktivit\u00e4tsstufen eine andere Art von Reise unternehmen. Das ist die 60% Indica-Entspannung in Aktion!<\/p>\n","protected":false},"featured_media":45997,"comment_status":"open","ping_status":"closed","template":"","meta":{"_acf_changed":false,"_glsr_average":0,"_glsr_ranking":0,"_glsr_reviews":0},"product_brand":[],"product_cat":[62,19,3085,68,30,1161,1610],"product_tag":[],"class_list":{"0":"post-44681","1":"product","2":"type-product","3":"status-publish","4":"has-post-thumbnail","6":"product_cat-cannabis-samen-fuer-anfaenger","7":"product_cat-feminisierte-cannabis-samen","8":"product_cat-grosshandel-cannabis-samen","9":"product_cat-hoher-thc-gehalt","10":"product_cat-indica-cannabis-samen","11":"product_cat-neu","12":"product_cat-photoperiodische-cannabis-samen","14":"first","15":"instock","16":"taxable","17":"shipping-taxable","18":"purchasable","19":"product-type-variable"},"acf":[],"aioseo_notices":[],"_links":{"self":[{"href":"https:\/\/theseedfair.com\/de\/wp-json\/wp\/v2\/product\/44681","targetHints":{"allow":["GET"]}}],"collection":[{"href":"https:\/\/theseedfair.com\/de\/wp-json\/wp\/v2\/product"}],"about":[{"href":"https:\/\/theseedfair.com\/de\/wp-json\/wp\/v2\/types\/product"}],"replies":[{"embeddable":true,"href":"https:\/\/theseedfair.com\/de\/wp-json\/wp\/v2\/comments?post=44681"}],"wp:featuredmedia":[{"embeddable":true,"href":"https:\/\/theseedfair.com\/de\/wp-json\/wp\/v2\/media\/45997"}],"wp:attachment":[{"href":"https:\/\/theseedfair.com\/de\/wp-json\/wp\/v2\/media?parent=44681"}],"wp:term":[{"taxonomy":"product_brand","embeddable":true,"href":"https:\/\/theseedfair.com\/de\/wp-json\/wp\/v2\/product_brand?post=44681"},{"taxonomy":"product_cat","embeddable":true,"href":"https:\/\/theseedfair.com\/de\/wp-json\/wp\/v2\/product_cat?post=44681"},{"taxonomy":"product_tag","embeddable":true,"href":"https:\/\/theseedfair.com\/de\/wp-json\/wp\/v2\/product_tag?post=44681"}],"curies":[{"name":"wp","href":"https:\/\/api.w.org\/{rel}","templated":true}]}}