{"id":45056,"date":"2021-11-27T16:33:46","date_gmt":"2021-11-27T16:33:46","guid":{"rendered":"https:\/\/theseedfair.com\/?post_type=product&#038;p=45056"},"modified":"2024-06-12T15:32:58","modified_gmt":"2024-06-12T15:32:58","slug":"black-diamond","status":"publish","type":"product","link":"https:\/\/theseedfair.com\/de\/product\/feminisierte-cannabis-samen\/black-diamond\/","title":{"rendered":"Black Diamond Samen"},"content":{"rendered":"<h2>Black Diamond Samen<\/h2>\n<p>Black Diamond Feminized Cannabis Samen haben eine Mischung aus erdigen, kr\u00e4uterigen und holzigen Aromen, die alle unglaublich angenehm sind. Diese Sorte ist nicht zu stark, sodass sie Ihre Geschmacksknospen nicht \u00fcberw\u00e4ltigt, aber sie ist sp\u00fcrbar. Der Nachgeschmack ist leicht s\u00fc\u00df und wird Ihnen ein gutes Gef\u00fchl geben. Wenn Sie nach einer Sorte suchen, die gro\u00dfartig schmeckt und ein starkes High bietet, dann k\u00f6nnte dies eine perfekte Wahl sein.<\/p>\n<p>Genau wie der Geschmack ist auch der Geruch dieses Weeds herrlich. Sie werden eine Mischung aus Eiche, Kr\u00e4utern und Kiefer erhalten, die Sie perfekt f\u00fchlen l\u00e4sst. Es ist nicht zu stark, sodass es Sie nicht \u00fcberw\u00e4ltigt, aber es ist sp\u00fcrbar. Dies k\u00f6nnte eine gro\u00dfartige Wahl sein, wenn Sie nach einer Sorte suchen, die einen gro\u00dfartigen Geruch und Geschmack hat.<\/p>\n<p>Diese Sorte hat eine Mischung aus Sativa und Indica (50% Sativa\/50% Indica) Genetik, die das perfekte Gleichgewicht bietet. Sie erhalten das Beste aus beiden Welten mit einem intensiven zerebralen High und einem starken K\u00f6rperbuzz. Dies k\u00f6nnte eine gro\u00dfartige Wahl sein, wenn Sie nach einer Sorte suchen die eine gute Mischung von Effekten bietet.<\/p>\n<p>Black Diamond hat einen moderaten CBD- und THC-Gehalt, was es perfekt f\u00fcr diejenigen macht, die nach etwas suchen, das nicht zu stark ist. Sie erhalten eine gute Mischung von Effekten mit dieser Sorte und sie ist ideal f\u00fcr diejenigen, die neu im Marihuana-Konsum sind. Es hat einen THC-Gehalt von 24%, was es potent aber nicht \u00fcberw\u00e4ltigend macht.<\/p>\n<h2>Effekte Unserer Black Diamond Sorte<\/h2>\n<p>Black Diamond Feminized Cannabis Samen sind unglaublich potent und nicht f\u00fcr Anf\u00e4nger geeignet. Wenn Sie neu im Marihuana-Konsum sind, dann m\u00f6chten Sie vielleicht mit etwas anfangen, das ein wenig schw\u00e4cher ist. Diese Sorte hat einen THC-Gehalt von 24%, was sie zu einer der potentesten Sorten auf dem Markt macht. Sie ist perfekt f\u00fcr diejenigen, die nach etwas suchen, das einen heftigen Schlag verpasst.<\/p>\n<p>Diese Sorte ist hervorragend f\u00fcr diejenigen, die nach etwas suchen, das bei Depressionen helfen kann. Das High wird Ihnen ein Gef\u00fchl der Euphorie geben, damit Sie sich perfekt f\u00fchlen. Es ist ideal f\u00fcr diejenigen, die nach etwas suchen, das ihnen hilft, aus einem Tief herauszukommen.<\/p>\n<p>Black Diamond wird Ihnen ein starkes High bieten, aber es k\u00f6nnte Sie weniger hungrig machen. Viele Patienten haben berichtet, dass dieses Weed ihnen geholfen hat, Gewicht zu verlieren, was gro\u00dfartig ist, wenn Sie nach etwas suchen, das dabei hilft, einige zus\u00e4tzliche Kalorien zu verbrennen.<\/p>\n<p>Wenn Sie nach etwas suchen, das bei der Bew\u00e4ltigung chronischer Schmerzen helfen kann, dann k\u00f6nnten Black Diamond Feminized Cannabis Samen eine perfekte Wahl sein. Sie sind ideal f\u00fcr diejenigen, die sich nach einem langen Tag entspannen und zur Ruhe kommen wollen, und diese Sorte ist hervorragend, wenn Sie abschalten und all Ihre Probleme vergessen m\u00f6chten.<\/p>\n<h2>Wie W\u00e4chst Die Black Diamond Sorte?<\/h2>\n<p>Black Diamond Feminized Cannabis Samen sind perfekt f\u00fcr diejenigen, die nach etwas mit mittlerem Schwierigkeitsgrad im Wachstum suchen. Es wird ein bisschen Arbeit erfordern, aber es lohnt sich. Sie m\u00fcssen etwas Erfahrung im Anbau von Marihuana haben, um das Beste aus dieser Sorte herauszuholen.<\/p>\n<p>Diese Sorte gedeiht gut drinnen, drau\u00dfen und im Gew\u00e4chshaus. Sie werden die besten Ergebnisse mit einer Indoor-Anlage erzielen, da Sie die volle Kontrolle \u00fcber alles haben. Dies k\u00f6nnte eine ausgezeichnete Option f\u00fcr diejenigen sein, die nach etwas suchen, das in jeder Umgebung funktioniert.<\/p>\n<p>Black Diamond ist eine kurze Sorte, die zwischen 33 und 66 Zoll gro\u00df werden kann, was unter die Kategorie mittlere H\u00f6he f\u00e4llt. Nat\u00fcrlich werden diese Ma\u00dfe je nach Z\u00fcchter und Wachstumsbedingungen variieren, aber sie geben Ihnen eine allgemeine Vorstellung davon, wie gro\u00df diese Pflanze wird.<\/p>\n<p>Die Bl\u00e4tter dieser Pflanze sind lang und von vielen Haaren bedeckt, was sie perfekt zum Trimmen macht. Sie werden in der Lage sein, alle Bl\u00e4tter mit nur einer Schere abzuschneiden, was Ihre Arbeit wesentlich erleichtert.<\/p>\n<p>Diese Sorte bildet keine m\u00e4nnlichen Bl\u00fcten aus, was bedeutet, dass Sie garantiert alle weiblichen Pflanzen erhalten. Alle Samen werden weiblich sein, sodass Sie sich nie Sorgen um m\u00e4nnliche Pflanzen in Ihrem Garten machen m\u00fcssen.<\/p>\n<p>Black Diamond Feminized Cannabis Samen ben\u00f6tigen etwa 50 bis 60 Tage zum Bl\u00fchen, was eine ziemlich kurze Zeitspanne ist. Sie werden in der Lage sein, Ihre Knospen in nur wenigen Monaten zu ernten.<\/p>\n<p>Diese Sorte kann indoor bis zu 300g\/m\u00b2 produzieren, was einen guten Ertrag darstellt. Sie werden in der Lage sein, viele Knospen von dieser Pflanze zu erhalten, sodass sie perfekt f\u00fcr diejenigen ist, die eine hohe Ausbeute suchen. Outdoor-Ertr\u00e4ge erreichen typischerweise maximal 300 Gramm pro Pflanze, was gut ist.<\/p>\n<h2>Geschichte Der Black Diamond Sorte<\/h2>\n<p>Black Diamond Feminized Cannabis Samen wurden in Nordkalifornien durch die Kreuzung von Blackberry und Diamond OG gez\u00fcchtet. Sie werden das Erbe dieser beiden Sorten in jedem Zug schmecken.<\/p>\n","protected":false},"excerpt":{"rendered":"<p>Black Diamond Feminisiert gl\u00e4nzt nicht nur; es beleuchtet. Es vereint einen 50\/50 Indica\/Sativa-Anteil und 24% THC, was das perfekte Gleichgewicht von Kopf-High und K\u00f6rperentspannung darstellt. Genie\u00dfen Sie die erdige, s\u00fc\u00dfe Symphonie und bereiten Sie sich auf ein High vor, das genau richtig ist \u2013 potent, ausgewogen und unvergesslich.<\/p>\n","protected":false},"featured_media":46772,"comment_status":"open","ping_status":"closed","template":"","meta":{"_acf_changed":false,"_glsr_average":0,"_glsr_ranking":0,"_glsr_reviews":0},"product_brand":[],"product_cat":[62,19,68,33,1161,1610],"product_tag":[],"class_list":{"0":"post-45056","1":"product","2":"type-product","3":"status-publish","4":"has-post-thumbnail","6":"product_cat-cannabis-samen-fuer-anfaenger","7":"product_cat-feminisierte-cannabis-samen","8":"product_cat-hoher-thc-gehalt","9":"product_cat-hybride-cannabis-samen","10":"product_cat-neu","11":"product_cat-photoperiodische-cannabis-samen","13":"first","14":"instock","15":"taxable","16":"shipping-taxable","17":"purchasable","18":"product-type-variable"},"acf":[],"aioseo_notices":[],"_links":{"self":[{"href":"https:\/\/theseedfair.com\/de\/wp-json\/wp\/v2\/product\/45056","targetHints":{"allow":["GET"]}}],"collection":[{"href":"https:\/\/theseedfair.com\/de\/wp-json\/wp\/v2\/product"}],"about":[{"href":"https:\/\/theseedfair.com\/de\/wp-json\/wp\/v2\/types\/product"}],"replies":[{"embeddable":true,"href":"https:\/\/theseedfair.com\/de\/wp-json\/wp\/v2\/comments?post=45056"}],"wp:featuredmedia":[{"embeddable":true,"href":"https:\/\/theseedfair.com\/de\/wp-json\/wp\/v2\/media\/46772"}],"wp:attachment":[{"href":"https:\/\/theseedfair.com\/de\/wp-json\/wp\/v2\/media?parent=45056"}],"wp:term":[{"taxonomy":"product_brand","embeddable":true,"href":"https:\/\/theseedfair.com\/de\/wp-json\/wp\/v2\/product_brand?post=45056"},{"taxonomy":"product_cat","embeddable":true,"href":"https:\/\/theseedfair.com\/de\/wp-json\/wp\/v2\/product_cat?post=45056"},{"taxonomy":"product_tag","embeddable":true,"href":"https:\/\/theseedfair.com\/de\/wp-json\/wp\/v2\/product_tag?post=45056"}],"curies":[{"name":"wp","href":"https:\/\/api.w.org\/{rel}","templated":true}]}}