{"id":47800,"date":"2022-01-21T00:01:37","date_gmt":"2022-01-21T00:01:37","guid":{"rendered":"https:\/\/theseedfair.com\/?post_type=product&#038;p=47800"},"modified":"2024-06-13T08:29:46","modified_gmt":"2024-06-13T08:29:46","slug":"mimosa","status":"publish","type":"product","link":"https:\/\/theseedfair.com\/de\/product\/hoher-thc-gehalt\/mimosa\/","title":{"rendered":"Mimosa Samen"},"content":{"rendered":"<h2>mimosa samen<\/h2>\n<p>der geruch von mimosa feminisierten cannabis-samen wird am besten als zitrusartig, fruchtig und s\u00fc\u00df beschrieben. einige menschen bemerken vielleicht, dass das parf\u00fcm\u00e4hnliche aroma, das es verstr\u00f6mt, einen hauch erdigkeit hat, was es noch schmackhafter macht. und wenn du planst, diese sorte zu verdampfen, dann kommt der geschmack auch mit einigen holzigen untert\u00f6nen.<\/p>\n<p>wenn du diese sorte verwendest, wird der geruch beerenartig, erdig und s\u00e4uerlich sein. einige menschen k\u00f6nnen dort m\u00f6glicherweise auch zitrusnoten entdecken, die es noch aromatischer machen. und wenn du dieses gras verdampfst, kommt der geschmack mit einigen blumigen untert\u00f6nen. erwarte ein intensives zerebrales high, das viel energie bringt.<\/p>\n<p>mit 70% indica \/ 30% sativa ist die sorte \u00fcberwiegend indikativ, enth\u00e4lt jedoch gen\u00fcgend sativa, um dir morgens einen zus\u00e4tzlichen kick zu geben, wenn du dich benommen f\u00fchlst. daher versetzt dich dieses gras in einen zustand der euphorie, auch wenn du nicht genug geschlafen hast, was f\u00fcr einige menschen deprimierend sein kann. beachte jedoch, dass das terpenprofil bei dieser sorte je nach herkunft variieren kann, sodass die wirkungen leicht unterschiedlich sein k\u00f6nnen.<\/p>\n<p>obwohl die sorte ziemlich sedierend ist, tr\u00e4gt sie immer noch einen hohen <a href=\"https:\/\/en.wikipedia.org\/wiki\/Tetrahydrocannabinol\" rel=\"nofollow\">thc<\/a>-gehalt von 27%, was dir eine anregende wirkung verleihen wird. das bedeutet, dass wenn du m\u00fcde bist, dieses gras dir hilft, dich viel energischer zu f\u00fchlen, was es ideal f\u00fcr tage macht, an denen du wach bleiben musst und dich mit allerlei l\u00e4stigen dingen auseinandersetzen musst.<\/p>\n<h2>wirkungen unserer mimosa-sorte<\/h2>\n<p>wenn du ein anf\u00e4ngerraucher bist, k\u00f6nnte das zu viel f\u00fcr dich sein. aber wenn du schon eine weile gras rauchst und die sache ein bisschen aufpeppen m\u00f6chtest, dann sollte dies eine gute wahl sein. stelle einfach sicher, dass du nicht zu viel rauchst; andernfalls ist es leicht, sich von diesen starken wirkungen mitrei\u00dfen zu lassen, was zu paranoia f\u00fchren kann.<\/p>\n<p>dieses gras wirkt schnell und bringt dich innerhalb weniger minuten in die wolken. die wirkungen waren intensiv, aber nicht so intensiv, dass es unangenehm wurde.<\/p>\n<p>die zerebralen wirkungen der mimosa feminisierten cannabis-samen sind kraftvoll und k\u00f6nnten dich dazu bringen, mit all dieser energie etwas zu tun. du f\u00fchlst dich fokussiert und bereit, alles zu bew\u00e4ltigen, was auf dich zukommt. es ist perfekt, wenn du irgendwohin musst oder irgendetwas im haus erledigen musst, da du viel motivation haben wirst.<\/p>\n<p>mimosa feminisierte cannabis-samen helfen bei der schmerzlinderung ohne ein starkes lethargisches gef\u00fchl. viele sorten, die zur schmerzlinderung verwendet werden, k\u00f6nnen raucher m\u00fcde und benommen machen, aber die mimosa-marihuana-sorte hat den gegenteiligen effekt. es bietet einen subtilen energieschub, der hilft, die konzentration und klarheit zu erh\u00f6hen, wodurch es einfacher wird, diese l\u00e4stigen schmerzen zu bew\u00e4ltigen.<\/p>\n<p>diese sorte hat mehrere auszeichnungen f\u00fcr ihr gl\u00fcckliches, erhebendes high gewonnen. sobald du loslegst, wirst du sofort ein intensives zerebrales kopf-high versp\u00fcren, das dich kichern und euphorisch f\u00fchlen l\u00e4sst. es ist fast so, als ob deine stimmung aufgrund des gl\u00fccks erh\u00f6ht wird, das es bringt.<\/p>\n<p>wenn du nach etwas suchst, das dir bei der entspannung hilft, dann ist die mimosa-marihuana-sorte feminisiert eine gute wahl. sie hat eine starke entspannende wirkung auf den k\u00f6rper und den geist, was sie perfekt f\u00fcr diejenigen macht, die gestresst sind. nat\u00fcrlich kann es, wenn du schon lange rauchst, dich m\u00fcder f\u00fchlen lassen. stelle also sicher, dass du nach dem rauchen dieser speziellen sorte nicht f\u00e4hrst oder etwas tust, das viel konzentration erfordert.<\/p>\n<h2>wie w\u00e4chst die mimosa-sorte?<\/h2>\n<p>mimosa feminisierte cannabis-samen erfordern mittlere anbaukenntnisse und durchschnittliche widerstandsf\u00e4higkeit. es ist einfach zu z\u00fcchten, erfordert jedoch etwas \u00fcbung, um diese ergebnisse zu erzielen, welche deine freunde beeindrucken werden. mimosa ist resistent gegen krankheiten und macht es den z\u00fcchtern einfach. sie w\u00e4chst gut in fast jeder umgebung, was nicht \u00fcberraschend ist, da diese sorte sehr beliebt ist.<\/p>\n<p>die weiblichen bl\u00fcten dieser pflanze sind tendenziell dichter und harziger. keine m\u00e4nnchen hier. wenn du einen zugriff auf dieses gras hast, wirst du sch\u00e4tzen, wie lange es halten wird. du kannst diese sorte auch zur herstellung von hasch verwenden, wenn du auf so etwas stehst.<\/p>\n<p>lass dich nicht t\u00e4uschen, wie schnell diese sorte w\u00e4chst. es dauert insgesamt 9 wochen, bis sie erntereif ist. da diese sorte so schnell w\u00e4chst, ist es sehr einfach, in k\u00fcrzester zeit an einige mimosa-marihuana-samen feminisiert zu gelangen.<\/p>\n<p>im freien anbaue malst du bei 550 gramm pro quadratmeter, w\u00e4hrend der ertrag im inneren etwas niedriger bei 400 gramm pro quadratmeter liegt. outdoor-z\u00fcchter k\u00f6nnen mitte oktober ernten, w\u00e4hrend indoor-z\u00fcchter ihre erste ernte bis anfang oktober haben werden.<\/p>\n<h2>geschichte der mimosa-sorte<\/h2>\n<p>mimosa feminisierte cannabis-samen sind sativa-dominante hybridsorten (70% sativa, 30% indica), die durch die mischung der sativa\u00a0clementine und der indica purple punch entstehen. die attraktivit\u00e4t von mimosa ist seit ihrem debut auf dem cannabis-markt im jahr 2017 gestiegen, und mimosa war 2018 zweiter in der sativa-kategorie.<\/p>\n","protected":false},"excerpt":{"rendered":"<p>aufwachen und den zitrusduft von mimosa feminisiert riechen. 27% thc-weckruf, der den kaffee neidisch macht. mit einem 70\/30-indica\/sativa-verh\u00e4ltnis ist es die art von buzz, die dich high und nicht m\u00fcde macht.<\/p>\n","protected":false},"featured_media":47808,"comment_status":"open","ping_status":"closed","template":"","meta":{"_acf_changed":false,"_glsr_average":0,"_glsr_ranking":0,"_glsr_reviews":0},"product_brand":[],"product_cat":[62,19,68,33,1161,1610],"product_tag":[],"class_list":{"0":"post-47800","1":"product","2":"type-product","3":"status-publish","4":"has-post-thumbnail","6":"product_cat-cannabis-samen-fuer-anfaenger","7":"product_cat-feminisierte-cannabis-samen","8":"product_cat-hoher-thc-gehalt","9":"product_cat-hybride-cannabis-samen","10":"product_cat-neu","11":"product_cat-photoperiodische-cannabis-samen","13":"first","14":"instock","15":"taxable","16":"shipping-taxable","17":"purchasable","18":"product-type-variable"},"acf":[],"aioseo_notices":[],"_links":{"self":[{"href":"https:\/\/theseedfair.com\/de\/wp-json\/wp\/v2\/product\/47800","targetHints":{"allow":["GET"]}}],"collection":[{"href":"https:\/\/theseedfair.com\/de\/wp-json\/wp\/v2\/product"}],"about":[{"href":"https:\/\/theseedfair.com\/de\/wp-json\/wp\/v2\/types\/product"}],"replies":[{"embeddable":true,"href":"https:\/\/theseedfair.com\/de\/wp-json\/wp\/v2\/comments?post=47800"}],"wp:featuredmedia":[{"embeddable":true,"href":"https:\/\/theseedfair.com\/de\/wp-json\/wp\/v2\/media\/47808"}],"wp:attachment":[{"href":"https:\/\/theseedfair.com\/de\/wp-json\/wp\/v2\/media?parent=47800"}],"wp:term":[{"taxonomy":"product_brand","embeddable":true,"href":"https:\/\/theseedfair.com\/de\/wp-json\/wp\/v2\/product_brand?post=47800"},{"taxonomy":"product_cat","embeddable":true,"href":"https:\/\/theseedfair.com\/de\/wp-json\/wp\/v2\/product_cat?post=47800"},{"taxonomy":"product_tag","embeddable":true,"href":"https:\/\/theseedfair.com\/de\/wp-json\/wp\/v2\/product_tag?post=47800"}],"curies":[{"name":"wp","href":"https:\/\/api.w.org\/{rel}","templated":true}]}}