{"id":56392,"date":"2022-05-13T23:35:17","date_gmt":"2022-05-13T23:35:17","guid":{"rendered":"https:\/\/theseedfair.com\/?post_type=product&#038;p=56392"},"modified":"2024-06-13T08:37:06","modified_gmt":"2024-06-13T08:37:06","slug":"vietnamese-black","status":"publish","type":"product","link":"https:\/\/theseedfair.com\/de\/product\/hoher-thc-gehalt\/vietnamese-black\/","title":{"rendered":"Vietnamese Black Samen"},"content":{"rendered":"<h2>Vietnamese Black Samen<\/h2>\n<p>Vietnamese Black feminisierte Cannabissamen haben definitiv eine erdige Seite mit einem Hauch von S\u00fc\u00dfe, wenn es um den Geschmack geht. Das erste, was Sie bemerken werden, ist der w\u00fcrzige Geschmack, gefolgt von dem erdigen Geschmack. Und beim Ausatmen wird der s\u00fc\u00dfe Geschmack deutlicher. Dies ist eine angenehme Sorte zum Rauchen und perfekt f\u00fcr diejenigen, die erdig schmeckendes Weed wie guten alten Wein genie\u00dfen.<\/p>\n<p>Sobald Sie das Glas \u00f6ffnen, werden Sie vom Aroma frisch gebackener Kekse getroffen. Dies ist ein entz\u00fcckender Geruch und eine der einzigartigen Aromen. Der Keksduft wird schnell von einem Hauch von Erdigkeit gefolgt, was das Aroma perfekt abrundet.<\/p>\n<p>Diese Sorte hat eine Schlagkraft mit einem THC-Gehalt von 25%. Das ist ziemlich hoch f\u00fcr eine Sativa-dominante Sorte, was sich in den Effekten zeigt.\u00c2 Dies ist eine reine Sativa-Sorte, die zu 100% aus Genetik besteht. Wenn Sie also nach einer Sorte suchen, die Ihnen ein starkes High gibt, ist dies die richtige.<\/p>\n<h2>Effekte von Vietnamese Black feminisierten Cannabissamen<\/h2>\n<p>Diese Sorte ist nichts f\u00fcr Anf\u00e4nger. Der hohe THC-Gehalt macht es ein wenig zu viel f\u00fcr diejenigen, die neu im Weedrauchen sind. Wenn Sie nach einer Sorte suchen, die eher f\u00fcr Anf\u00e4nger geeignet ist, sehen Sie sich einige unserer anderen Optionen an. Aber wenn Sie ein starker Stoner sind und nach einem starken Weed suchen, ist dies das Richtige f\u00fcr Sie.<\/p>\n<p>Die Wirkung dieser Sorte h\u00e4lt schnell an und erreicht ihren H\u00f6hepunkt innerhalb der ersten 30 Minuten. Danach werden Sie die Effekte in den n\u00e4chsten 2 Stunden allm\u00e4hlich abklingen f\u00fchlen. Das High ist ziemlich lang anhaltend und es ist perfekt f\u00fcr diejenigen, die den ganzen Tag Weed rauchen wollen.<\/p>\n<p>Die Effekte dieser Sorte sind ziemlich ausgewogen. Sie werden ein tolles euphorisches High versp\u00fcren, das perfekt f\u00fcr kreative Unternehmungen ist. Sie werden auch ein Kribbeln im ganzen K\u00f6rper sp\u00fcren und m\u00f6glicherweise Appetit bekommen. Die energetischen Effekte dieser Sorte machen sie perfekt f\u00fcr den Tagesgebrauch und die faulen Effekte machen sie ideal f\u00fcr Tage, an denen man nur entspannen m\u00f6chte.<\/p>\n<p>Diese Sorte ist gro\u00dfartig f\u00fcr diejenigen, die Aufmerksamkeitsdefizite haben. Der hohe THC-Gehalt kann helfen, die Konzentration und das Fokussieren zu verbessern. Diese Sorte kann auch helfen, Migr\u00e4ne, Arthritis und chronische M\u00fcdigkeit zu lindern.<\/p>\n<h2>Wie wachsen Vietnamese Black feminisierte Cannabissamen?<\/h2>\n<p>Die Vietnamese Black Cannabissorte ist eine ausgezeichnete Sorte f\u00fcr diejenigen mit mittleren Anbaukenntnissen. Der durchschnittliche Widerstand macht den Anbau einfach und der hohe Ertrag lohnt sich. Sie gedeiht besonders gut in Innenr\u00e4umen in einer kontrollierten Umgebung. Im Freien erfordert sie eine hei\u00dfe und feuchte Umgebung wie das Mittelmeerklima. Sie m\u00fcssen auch zus\u00e4tzliche Sorgfalt walten lassen, um Sch\u00e4dlinge im Freien zu kontrollieren.<\/p>\n<p>Die Vietnamese Black feminisierten Samen sind eine aufregende Mischung aus Farben. Der lila-braune Farbton ist einzigartig und die blau-gr\u00fcne Farbe ist ebenso sch\u00f6n. Die Knospen dieser Sorte sind sch\u00f6n. Sie haben eine tiefgr\u00fcne Farbe mit rostfarbenen Haaren und wei\u00dfen Trichomen. Die Textur ist auch wirklich flockig, was sie zu einer Freude zu ber\u00fchren macht. Die Pflanzenh\u00f6he ist f\u00fcr eine Sativa-dominante Sorte ziemlich durchschnittlich. Sie kann in Innenr\u00e4umen etwa 3 Fu\u00df hoch und im Freien etwa 5 Fu\u00df hoch werden.<\/p>\n<p>Die feminisierten Bl\u00fcten sind perfekt f\u00fcr Anf\u00e4nger und rauchbare Bl\u00fcten. Es gibt keine m\u00e4nnlichen Pflanzen, sodass Sie sich keine Sorgen machen m\u00fcssen, dass sie Platz in Ihrem Anbauraum einnehmen. Der hohe Ertrag lohnt sich. Diese Samen k\u00f6nnen bis zu 16 Wochen dauern, bevor eine vollst\u00e4ndige Ernte bereit ist. Aber das Warten lohnt sich. Diese Sorte hat einen hohen Ertrag und die Knospen sind wundersch\u00f6n.<\/p>\n<p>Die Vietnamese Black feminisierte Cannabissorte ist eine photoperiodische Bl\u00fchpflanze. Dies bedeutet, dass sie Lichtanpassungen ben\u00f6tigt, um richtig zu bl\u00fchen. Dies ist jedoch keine schwierige Aufgabe und die Ergebnisse lohnen sich. Diese Sorte kann in Innenr\u00e4umen bis zu 500 Gramm pro Quadratmeter erzielen. Im Freien kann sie bis zu 1000 Gramm pro Pflanze erzielen. Der hohe Ertrag lohnt sich definitiv.<\/p>\n<h2>Geschichte der Vietnamese Black feminisierten Cannabissamen<\/h2>\n<p>Vietnamese Black Samen sind eine Art Cannabissamen, die aus Vietnam stammen. Einige ihrer Nachkommen sind Banana Bread und Willie Nelson. Diese Samen sind bekannt f\u00fcr ihren hohen THC-Gehalt und sind sehr einfach anzubauen. Sie produzieren dichte, harzige Knospen, die ein tiefes, erdiges Aroma haben. Vietnamese Black Cannabissamen sind perfekt f\u00fcr diejenigen, die hochwertiges Cannabis\u00f6l oder Konzentrate herstellen m\u00f6chten.<\/p>\n","protected":false},"excerpt":{"rendered":"<p>Stellen Sie sich vor, Ihr Garten w\u00fcrde nebenbei als B\u00e4ckerei arbeiten, die sich auf erdigen Keksteig spezialisiert hat \u2013 das sind vietnamesische schwarze feminisierte f\u00fcr Sie. Mit 25% THC ist sie nicht nur eine Pflanze, sondern ein Teppichflug f\u00fcr die Furchtlosen und ein Marathon f\u00fcr die Hei\u00dfhungerattacken.<\/p>\n","protected":false},"featured_media":57498,"comment_status":"open","ping_status":"closed","template":"","meta":{"_acf_changed":false,"_glsr_average":0,"_glsr_ranking":0,"_glsr_reviews":0},"product_brand":[],"product_cat":[3365,62,19,68,1161,1610,21],"product_tag":[],"class_list":{"0":"post-56392","1":"product","2":"type-product","3":"status-publish","4":"has-post-thumbnail","6":"product_cat-beste-cannabis-samen","7":"product_cat-cannabis-samen-fuer-anfaenger","8":"product_cat-feminisierte-cannabis-samen","9":"product_cat-hoher-thc-gehalt","10":"product_cat-neu","11":"product_cat-photoperiodische-cannabis-samen","12":"product_cat-cannabis-sativa-samen","14":"first","15":"instock","16":"taxable","17":"shipping-taxable","18":"purchasable","19":"product-type-variable"},"acf":[],"aioseo_notices":[],"_links":{"self":[{"href":"https:\/\/theseedfair.com\/de\/wp-json\/wp\/v2\/product\/56392","targetHints":{"allow":["GET"]}}],"collection":[{"href":"https:\/\/theseedfair.com\/de\/wp-json\/wp\/v2\/product"}],"about":[{"href":"https:\/\/theseedfair.com\/de\/wp-json\/wp\/v2\/types\/product"}],"replies":[{"embeddable":true,"href":"https:\/\/theseedfair.com\/de\/wp-json\/wp\/v2\/comments?post=56392"}],"wp:featuredmedia":[{"embeddable":true,"href":"https:\/\/theseedfair.com\/de\/wp-json\/wp\/v2\/media\/57498"}],"wp:attachment":[{"href":"https:\/\/theseedfair.com\/de\/wp-json\/wp\/v2\/media?parent=56392"}],"wp:term":[{"taxonomy":"product_brand","embeddable":true,"href":"https:\/\/theseedfair.com\/de\/wp-json\/wp\/v2\/product_brand?post=56392"},{"taxonomy":"product_cat","embeddable":true,"href":"https:\/\/theseedfair.com\/de\/wp-json\/wp\/v2\/product_cat?post=56392"},{"taxonomy":"product_tag","embeddable":true,"href":"https:\/\/theseedfair.com\/de\/wp-json\/wp\/v2\/product_tag?post=56392"}],"curies":[{"name":"wp","href":"https:\/\/api.w.org\/{rel}","templated":true}]}}