{"id":57096,"date":"2022-05-17T18:24:07","date_gmt":"2022-05-17T18:24:07","guid":{"rendered":"https:\/\/theseedfair.com\/?post_type=product&#038;p=57096"},"modified":"2024-06-12T16:42:04","modified_gmt":"2024-06-12T16:42:04","slug":"lemon-tree","status":"publish","type":"product","link":"https:\/\/theseedfair.com\/de\/product\/feminisierte-cannabis-samen\/lemon-tree\/","title":{"rendered":"Lemon Tree Samen"},"content":{"rendered":"<h2>Lemon Tree Samen<\/h2>\n<p>Lemon Tree Feminisierten Marihuanasamen haben einen gro\u00dfartigen Geschmack, der eine k\u00f6stliche Balance zwischen s\u00fc\u00df und sauer darstellt. Die Zitrone kommt zuerst durch, gefolgt von dem kiefernhaltigen Nachgeschmack. Es ist definitiv ein erworbener Geschmack, aber wenn Sie zitronige Geschm\u00e4cker m\u00f6gen, dann lohnt sich dieser auf jeden Fall! Die s\u00fc\u00dfen Noten helfen, die Sch\u00e4rfe abzuschw\u00e4chen und machen es viel angenehmer.<\/p>\n<p>Denken Sie daran, dass Sie an frischen Zitronen schnuppern mit einem Hauch von Kiefer im Hintergrund, und das ist ungef\u00e4hr das, was Sie bekommen werden, wenn Sie an dieser Sorte riechen. Ihr Aroma ist unglaublich durchdringend und kann leicht einen Raum f\u00fcllen. Wenn Sie sich Sorgen machen, zu auff\u00e4llig zu sein, dann ist dies m\u00f6glicherweise nicht die beste Wahl f\u00fcr Sie.<\/p>\n<p>Mit einer nahezu gleichen Aufteilung von 55% Indica und 45% Sativa bietet diese Sorte ein ausgewogenes High, das perfekt ist, wenn Sie sich entspannen m\u00f6chten, ohne zu sediert zu sein. Wenn Sie eine starke Sorte suchen, m\u00fcssen Sie nicht weiter suchen als Lemon Tree Feminisierten Marihuanasamen. Mit einem THC-Gehalt von 24% ist dieses Gras nichts f\u00fcr schwache Herzen und sollte nur von erfahrenen Rauchern konsumiert werden. Der Rausch ist unglaublich stark und kann leicht unerfahrene Raucher \u00fcberw\u00e4ltigen, seien Sie also vorsichtig, wenn Sie diese Sorte ausprobieren m\u00f6chten.<\/p>\n<h2>Wirkungen von Lemon Tree Feminisierten Marihuanasamen<\/h2>\n<p>Die Wirkungen von Lemon Tree Feminisierten Marihuanasamen halten typischerweise etwa 2 Stunden an. Der Rausch beginnt mit einer zerebralen Wirkung, die am Hinterkopf sp\u00fcrbar ist und langsam den K\u00f6rper hinunterzieht. Dies wird von einem starken Gef\u00fchl der Entspannung gefolgt, das Sie gl\u00fccklich und in guter Stimmung hinterl\u00e4sst. Die Wirkung wird dann nach ein paar Stunden nachlassen und Sie m\u00f6glicherweise sediert und an die Couch gefesselt zur\u00fccklassen.<\/p>\n<p>Da die Wirkungen dieser Sorte ziemlich sedierend sein k\u00f6nnen, ist es am besten, sie abends oder am Wochenende zu rauchen, wenn Sie nichts Wichtiges zu tun haben. Die Couch-locking Wirkungen machen es perfekt, wenn Sie sich entspannen und einen Film schauen oder ein Nickerchen machen m\u00f6chten.<\/p>\n<p>Lemon Tree Feminisierten Marihuanasamen sind perfekt, wenn Sie sich entspannen und abschalten m\u00f6chten. Die starken Wirkungen k\u00f6nnen leicht helfen, jeden Stress oder jede Angst, die Sie m\u00f6glicherweise sp\u00fcren, zu lindern. Diese Sorte ist auch ideal f\u00fcr diejenigen, die unter chronischen Schmerzen wie Arthritis oder Migr\u00e4ne leiden.<\/p>\n<h2>Wie wachsen Lemon Tree Feminisierten Marihuanasamen?<\/h2>\n<p>Anf\u00e4nger, hier ist euer neuer bester Freund. Mit einer geringen Schwierigkeit im Anbau sind diese feminisierten Marihuanasamen perfekt f\u00fcr diejenigen, die sich im Anbau von Gras versuchen m\u00f6chten, ohne sich zu viel Sorgen machen zu m\u00fcssen. Die Pflanzen sind auch resistent gegen Schimmel, Sch\u00e4dlinge und Krankheiten, was sie pflegeleicht macht.<\/p>\n<p>Lemon Tree Feminisierten Marihuanasamen wachsen am besten in kontrollierten Klimazonen wie Anbaur\u00e4umen und Gew\u00e4chsh\u00e4usern. Sie k\u00f6nnen auch im Freien in gem\u00e4\u00dfigten oder kontinentalen Klimazonen angebaut werden. Allerdings m\u00fcssen sie vor der Sonne gesch\u00fctzt werden, wenn Sie in einem sonnigen oder mediterranen Klima leben.<\/p>\n<p>Die Pflanzen k\u00f6nnen sehr gro\u00df werden, daher m\u00fcssen Sie eine H\u00f6henbegrenzung vornehmen, wenn Sie nicht m\u00f6chten, dass sie Ihren Anbauraum oder Garten \u00fcbernehmen. F\u00fcr Innenanbauer wird Topping und Training empfohlen. Die Bl\u00e4tter sind dunkelgr\u00fcn mit einem Hauch von Gelb. Die Bl\u00fcten sind ebenfalls dunkelgr\u00fcn und mit Trichomen bedeckt. Aus der Ferne sehen sie fast so aus, als w\u00e4ren sie mit Frost bedeckt.<\/p>\n<p>Wie der Name schon sagt, werden diese feminisierten Marihuanasamen nur weibliche Pflanzen produzieren. Dies ist gro\u00dfartig f\u00fcr Z\u00fcchter, die sich nicht mit m\u00e4nnlichen Pflanzen herumschlagen m\u00f6chten, da diese Platz beanspruchen und wertvolle Ressourcen nutzen k\u00f6nnen, ohne Knospen zu produzieren. Die von den Weibchen produzierten Bl\u00fcten sind unglaublich potent und rauchbar.<\/p>\n<p>Sie wissen, dass Sie Ihren Pflanzen einen Lichtzyklus von 12 Stunden Licht und 12 Stunden Dunkelheit geben m\u00fcssen, um sie zur Bl\u00fcte zu bringen. M\u00f6glicherweise m\u00fcssen Sie den Lichtzyklus jedoch leicht anpassen, um die besten Ergebnisse zu erzielen.<\/p>\n<p>Sie k\u00f6nnen eine k\u00fcrzere Bl\u00fctezeit von etwa 60 Tagen erwarten, wenn Sie in einer kontrollierten Umgebung anbauen. Wenn Sie jedoch im Freien anbauen, m\u00fcssen Sie bis zum Ende der Saison warten, bis Ihre Pflanzen bereit sind. Diese Sorte ist jedoch die Wartezeit wert, da die Knospen unglaublich potent und mit Trichomen bedeckt sind.<\/p>\n<p>Was k\u00f6nnen Sie also in Bezug auf den Ertrag erwarten? Wenn Sie drinnen anbauen, k\u00f6nnen Sie einen zufriedenstellenden Ertrag von 12-18 Unzen pro Quadratmeter erwarten. Wenn Sie im Freien anbauen, k\u00f6nnen Sie bis zu 18 Unzen pro Pflanze erwarten.<\/p>\n<h2>Geschichte der Lemon Tree Feminisierten Marihuanasamen<\/h2>\n<p>Diese feminisierten Marihuanasamen wurden durch die Kreuzung von Lemon Skunk mit Sour Diesel gez\u00fcchtet. Das Ergebnis ist eine potente Sorte, die das Beste aus beiden Welten hat. Die Knospen sind unglaublich durchdringend und haben einen Zitronengeschmack mit Ankl\u00e4ngen von Diesel.<\/p>\n","protected":false},"excerpt":{"rendered":"<div>Zitronenbaum: AAAA H\u00f6chste Qualit\u00e4tsbewertung f\u00fcr Ihre Sammlung<\/div>\n<div><\/div>\n<div>Kostenloser Versand bei Bestellungen \u00fcber 99 US-Dollar. Versand in die USA und Kanada.<\/div>\n<div><\/div>\n<div>Erhalten Sie 4 kostenlose Samen zu Ihrer Bestellung, wenn Sie per Venmo, Zelle oder E-Transfer bezahlen.<\/div>\n","protected":false},"featured_media":57402,"comment_status":"open","ping_status":"closed","template":"","meta":{"_acf_changed":false,"_glsr_average":0,"_glsr_ranking":0,"_glsr_reviews":0},"product_brand":[],"product_cat":[62,19,68,30,1161,1610],"product_tag":[],"class_list":{"0":"post-57096","1":"product","2":"type-product","3":"status-publish","4":"has-post-thumbnail","6":"product_cat-cannabis-samen-fuer-anfaenger","7":"product_cat-feminisierte-cannabis-samen","8":"product_cat-hoher-thc-gehalt","9":"product_cat-indica-cannabis-samen","10":"product_cat-neu","11":"product_cat-photoperiodische-cannabis-samen","13":"first","14":"instock","15":"taxable","16":"shipping-taxable","17":"purchasable","18":"product-type-variable"},"acf":[],"aioseo_notices":[],"_links":{"self":[{"href":"https:\/\/theseedfair.com\/de\/wp-json\/wp\/v2\/product\/57096","targetHints":{"allow":["GET"]}}],"collection":[{"href":"https:\/\/theseedfair.com\/de\/wp-json\/wp\/v2\/product"}],"about":[{"href":"https:\/\/theseedfair.com\/de\/wp-json\/wp\/v2\/types\/product"}],"replies":[{"embeddable":true,"href":"https:\/\/theseedfair.com\/de\/wp-json\/wp\/v2\/comments?post=57096"}],"wp:featuredmedia":[{"embeddable":true,"href":"https:\/\/theseedfair.com\/de\/wp-json\/wp\/v2\/media\/57402"}],"wp:attachment":[{"href":"https:\/\/theseedfair.com\/de\/wp-json\/wp\/v2\/media?parent=57096"}],"wp:term":[{"taxonomy":"product_brand","embeddable":true,"href":"https:\/\/theseedfair.com\/de\/wp-json\/wp\/v2\/product_brand?post=57096"},{"taxonomy":"product_cat","embeddable":true,"href":"https:\/\/theseedfair.com\/de\/wp-json\/wp\/v2\/product_cat?post=57096"},{"taxonomy":"product_tag","embeddable":true,"href":"https:\/\/theseedfair.com\/de\/wp-json\/wp\/v2\/product_tag?post=57096"}],"curies":[{"name":"wp","href":"https:\/\/api.w.org\/{rel}","templated":true}]}}