{"id":57101,"date":"2022-05-17T18:28:27","date_gmt":"2022-05-17T18:28:27","guid":{"rendered":"https:\/\/theseedfair.com\/?post_type=product&#038;p=57101"},"modified":"2024-06-12T17:24:15","modified_gmt":"2024-06-12T17:24:15","slug":"tropicana-cherry","status":"publish","type":"product","link":"https:\/\/theseedfair.com\/de\/product\/feminisierte-cannabis-samen\/tropicana-cherry\/","title":{"rendered":"Tropicana Cherry Samen"},"content":{"rendered":"<h2>Tropicana Cherry Samen<\/h2>\n<p>Tropicana ist einer der schmackhaftesten Fruchts\u00e4fte. Tropicana Cherry Feminisierte Cannabissamen schmecken wie Tropicana, mit reifen Kirschen und erdiger Nussigkeit. Der super intensive Geschmack macht es einzigartig und angenehm zu rauchen!<\/p>\n<p>Das starke Aroma dieses Weeds erreicht Ihren Gaumen, bevor Sie den warmen Geschmack sp\u00fcren. Kirsche und s\u00fc\u00df-saures Zitrus werden Sie bei Ihrem ersten Zug begeistern! Beim Ausatmen hinterlassen saure und nussige Aromen das Verlangen nach mehr!<\/p>\n<p>Und was die Effekte betrifft, hier gl\u00e4nzt es. Mit einem Verh\u00e4ltnis von 40% Indica und 60% Sativa ist es die perfekte Balance zwischen Entspannung und mentaler Stimulation. Das THC-Level ist ebenfalls massiv bei 21%, was es zu einem der st\u00e4rksten St\u00e4mme macht, die es gibt!<\/p>\n<p>Dieser Tropicana Cherry Stamm ist nichts f\u00fcr Anf\u00e4nger. Wenn Sie neu beim Weed-Rauchen sind, sollten Sie sich von diesem fernhalten, da es wahrscheinlich zu stark f\u00fcr Sie sein wird. Selbst wenn Sie ein erfahrener Raucher sind, sollten Sie diese Sorte vorsichtig rauchen, da sie Sie leicht \u00fcberw\u00e4ltigen kann, wenn Sie nicht vorsichtig sind!<\/p>\n<h2>Wer hat die Tropicana Cherry femisierten Cannabissamen geschaffen?<\/h2>\n<p>Relentless Genetics musste eine Vielzahl von Samen durchsuchen, um diesen einzigartigen Z\u00fcchterschnitt zu finden.<\/p>\n<p>Cannabispflanzen der Sorten Tropicana Cookies und Cherry Cookies wurden zusammen gez\u00fcchtet, um die feminisierten Samen zu produzieren, die als Tropicana Cherry bekannt sind. Der unglaubliche Geschmack, das Aroma und die Effekte, die sie besitzt, sind direkt das Ergebnis dieser beiden Kraftpakete.<\/p>\n<p>Dieser Stamm hat zahlreiche Auszeichnungen gewonnen, darunter den zweiten Platz in der Hybrid-Kategorie bei der THC Classic und den ersten Platz in der Hybrid-Kategorie bei der People&#8217;s Choice Edition des High Times Cannabis Cups Michigan.<\/p>\n<h2>Effekte der Tropicana Cherry femisierten Cannabissamen<\/h2>\n<p>Die Tropicana Cherry Feminisierte Cannabissamen haben einen starken cerebralen Einfluss, der im hinteren Teil des Gehirns beginnt und sich bis in den K\u00f6rper ausbreitet. Dieser Rausch kann Sie gl\u00fccklich machen. Aufgrund seines Buzzs halten die Effekte dieses Weeds 3 Stunden, bevor sie nachlassen.<\/p>\n<p>Dieser Stamm hat hervorragende Vorteile. Es ist inspirierend, fantasievoll und intelligent. Es hebt Ihre Stimmung und verleiht Ihnen Energie. Diese Sorte gibt Ihnen morgens einen gro\u00dfartigen Energieschub und h\u00e4lt den ganzen Tag an. Es h\u00e4lt Ihren Geist in Bewegung, sodass Sie den ganzen Tag lang aktiv sind.<\/p>\n<p>Dieser Stamm hat erstaunliche medizinische Vorteile. Es beruhigt schnell Angst, Depressionen und Spannungen. Es steigert die Energie und hilft bei M\u00fcdigkeit und Stimmungsschwankungen.<\/p>\n<h3>Ist Grand Tropicana Cherry psychoaktiv?<\/h3>\n<p>Da Tropicana Cherry ein Sativa-dominanter Hybridstamm ist, f\u00fchrt das Rauchen dazu, dass Sie sich aufmerksam f\u00fchlen, ohne paranoid oder abwesend zu werden.<\/p>\n<p>Sie werden Ekstase und eine allgemeine Gehirnstimulation erleben, die das Blut durch Ihre Adern pumpen und Ihren Geist von negativen Gedanken befreien wird. Aufgrund seiner erhebenden und angenehmen Effekte und seines starken THC-Gehalts ist Tropicana Cherry eine ausgezeichnete Wahl zur Behandlung von chronischem Stress oder Angstzust\u00e4nden, unberechenbaren Stimmungsschwankungen und chronischer M\u00fcdigkeit.<\/p>\n<h3>Wird Tropicana Cherry CBD Sie high machen?<\/h3>\n<p>Aufgrund des hohen THC-Gehalts im Tropicana Cherry-Stamm werden Sie mit Sicherheit ein Gef\u00fchl der Euphorie und Entspannung erleben.<\/p>\n<p>Ob Sie Hausarbeiten erledigen oder in der Natur wandern, der Rausch, der durch das Rauchen von Tropicana Cherry entsteht, ist belebend, mit fr\u00f6hlichen Effekten und einer angenehmen Stimmung.<\/p>\n<h2>Wie wachsen Tropicana Cherry Feminisierte Cannabissamen?<\/h2>\n<p>Das Wachsen des Tropicana Cherry-Stamms ist nicht schwierig, aber Sie ben\u00f6tigen einige Vorkenntnisse. In Bezug auf die Schwierigkeit ist es ein ziemlich gew\u00f6hnlicher Stamm, also wenn Sie schon andere Cannabispflanzen angebaut haben, sollten Sie in Ordnung sein.<\/p>\n<p>Es ist eine dieser Sorten, die in Anbaur\u00e4umen und Gew\u00e4chsh\u00e4usern gedeihen wird, solange das Klima kontrolliert wird. Es kann auch im Freien in warmen, sonnigen Klimazonen angebaut werden.<\/p>\n<p>Die H\u00f6he dieser Pflanze ist mittel, was sie ideal f\u00fcr Menschen macht, die nicht viel Platz haben.<\/p>\n<p>Suchen Sie nicht weiter als die Tropicana Cherry Feminisierte Cannabissamen f\u00fcr Bl\u00fcten, die herausstechen. Die Bl\u00fcten haben tiefviolette Untert\u00f6ne, leicht bernsteinfarbene Haare und runde waldgr\u00fcne Knospen.<\/p>\n<p>F\u00fcr Erstz\u00fcchter kann die Geschlechtsbestimmung schwierig sein, aber keine Sorge, denn es handelt sich um feminisierte Bl\u00fcten. Die Bl\u00fcten sind aufgrund ihrer Dichte und des hohen THC-Gehalts auch ideal zum Rauchen.<\/p>\n<p>Da es sich um photoperiodische Pflanzen handelt, ben\u00f6tigen sie Lichtanpassungen w\u00e4hrend der Vegetations- und Bl\u00fctezeit. Sie sollten ihnen 18 Stunden Licht w\u00e4hrend der Vegetationsphase und 12 Stunden w\u00e4hrend der Bl\u00fctezeit geben, um die besten Ergebnisse zu erzielen.<\/p>\n<p>Die Tropicana Cherry feminisierten Cannabissamen bl\u00fchen etwa 50-60 Tage, was f\u00fcr eine photoperiodische Sorte ziemlich schnell ist. Nach dem Warten kommt die Belohnung in Form eines erfreulichen Ertrags von 400g\/m2 im Innenbereich und bis zu 400 g\/Pflanze im Freien.<\/p>\n<h2>Medizinische Eigenschaften von Tropicana Cherry CBD<\/h2>\n<p>Viele medizinische Marihuana-Patienten suchen hochTropicana Cherry zur Unterst\u00fctzung bei psychischen Gesundheitsproblemen, da man allgemein glaubt, dass dieser spezielle Stamm wirksam den Geist kl\u00e4ren kann. Das Management von Aufmerksamkeitsdefizit-Hyperaktivit\u00e4tsst\u00f6rung (ADHS) oder Aufmerksamkeitsdefizit-Hyperaktivit\u00e4tsst\u00f6rung (ADHS) kann t\u00e4glich herausfordernd sein. Das Rauchen dieses Buds k\u00f6nnte jedoch von einigen helfen.<\/p>\n<p>Tropicana reduziert generell die Intensit\u00e4t sowohl von emotionalen als auch k\u00f6rperlichen Schmerzen sowie die Symptome von Angst und Depression. Wenn Sie unter Appetitlosigkeit leiden, m\u00f6chten Sie vielleicht vor Ihrer n\u00e4chsten Mahlzeit einen Versuch wagen und sehen, ob er Ihren Appetit stimuliert.<\/p>\n<h2>Was sind die negativen Effekte von Tropicana Cherry Weed?<\/h2>\n<p>Aufgrund der intensiven Aromen dieses Sativa-dominanten Hybridstamms k\u00f6nnten Sie feststellen, dass Sie sehr durstig werden. Viel Wasser zu trinken, w\u00e4hrend Sie rauchen, ist eine gute M\u00f6glichkeit, Dehydration zu verhindern.<\/p>\n<p>Andere Konsumentenberichte sprechen von trockenen Augen, Hunger und Schl\u00e4frigkeit, die bei Marihuana-Rauchern relativ h\u00e4ufig vorkommen. Einige schwerwiegendere Nebenwirkungen sind undeutliche Sprache, schneller Herzschlag, Schwindel und Panikattacken.<\/p>\n<p>Sollten Sie eines dieser Symptome versp\u00fcren, ist es an der Zeit, aufzuh\u00f6ren und zu pr\u00fcfen, ob sie anhalten. Suchen Sie medizinische Hilfe, wenn sie l\u00e4nger als zwei Stunden andauern.<\/p>\n<p>https:\/\/theseedfair.com\/tropicana-cherry-stamm\/<\/p>\n<h3 class=\"accordion_title\">FAQ<\/h3><div class=\"accordion\">\n\t<div id=\"accordion-900905216\" class=\"accordion-item\">\n\t\t<a id=\"accordion-900905216-label\" class=\"accordion-title plain\" href=\"#accordion-item-wie-stark-ist-der-tropicana-cherry-stamm?\" aria-expanded=\"false\" aria-controls=\"accordion-900905216-content\">\n\t\t\t<button class=\"toggle\" aria-label=\"Umschalten\"><i class=\"icon-angle-down\" aria-hidden=\"true\"><\/i><\/button>\n\t\t\t<span>Wie stark ist der Tropicana Cherry Stamm?<\/span>\n\t\t<\/a>\n\t\t<div id=\"accordion-900905216-content\" class=\"accordion-inner\" aria-labelledby=\"accordion-900905216-label\">\n\t\t\t\n<p>Der Tropicana Cherries Stamm kann einen THC-Gehalt von \u00fcber 20 % haben, was ihn sehr stark macht. Aufgrund seiner Intensit\u00e4t wird er neuen Cannabiskonsumenten nicht empfohlen.<\/p>\n\t\t<\/div>\n\t<\/div>\n\t\n\t<div id=\"accordion-4035467248\" class=\"accordion-item\">\n\t\t<a id=\"accordion-4035467248-label\" class=\"accordion-title plain\" href=\"#accordion-item-ist-tropicana-cherry-ein-sativa-oder-indica?\" aria-expanded=\"false\" aria-controls=\"accordion-4035467248-content\">\n\t\t\t<button class=\"toggle\" aria-label=\"Umschalten\"><i class=\"icon-angle-down\" aria-hidden=\"true\"><\/i><\/button>\n\t\t\t<span>Ist Tropicana Cherry ein Sativa oder Indica?<\/span>\n\t\t<\/a>\n\t\t<div id=\"accordion-4035467248-content\" class=\"accordion-inner\" aria-labelledby=\"accordion-4035467248-label\">\n\t\t\t\n<p>Der Tropicana Cherry ist ein Sativa-dominanter Hybridstamm, der Ihnen helle und fr\u00f6hliche Effekte gibt.<\/p>\n\t\t<\/div>\n\t<\/div>\n\t\n\t<div id=\"accordion-2775499126\" class=\"accordion-item\">\n\t\t<a id=\"accordion-2775499126-label\" class=\"accordion-title plain\" href=\"#accordion-item-wonach-riecht-tropicana-cherry-lila?\" aria-expanded=\"false\" aria-controls=\"accordion-2775499126-content\">\n\t\t\t<button class=\"toggle\" aria-label=\"Umschalten\"><i class=\"icon-angle-down\" aria-hidden=\"true\"><\/i><\/button>\n\t\t\t<span>Wonach riecht Tropicana Cherry lila?<\/span>\n\t\t<\/a>\n\t\t<div id=\"accordion-2775499126-content\" class=\"accordion-inner\" aria-labelledby=\"accordion-2775499126-label\">\n\t\t\t\n<p>Der Tropicana Cherry Stamm hat einen sch\u00f6nen erdigen Nussgeruch mit einem scharfen Zitrusakzent. Diese Sorte ist perfekt f\u00fcr Sie, wenn Sie den Geruch von Zitrus- und Orangend\u00fcften lieben.<\/p>\n\t\t<\/div>\n\t<\/div>\n\t\n<\/div>\n","protected":false},"excerpt":{"rendered":"<p>Tropicana Cherry Feminisierte bietet eine Symphonie von Aromen, unterst\u00fctzt durch einen kr\u00e4ftigen THC-Gehalt von 21 %. Mit einer perfekten Mischung aus 40 % Indica und 60 % Sativa verspricht sie ein erhebendes und erdendes Erlebnis. Nicht f\u00fcr schwache Nerven, garantiert dieser Stamm eine unvergessliche Fahrt vom Moment des Einatmens des seidig-glatten Rauchs.<\/p>\n","protected":false},"featured_media":57495,"comment_status":"open","ping_status":"closed","template":"","meta":{"_acf_changed":false,"_glsr_average":0,"_glsr_ranking":0,"_glsr_reviews":0},"product_brand":[],"product_cat":[3365,62,19,68,1161,1610,21],"product_tag":[],"class_list":{"0":"post-57101","1":"product","2":"type-product","3":"status-publish","4":"has-post-thumbnail","6":"product_cat-beste-cannabis-samen","7":"product_cat-cannabis-samen-fuer-anfaenger","8":"product_cat-feminisierte-cannabis-samen","9":"product_cat-hoher-thc-gehalt","10":"product_cat-neu","11":"product_cat-photoperiodische-cannabis-samen","12":"product_cat-cannabis-sativa-samen","14":"first","15":"instock","16":"taxable","17":"shipping-taxable","18":"purchasable","19":"product-type-variable"},"acf":[],"aioseo_notices":[],"_links":{"self":[{"href":"https:\/\/theseedfair.com\/de\/wp-json\/wp\/v2\/product\/57101","targetHints":{"allow":["GET"]}}],"collection":[{"href":"https:\/\/theseedfair.com\/de\/wp-json\/wp\/v2\/product"}],"about":[{"href":"https:\/\/theseedfair.com\/de\/wp-json\/wp\/v2\/types\/product"}],"replies":[{"embeddable":true,"href":"https:\/\/theseedfair.com\/de\/wp-json\/wp\/v2\/comments?post=57101"}],"wp:featuredmedia":[{"embeddable":true,"href":"https:\/\/theseedfair.com\/de\/wp-json\/wp\/v2\/media\/57495"}],"wp:attachment":[{"href":"https:\/\/theseedfair.com\/de\/wp-json\/wp\/v2\/media?parent=57101"}],"wp:term":[{"taxonomy":"product_brand","embeddable":true,"href":"https:\/\/theseedfair.com\/de\/wp-json\/wp\/v2\/product_brand?post=57101"},{"taxonomy":"product_cat","embeddable":true,"href":"https:\/\/theseedfair.com\/de\/wp-json\/wp\/v2\/product_cat?post=57101"},{"taxonomy":"product_tag","embeddable":true,"href":"https:\/\/theseedfair.com\/de\/wp-json\/wp\/v2\/product_tag?post=57101"}],"curies":[{"name":"wp","href":"https:\/\/api.w.org\/{rel}","templated":true}]}}