{"id":58745,"date":"2022-05-27T18:06:31","date_gmt":"2022-05-27T18:06:31","guid":{"rendered":"https:\/\/theseedfair.com\/?post_type=product&#038;p=58745"},"modified":"2024-06-13T08:34:13","modified_gmt":"2024-06-13T08:34:13","slug":"snoop-dogg-og","status":"publish","type":"product","link":"https:\/\/theseedfair.com\/de\/product\/hoher-thc-gehalt\/snoop-dogg-og\/","title":{"rendered":"Snoop Dogg OG Samen"},"content":{"rendered":"<h2>Snoop Dogg OG Samen<\/h2>\n<p>Da sie nach einer der einflussreichsten Personen in der Musikindustrie benannt sind, werden die Snoop Dogg OG Marihuana-Samen den entspannenden, gl\u00fccklichen Vibes, die die Legende selbst mitbringt, gerecht.<\/p>\n<p>F\u00fcr das erstaunliche Gef\u00fchl der hohen k\u00f6rperlichen Sedierung und Euphorie haben wir definitiv seinen THC Gehalt von 28 % zu danken. Die Snoop Dogg Marihuana Samen sind Indica-dominant mit einem Indica-zu-Sativa-Verh\u00e4ltnis von 70 % zu 30 %.<\/p>\n<p>Da Snoop Dogg selbst f\u00fcr einen sehr zitronigen Duft bekannt ist, sah die Cannabis-Community es als nur richtig an, dass Snoop Dogg OG genauso wie er riecht. Dies wurde erreicht, indem Zitronen- und durchdringende Spuren hinzugef\u00fcgt wurden, die den erfrischenden Schuss von Zitrusfr\u00fcchten und erdigem Dieselaroma liefern, was bekannt machte, dass er immer noch ein b\u00f6ser Junge mit Stra\u00dfencredibility ist!<\/p>\n<p>Der Geschmack des Snoop Dogg OG ist nicht weit entfernt von seinem Geschmack, der nach Zitrone und Zitrusfr\u00fcchten mit einem Hauch von Kiefer schmeckt. Es wird dringend empfohlen, Snoop Dogg OG Marihuana w\u00e4hrend der Nachtzeit einzunehmen, aufgrund der hohen Indica-Konzentration. Die Sorte kann jedoch auch tags\u00fcber je nach Vorlieben eingenommen werden.<\/p>\n<h2>Effekte von Snoop Dogg OG Marihuana Samen<\/h2>\n<p>Sobald du den ersten Treffer der Snoop Dogg OG-Sorte nimmst, wird sich ein welliges Gef\u00fchl im ganzen K\u00f6rper ausbreiten, wenn das High einsetzt, und zu sagen, dass dies das beste Gef\u00fchl aller Zeiten ist, muss definitiv eine Untertreibung sein!<\/p>\n<p>Ein paar Momente, oder sollte man sagen, ein paar Hits sp\u00e4ter, wird ein wundersch\u00f6n \u00fcberw\u00e4ltigendes \u201eHigh\u201c einsetzen und ein Gef\u00fchl der Euphorie wird deine Seele entf\u00fchren, bevor du es \u00fcberhaupt bemerkst!<\/p>\n<p>Obwohl es haupts\u00e4chlich f\u00fcr Freizeitzwecke verwendet wird, hat die Sorte auch medizinische Vorteile wie Schmerz- und Linderung f\u00fcr diejenigen, die unter akuten Schmerzen leiden, unter vielen anderen. Es ist auch bekannt f\u00fcr seine starken sedativen Effekte, die wirklich vorteilhaft f\u00fcr Schlaflose sein werden.<\/p>\n<p>Snoop Dogg OG Marihuana Samen regen auch den Appetit an, was sehr n\u00fctzlich f\u00fcr Patienten sein kann, die m\u00f6glicherweise Schwierigkeiten mit ihrem Appetit haben oder an Essst\u00f6rungen leiden.<\/p>\n<h2>Wie man Snoop Dogg OG Marihuana Samen anbaut<\/h2>\n<p>Nachdem man die coole Wirkung (Wortspiel beabsichtigt) geh\u00f6rt hat, die Snoop Dogg OG Marihuana bietet, ist es nur nat\u00fcrlich, dass man seine eigenen Pflanzen anbauen m\u00f6chte, um die Vibes aus erster Hand zu erleben.<\/p>\n<p>Der Anbau dieser Samen w\u00e4re einfacher f\u00fcr diejenigen mit mittlerer Erfahrung im Anbau von Marihuana Samen. Dies bedeutet jedoch nicht, dass der durchschnittliche Mensch nicht auch lernen kann, wie man sie anbaut!<\/p>\n<p>Es ist wichtig zu beachten, dass die Snoop Dogg OG-Pflanze sehr kurz und buschig mit langen minzgr\u00fcnen Bl\u00e4ttern mit schwarzen Flecken darauf wachsen kann. Es ist daher wichtig sicherzustellen, dass die Bl\u00e4tter st\u00e4ndig beschnitten werden, um die Luftzirkulation f\u00fcr das gesunde Wachstum der Knospen zu verbessern.<\/p>\n<p>Der Innenanbau ist perfekt f\u00fcr Indica-Sorten wie die Snoop Dogg OG Marihuana Samen. Wie die meisten anderen Sorten w\u00e4chst Snoop Dogg OG Marihuana im Freien jedoch am besten, sofern die Bedingungen ideal sind.<\/p>\n<p>Marihuana, das im Freien angebaut wird, tendiert dazu, viel besser zu wachsen als das, was drinnen angebaut wird. Der Sonnenschein und die nat\u00fcrlichen Bedingungen im Freien neigen dazu, maximales Wachstum in Marihuana zu f\u00f6rdern.<\/p>\n<p>Es wird jedoch dringend davon abgeraten, Marihuana dort anzubauen, wo es illegal ist. Die Snoop Dogg OG kann sich etwa 6-8 Wochen in der Bl\u00fctephase befinden. Die Zyklen k\u00f6nnen zwischen Innen- und Au\u00dfenanbau variieren.<\/p>\n<p>Wenn du das Beste aus der Snoop Dogg OG feminisierten Samen herausholen m\u00f6chtest, musst du sie in Erde mit ausreichenden Mengen an organischem oder anorganischem D\u00fcnger oder Kompost pflanzen. Durchschnittliche bis \u00fcberdurchschnittliche Ertr\u00e4ge k\u00f6nnen unter solchen Umst\u00e4nden erwartet werden.<\/p>\n<p>Die Luftfeuchtigkeit muss bis zu 50 % gehalten werden, da Indica-Sorten in feuchten und nassen Gebieten nicht wirklich gut gedeihen. Die optimale Temperatur f\u00fcr das Wachstum der Snoop Dogg OG liegt bei 24 bis 30 Grad Celsius (C) oder 75 bis 86 Fahrenheit (F).<\/p>\n<h2>Geschichte der Snoop Dogg OG Marihuana Samen<\/h2>\n<p>Wie bereits erw\u00e4hnt, wurden die feminisierten Marihuana Samen nach der Hip-Hop-Legende Snoop Dogg benannt, ebenso wie die D\u00fcfte aus seinem charakteristischen Zitrusgeruch mit erdigen und Dieselnoten abgeleitet wurden.<\/p>\n<p>Da sie nach einem ber\u00fchmten Rapper benannt sind, der daf\u00fcr bekannt ist, sehr entspannt zu sein und den Marihuanakonsum als eine seiner gr\u00f6\u00dften Pers\u00f6nlichkeitseigenschaften zu haben, haben Fans die Snoop Dogg OG Marihuana Samen aufgrund dieser Assoziation mit der Hip-Hop-Kultur geliebt.<\/p>\n<p>Der Name selbst war ein einzigartiger Verkaufspunkt f\u00fcr diese Cannabis-Sorte, manche w\u00fcrden sagen, dies ist Marketing auf einem ganz anderen Niveau.<\/p>\n<p>Dieser ikonische feminisierte Marihuana Samen ist eine potente Mischung oder Kreuzung der sehr ber\u00fcchtigten Lemon OG und Sour Diesel, die den hybriden Faktor des Snoop Dogg OG Samen ausmachen und ihm daher seine insgesamt einzigartige und coole Fusion aus zitronigen und Diesel-Hinweisen verleihen. Dies hier beweist nur, dass \u00c4pfel nicht weit vom Stamm fallen, Coolness wird nur Coolness hervorbringen.<\/p>\n","protected":false},"excerpt":{"rendered":"<p>Mit einem THC-Gehalt, der dich wie die Legende selbst entspannt, bringen Snoop Dogg OG Feminized Samen 70% Indica-Chill und ein bisschen 30% Sativa-Kick. Die zitronige Frische umh\u00fcllt ein Dieselaroma, um dir einen Backstage-Pass zur Welt von Snoop zu geben. Diese OG-Prinzessin kann am besten genossen werden, wenn die Sonne untergeht.<\/p>\n","protected":false},"featured_media":60052,"comment_status":"open","ping_status":"closed","template":"","meta":{"_acf_changed":false,"_glsr_average":0,"_glsr_ranking":0,"_glsr_reviews":0},"product_brand":[],"product_cat":[3365,62,19,68,30,1161,1610],"product_tag":[],"class_list":{"0":"post-58745","1":"product","2":"type-product","3":"status-publish","4":"has-post-thumbnail","6":"product_cat-beste-cannabis-samen","7":"product_cat-cannabis-samen-fuer-anfaenger","8":"product_cat-feminisierte-cannabis-samen","9":"product_cat-hoher-thc-gehalt","10":"product_cat-indica-cannabis-samen","11":"product_cat-neu","12":"product_cat-photoperiodische-cannabis-samen","14":"first","15":"instock","16":"taxable","17":"shipping-taxable","18":"purchasable","19":"product-type-variable"},"acf":[],"aioseo_notices":[],"_links":{"self":[{"href":"https:\/\/theseedfair.com\/de\/wp-json\/wp\/v2\/product\/58745","targetHints":{"allow":["GET"]}}],"collection":[{"href":"https:\/\/theseedfair.com\/de\/wp-json\/wp\/v2\/product"}],"about":[{"href":"https:\/\/theseedfair.com\/de\/wp-json\/wp\/v2\/types\/product"}],"replies":[{"embeddable":true,"href":"https:\/\/theseedfair.com\/de\/wp-json\/wp\/v2\/comments?post=58745"}],"wp:featuredmedia":[{"embeddable":true,"href":"https:\/\/theseedfair.com\/de\/wp-json\/wp\/v2\/media\/60052"}],"wp:attachment":[{"href":"https:\/\/theseedfair.com\/de\/wp-json\/wp\/v2\/media?parent=58745"}],"wp:term":[{"taxonomy":"product_brand","embeddable":true,"href":"https:\/\/theseedfair.com\/de\/wp-json\/wp\/v2\/product_brand?post=58745"},{"taxonomy":"product_cat","embeddable":true,"href":"https:\/\/theseedfair.com\/de\/wp-json\/wp\/v2\/product_cat?post=58745"},{"taxonomy":"product_tag","embeddable":true,"href":"https:\/\/theseedfair.com\/de\/wp-json\/wp\/v2\/product_tag?post=58745"}],"curies":[{"name":"wp","href":"https:\/\/api.w.org\/{rel}","templated":true}]}}