{"id":59271,"date":"2022-05-31T22:29:50","date_gmt":"2022-05-31T22:29:50","guid":{"rendered":"https:\/\/theseedfair.com\/?post_type=product&#038;p=59271"},"modified":"2024-06-13T07:14:56","modified_gmt":"2024-06-13T07:14:56","slug":"bear-dance-auto","status":"publish","type":"product","link":"https:\/\/theseedfair.com\/de\/product\/hoher-thc-gehalt\/bear-dance-auto\/","title":{"rendered":"Bear Dance Autoflower Samen"},"content":{"rendered":"<h2>Bear Dance Autoflower Samen<\/h2>\n<p>Wenn du ein B\u00e4r bist, musst du tanzen. Und wenn du Bear Dance Autoflowering Samen hast, kannst du die ganze Nacht tanzen! Die Sorte kommt mit einem Aroma, das wie eine wundersch\u00f6ne Symphonie ist \u00e2\u0080\u0094 ihre Untert\u00f6ne sind sanft, aber die Obert\u00f6ne sind voller Kr\u00e4uternoten. Der Rauch selbst ist weich und hat einen skunkigen Nachgeschmack.<\/p>\n<p>Die Aromen von Bear Dance Autoflowering Samen sind vielf\u00e4ltig und komplex, mit einer Kr\u00e4uterbasis, die als zitronenartig oder pinienartig beschrieben werden kann. Der Bear Dance ist eine Marihuana-Sorte, die dich f\u00fchlen l\u00e4sst, als w\u00fcrdest du mit den B\u00e4ren tanzen. Aber keine Sorge, wir meinen das im besten Sinne!<\/p>\n<p>Wir wissen, dass du m\u00fcde vom immer gleichen alten Weed-Erlebnis bist. Du willst etwas Neues und Spannendes. Du willst aus deinem Schneckenhaus ausbrechen, aber du musst dich auch auf eine Sorte verlassen k\u00f6nnen, die dich nicht wie ein Schatten deines fr\u00fcheren Selbst f\u00fchlen l\u00e4sst. Hier kommt die Bear Dance Sorte ins Spiel. Diese Hybride ist zu 70% Sativa und zu 30% Indica \u00e2\u0080\u0094 genau die richtige Mischung, um dich high zu machen, ohne dir den Verstand zu sprengen oder das Gef\u00fchl zu haben, dass die Welt um dich herum zusammenbricht.<\/p>\n<p>Und wenn das nicht genug w\u00e4re, bringt die Bear Dance Sorte beeindruckende 33% THC mit und sorgt daf\u00fcr, dass du dich nach ein paar Z\u00fcgen \u00e4u\u00dferst zufrieden f\u00fchlst. Es ist eine ausgezeichnete Sorte f\u00fcr den Tagesgebrauch, da sie dir viel Energie und Fokus gibt.<\/p>\n<p>&nbsp;<\/p>\n<h2>Wirkungen von Bear Dance Autoflowering Samen<\/h2>\n<p>Bear Dance ist eine Sorte, die dir ein kreatives, fokussiertes und gl\u00fcckliches High bietet. Das High setzt schnell ein, erreicht seinen H\u00f6hepunkt innerhalb einer Stunde oder zwei und beruhigt sich dann zu einem subtilen Rausch, der stundenlang anh\u00e4lt.<\/p>\n<p>Es ist am besten tags\u00fcber zu verwenden, da es dir helfen kann, fokussiert zu bleiben und dich zu entspannen und zu genie\u00dfen. Du wirst dich energiegeladen, aber nicht nerv\u00f6s f\u00fchlen, was Bear Dance Cannabis-Samen zu einer gro\u00dfartigen Sorte f\u00fcr kreative Arbeit oder Aktivit\u00e4ten macht, die Konzentration erfordern.<\/p>\n<p>Die Bear Dance Sorte ist bekannt daf\u00fcr, Menschen mit Angstst\u00f6rungen wie generalisierter Angstst\u00f6rung (GAD), Panikst\u00f6rung und Depressionen zu helfen, indem sie Symptome dieser Zust\u00e4nde wie Stress und Sorgen reduziert.<\/p>\n<h2>Wie Bear Dance Autoflowering Samen Wachsen<\/h2>\n<p>Die Bear Dance Sorte ist eine gro\u00dfe Pflanze, die bis zu 6 Fu\u00df hoch werden kann. Dies ist eine mittelstufige Pflanze, was bedeutet, dass sie nicht zu schwierig, aber auch nicht zu einfach zu z\u00fcchten ist. Sie erfordert einige Pflege und wahrscheinlich etwas Erfahrung, aber es wird keine Vollzeitbesch\u00e4ftigung sein.<\/p>\n<p>Bear Dance Autoflowering Samen sind pflegeleicht, m\u00fcssen aber richtig bew\u00e4ssert werden. Der Schl\u00fcssel ist, gerade genug Wasser zu geben, aber nicht zu viel. Zu wenig Wasser f\u00fchrt zu verk\u00fcmmertem Wachstum und schlechten Ertr\u00e4gen. Die beste M\u00f6glichkeit, herauszufinden, wie viel Wasser deine Pflanzen ben\u00f6tigen, ist der \u201eFinger-Test\u201c. Bear Dance Autoflowering Samen gedeihen am besten in einem erdbasierten Wachstumsmedium mit guter Drainage, Bel\u00fcftung und moderaten Fruchtbarkeitsniveaus.<\/p>\n<p>Luftfeuchtigkeit ist ebenfalls wichtig; wenn sie in deinem Wachstumsraum zu niedrig ist, leiden deine Pflanzen unter Stress und k\u00f6nnen Schwierigkeiten haben, Knospen zu produzieren. Wenn sie zu hoch ist, k\u00f6nnen sie schimmelig werden oder Probleme mit Sch\u00e4dlingen wie Spinnmilben haben. Eine gute Faustregel ist, wenn du einen oszillierenden Ventilator 24 Stunden am Tag in dem Raum laufen l\u00e4sst, in dem deine Pflanzen wachsen, sollte der Luftfeuchtigkeitspegel zwischen 40% und 60% liegen.<\/p>\n<p>Die Temperatur ist ebenfalls entscheidend. Du m\u00f6chtest es warm genug, dass deine Pflanzen gut wachsen, aber nicht so hei\u00df, dass ihre Bl\u00e4tter oder Knospen vorzeitig verbrennen. Die meisten selbstbl\u00fchenden Sorten k\u00f6nnen Temperaturen zwischen 70\u00b0F\/21\u00b0C und 85\u00b0F\/29\u00b0C ohne Probleme vertragen (versuche, Temperaturen \u00fcber 85\u00b0F\/29\u00b0C zu vermeiden, wenn m\u00f6glich).<\/p>\n<p>Die Bl\u00e4tter dieser Pflanze sind ein Sativa-Indica-Hybride, mit vorherrschenden Indica-Eigenschaften. Die Bl\u00e4tter sind dunkelgr\u00fcn und haben aufgrund vieler Trichome eine raue Textur. Die Bl\u00e4tter haben einige orangefarbene H\u00e4rchen, aber sie sind \u00fcber die Pflanze verteilt eher sp\u00e4rlich. Die Trichome dieser Pflanze sind gro\u00df und dick; sie sehen so aus, als w\u00fcrden sie fast von ihren Stielen auf den Knospen platzen. Sie sind auch sehr dicht auf den Knospen, was ihnen ein frostiges Aussehen verleiht.<\/p>\n<p>Ihre Bl\u00fcten haben ein etwas anderes Aussehen als das Blatt; sie enthalten jedoch immer noch gro\u00dfe Mengen an Trichomen und orangefarbene H\u00e4rchen. Die Bl\u00fcten werden ebenfalls orange, wenn sie reifen und zur Ernte bereit sind.<\/p>\n<p>Die Bl\u00fctezeit dieser Pflanzen betr\u00e4gt zwischen 65-75 Tagen. Sie werden bis Ende Oktober zur Ernte bereit sein, wenn sie im Freien angebaut werden, oder bis Ende Oktober, wenn sie drinnen angebaut werden. Die gro\u00dfen Colas, die diese Samen produzieren, werden von Trichomen bedeckt sein, was ihnen ein klebriges Aussehen verleiht, wenn sie vollst\u00e4ndig reif sind.<\/p>\n<p>Suchst du nach einer selbstbl\u00fchenden Sorte, die bis zu 500g\/m\u00b2 drinnen und bis zu 800gr drau\u00dfen produzieren kann? In diesem Fall sind Bear Dance Feminisierte Samen die perfekte Wahl. Diese Cannabissamen sind das Ergebnis akribischer Z\u00fcchtungstechniken, die zu einer Pflanze f\u00fchrten, die in jedem Klima gedeihen und gro\u00dfe Mengen an Knospen produzieren kann.<\/p>\n<p>&nbsp;<\/p>\n<h2>Geschichte der Bear Dance Autoflowering Samen<\/h2>\n<p>Bear Dance Autoflowering Samen sind das Ergebnis einer Kreuzung zwischen Purple Kush und Uzbeki Hashplant. Diese Sorte ist eine genetische Mischung, die es noch nie zuvor gegeben hat und die schnell zu einer unserer Favoriten geworden ist!<\/p>\n<p>Diese Sorte wurde von DNA Crew gez\u00fcchtet, einem bekannten Z\u00fcchter, der sich auf die Schaffung einzigartiger Sorten spezialisiert hat, die es heute auf dem Markt gibt. Die Bear Dance Sorte wurde mehrfach ausgezeichnet, darunter die Cannabis Cup in 2010 und 2011.<\/p>\n","protected":false},"excerpt":{"rendered":"<p>Bereit zum Walzer mit den Bear Dance Autoflower Seeds? Mit einem beeindruckenden 33% THC-Gehalt und einem coolen 70-30 Indica-zu-Sativa-Verh\u00e4ltnis, versprechen diese Samen einen Tanz in deinem Anbauraum, den du nicht vergessen wirst. Perfekt f\u00fcr kreative oder entspannende Stunden \u00e2\u0080\u0094 sichere dir deine heute noch!<\/p>\n","protected":false},"featured_media":62559,"comment_status":"open","ping_status":"closed","template":"","meta":{"_acf_changed":false,"_glsr_average":0,"_glsr_ranking":0,"_glsr_reviews":0},"product_brand":[],"product_cat":[56,3365,62,19,3085,3067,68,33,30,1161,21],"product_tag":[],"class_list":{"0":"post-59271","1":"product","2":"type-product","3":"status-publish","4":"has-post-thumbnail","6":"product_cat-autoflowering-cannabis-samen","7":"product_cat-beste-cannabis-samen","8":"product_cat-cannabis-samen-fuer-anfaenger","9":"product_cat-feminisierte-cannabis-samen","10":"product_cat-grosshandel-cannabis-samen","11":"product_cat-ertragreiche-samen","12":"product_cat-hoher-thc-gehalt","13":"product_cat-hybride-cannabis-samen","14":"product_cat-indica-cannabis-samen","15":"product_cat-neu","16":"product_cat-cannabis-sativa-samen","18":"first","19":"instock","20":"taxable","21":"shipping-taxable","22":"purchasable","23":"product-type-variable"},"acf":[],"aioseo_notices":[],"_links":{"self":[{"href":"https:\/\/theseedfair.com\/de\/wp-json\/wp\/v2\/product\/59271","targetHints":{"allow":["GET"]}}],"collection":[{"href":"https:\/\/theseedfair.com\/de\/wp-json\/wp\/v2\/product"}],"about":[{"href":"https:\/\/theseedfair.com\/de\/wp-json\/wp\/v2\/types\/product"}],"replies":[{"embeddable":true,"href":"https:\/\/theseedfair.com\/de\/wp-json\/wp\/v2\/comments?post=59271"}],"wp:featuredmedia":[{"embeddable":true,"href":"https:\/\/theseedfair.com\/de\/wp-json\/wp\/v2\/media\/62559"}],"wp:attachment":[{"href":"https:\/\/theseedfair.com\/de\/wp-json\/wp\/v2\/media?parent=59271"}],"wp:term":[{"taxonomy":"product_brand","embeddable":true,"href":"https:\/\/theseedfair.com\/de\/wp-json\/wp\/v2\/product_brand?post=59271"},{"taxonomy":"product_cat","embeddable":true,"href":"https:\/\/theseedfair.com\/de\/wp-json\/wp\/v2\/product_cat?post=59271"},{"taxonomy":"product_tag","embeddable":true,"href":"https:\/\/theseedfair.com\/de\/wp-json\/wp\/v2\/product_tag?post=59271"}],"curies":[{"name":"wp","href":"https:\/\/api.w.org\/{rel}","templated":true}]}}