{"id":59282,"date":"2022-05-31T22:37:50","date_gmt":"2022-05-31T22:37:50","guid":{"rendered":"https:\/\/theseedfair.com\/?post_type=product&#038;p=59282"},"modified":"2024-06-13T07:35:04","modified_gmt":"2024-06-13T07:35:04","slug":"black-mamba-auto","status":"publish","type":"product","link":"https:\/\/theseedfair.com\/de\/product\/hoher-thc-gehalt\/black-mamba-auto\/","title":{"rendered":"Black Mamba Autoflower Samen"},"content":{"rendered":"<h2>Black Mamba Autoflower Samen<\/h2>\n<p>Black Mamba Autoflowering Marihuana-Samen sind hier und sie sind bereit, dich f\u00fchlen zu lassen, als w\u00e4rst du in einem Kiefernwald. Das kiefernartige Aroma dieser Hanfsamen ist so stark, dass es scheint, als w\u00fcrde es aus der Verpackung kommen. Der Geruch wird von s\u00fc\u00dfen Untert\u00f6nen und holzigen Obert\u00f6nen begleitet, die zusammen ein reiches, komplexes Aroma ergeben. Du wirst dich f\u00fchlen, als w\u00e4rst du in einen Wald transportiert worden, das erste Mal, wenn du einen Zug nimmst.<\/p>\n<p>Der Rauch selbst ist glatt und geschmackvoll. Beim Inhalieren schmeckt es nach Kiefern, mit einem s\u00fc\u00dfen Unterton, der nach jedem Zug auf deiner Zunge verweilt. Beim Ausatmen schmeckt es nach warmer Erde und holzigen Aromen, die erneut durchkommen, sowie einigen s\u00fc\u00dfen Kiefernnoten\u2014es ist fast so, als w\u00fcrdest du Lagerfeuer riechen, w\u00e4hrend du um sie herum Marshmallows r\u00f6stest!<\/p>\n<p>Eine wahre Legende, der Black Mamba-Strain ist seit Jahrzehnten bekannt. Black Mamba Hanfstrain ist eine 70% Indica\/30% Sativa-Hybride mit THC-Werten von 25%. Das macht es perfekt f\u00fcr erfahrene Stoner, die nach einem kleinen zus\u00e4tzlichen Kick suchen, aber nicht so viel, dass sie nicht mehr wie ein normaler Mensch funktionieren k\u00f6nnen.<\/p>\n<p>Black Mamba Autoflowering wird dich in eine dunkle, gr\u00fcblerische Schlange verwandeln, und du wirst jede Minute davon lieben. Aber im Ernst, diese Samen sind perfekt f\u00fcr dich, wenn du neue Strains ausprobieren m\u00f6chtest, die sich hervorragend f\u00fcr den Abend oder die Nacht eignen.<\/p>\n<h2>Effekte von Black Mamba Autoflowering Marihuana-Samen<\/h2>\n<p>Black Mamba-Strain erzeugt ein sehr starkes High, das sanft beginnt und allm\u00e4hlich zu einem Crescendo der Entspannung, des Gl\u00fccks und der Euphorie aufbaut.<\/p>\n<p>Das High setzt schnell ein, etwa 30 Minuten nach dem Rauchen des getrockneten Buds. Es ist extrem fokussiert und klar im Kopf, ohne Lethargie oder Schl\u00e4frigkeit. Die Effekte sind gl\u00fccklich, entspannend und angenehm. Du f\u00fchlst dich, als k\u00f6nntest du alles tun!<\/p>\n<p>Dieser Strain ist gro\u00dfartig zur Behandlung von Depressionen, Angstzust\u00e4nden und Schmerzen. Am besten genie\u00dft man es allein oder mit Freunden, da es Paranoia verursachen kann, wenn es in gro\u00dfen Mengen von jemandem konsumiert wird, der es noch nie zuvor ausprobiert hat.<\/p>\n<h2>Wie wachsen Black Mamba Autoflowering Marihuana-Samen<\/h2>\n<p>Black Mamba-Strain ist eine mittelgro\u00dfe Pflanze in Bezug auf Gr\u00f6\u00dfe und H\u00f6he. Sie passt zum fortgeschrittenen Grower, also ist es nicht zu schwierig zu kultivieren, aber es erfordert einige grundlegende Kenntnisse \u00fcber den Anbau von Cannabis. Sie kann eine H\u00f6he von 80-180cm (31 bis 70 Zoll) erreichen.<\/p>\n<p>Die Black Mamba autoflowering Hanfsamen k\u00f6nnen in fast jeder Art von Boden oder Medium wachsen, aber die besten Ergebnisse werden durch die Verwendung einer erdbasierten Mischung erzielt, die Perlit oder Vermiculit f\u00fcr Bel\u00fcftung und Drainage enth\u00e4lt. Du solltest auch etwas organisches Material wie Kompost oder Torfmoos hinzuf\u00fcgen, bevor du deine Samen pflanzt, um ihr Wachstum sowie ihre N\u00e4hrstoffaufnahmef\u00e4higkeiten im Laufe der Zeit zu verbessern.<\/p>\n<p>Der beste Bew\u00e4sserungsplan ist, deine Pflanzen zweimal t\u00e4glich zu gie\u00dfen, einmal morgens und einmal abends. Gie\u00dfe jede Pflanze, bis das Wasser aus den L\u00f6chern im Boden des Topfes abl\u00e4uft. Du kannst Leitungswasser verwenden, solange du es \u00fcber Nacht stehen l\u00e4sst, damit sich das Chlor verfl\u00fcchtigen kann.<\/p>\n<p>\u00dcberw\u00e4sserung ist einer der gr\u00f6\u00dften Fehler, den Menschen beim Anbau von Hanfpflanzen machen. Die Wurzeln werden faulen, wenn sie zu lange im Wasser stehen, also solltest du der Pflanze gerade genug Wasser geben, um sie feucht, aber nicht nass zu halten. Wenn deine Pflanze zu irgendeinem Zeitpunkt w\u00e4hrend ihres Wachstumszyklus zu welken beginnt, hast du ihr wahrscheinlich zu viel Wasser gegeben.<\/p>\n<p>In Bezug auf Luftfeuchtigkeit und Temperatur solltest du deine Black Mamba Marihuana bei einer Temperatur zwischen 65\u00b0F und 85\u00b0F (18\u00b0C bis 29\u00b0C) und einer relativen Luftfeuchtigkeit von 40% bis 60% halten. Du kannst ein Luftfeuchtigkeitsmessger\u00e4t verwenden, um dieses Feuchtigkeitsniveau in deiner Anbauumgebung zu erreichen.<\/p>\n<p>Die Bl\u00e4tter sind dunkelgr\u00fcn und k\u00f6nnen sehr gro\u00df werden. Sie haben einen deutlichen wei\u00dfen Rand, was ein Zeichen von guter Gesundheit und Vitalit\u00e4t ist. Die Bl\u00e4tter sind lang und schmal mit gezackten R\u00e4ndern und wachsen paarweise entlang des Stiels. Wenn sie reifen, werden sie runder mit einem dickeren St\u00e4ngel als zu Beginn ihres Lebenszyklus.<\/p>\n<p>Wenn du dir die Trichome auf den Black Mamba-Feminisierten Samen ansiehst, wirst du feststellen, dass sie wei\u00df und sehr klebrig sind. Das liegt daran, dass sie THC produzieren, das diesem Strain seine psychoaktiven Wirkungen verleiht.<\/p>\n<p>Die Bl\u00fcten dieses Strains werden von einem tiefen lila Farbe sein, mit Anzeichen von Blau und Braun. Die Bl\u00fcten wachsen hoch und gro\u00df, was sie aus der Ferne leicht erkennbar macht. Wenn du n\u00e4her an die Pflanze herangehst, wirst du feststellen, dass diese Bl\u00fcten ebenfalls von Trichomen bedeckt sind. Black Mamba Autoflowering Feminized Marihuana-Samen wachsen bis zu 450g pro m\u00b2 im Innenbereich und bis zu 450g im Au\u00dfenbereich, mit einer Bl\u00fctezeit von 50-60 Tagen.<\/p>\n<h2>Geschichte der Black Mamba Autoflowering Marihuana-Samen<\/h2>\n<p>Die Black Mamba Hanfsamen von Grow Labs sind eine Kombination aus zwei beliebten Strains, Blue Bubblejuice und Domina. Die Black Mamba Autoflowering Marihuana-Samen wurden erstmals 2012 gez\u00fcchtet und haben seitdem bei der Cannagraphics Cup in den Jahren 2013, 2015 und 2016 Preise gewonnen. Der Strain wurde nach der Schwarzen Mamba benannt, weil sie die Potenz eines Klapperschlangenbisses hat.<\/p>\n","protected":false},"excerpt":{"rendered":"<p>Schwarze Mamba autoflower\u2019s 25% THC ist nicht wirklich gef\u00e4hrlich (es sei denn, du hast eine niedrige Toleranz), aber es haut dich um mit einem kiefernartigen Aroma und einem entspannenden, gl\u00fccklichen High. Diese Indica-Queen ist gro\u00dfartig f\u00fcr erfahrene Benutzer, die eine entspannte Nacht planen &#8211; kein Schl\u00e4ngeln erforderlich!<\/p>\n","protected":false},"featured_media":62561,"comment_status":"open","ping_status":"closed","template":"","meta":{"_acf_changed":false,"_glsr_average":0,"_glsr_ranking":0,"_glsr_reviews":0},"product_brand":[],"product_cat":[56,62,19,68,30,1161],"product_tag":[],"class_list":{"0":"post-59282","1":"product","2":"type-product","3":"status-publish","4":"has-post-thumbnail","6":"product_cat-autoflowering-cannabis-samen","7":"product_cat-cannabis-samen-fuer-anfaenger","8":"product_cat-feminisierte-cannabis-samen","9":"product_cat-hoher-thc-gehalt","10":"product_cat-indica-cannabis-samen","11":"product_cat-neu","13":"first","14":"instock","15":"taxable","16":"shipping-taxable","17":"purchasable","18":"product-type-variable"},"acf":[],"aioseo_notices":[],"_links":{"self":[{"href":"https:\/\/theseedfair.com\/de\/wp-json\/wp\/v2\/product\/59282","targetHints":{"allow":["GET"]}}],"collection":[{"href":"https:\/\/theseedfair.com\/de\/wp-json\/wp\/v2\/product"}],"about":[{"href":"https:\/\/theseedfair.com\/de\/wp-json\/wp\/v2\/types\/product"}],"replies":[{"embeddable":true,"href":"https:\/\/theseedfair.com\/de\/wp-json\/wp\/v2\/comments?post=59282"}],"wp:featuredmedia":[{"embeddable":true,"href":"https:\/\/theseedfair.com\/de\/wp-json\/wp\/v2\/media\/62561"}],"wp:attachment":[{"href":"https:\/\/theseedfair.com\/de\/wp-json\/wp\/v2\/media?parent=59282"}],"wp:term":[{"taxonomy":"product_brand","embeddable":true,"href":"https:\/\/theseedfair.com\/de\/wp-json\/wp\/v2\/product_brand?post=59282"},{"taxonomy":"product_cat","embeddable":true,"href":"https:\/\/theseedfair.com\/de\/wp-json\/wp\/v2\/product_cat?post=59282"},{"taxonomy":"product_tag","embeddable":true,"href":"https:\/\/theseedfair.com\/de\/wp-json\/wp\/v2\/product_tag?post=59282"}],"curies":[{"name":"wp","href":"https:\/\/api.w.org\/{rel}","templated":true}]}}