{"id":59555,"date":"2022-06-02T22:47:09","date_gmt":"2022-06-02T22:47:09","guid":{"rendered":"https:\/\/theseedfair.com\/?post_type=product&#038;p=59555"},"modified":"2024-06-13T08:05:04","modified_gmt":"2024-06-13T08:05:04","slug":"death-bubba-auto","status":"publish","type":"product","link":"https:\/\/theseedfair.com\/de\/product\/hoher-thc-gehalt\/death-bubba-auto\/","title":{"rendered":"Death Bubba Autoflower Samen"},"content":{"rendered":"<h2>Death Bubba Samen<\/h2>\n<p>Das Aroma der Death Bubba Autoflower Samen ist einzigartig und unvergesslich. Es ist erdig mit einem Hauch von Zitrone und Kiefer. Nur wenige Sorten k\u00f6nnen einen so intensiven und angenehmen Geruch behaupten. Der Geschmack ist auch sehr einzigartig, es ist anfangs etwas hart, aber dann trifft man auf einen s\u00fc\u00dfen, erfrischenden, zitronigen Geschmack. Der Nachgeschmack ist auch k\u00f6stlich und l\u00e4sst einen nach mehr verlangen.<\/p>\n<p>Diese Indica-dominante Sorte hat 70% Indica und 30% Sativa. Die Indica-Genetik hilft, einen sehr entspannenden K\u00f6rper-High zu bieten, w\u00e4hrend die Sativa-Genetik hilft, Sie gehoben und motiviert zu halten. Aufgrund der Indica-Dominanz in dieser Sorte ist es am besten, abends oder an Wochenenden verwendet zu werden, wenn Sie nicht produktiv sein m\u00fcssen. Diese Sorte ist perfekt, wenn Sie den ganzen Tag hart gearbeitet haben und sich entspannen m\u00fcssen.<\/p>\n<p>Diese Sorte hat einen THC-Gehalt von 25%, was relativ hoch ist. Es ist nur f\u00fcr Personen mit einer hohen Toleranz gegen\u00fcber THC geeignet, da es f\u00fcr Erstraucher \u00fcberw\u00e4ltigend sein kann. Schweren Kiffern wird empfohlen, es bei dieser Sorte langsam anzugehen, da sie sehr potent ist.<\/p>\n<h2>Effekte von Death Bubba Autoflower Samen<\/h2>\n<p>Der THC-Gehalt dieser Sorte ist sehr hoch, weshalb sie nicht f\u00fcr Erstraucher empfohlen wird. Wenn Sie jedoch eine hohe Toleranz gegen\u00fcber THC haben, werden die Effekte dieser Sorte angenehm sein. Sie werden sich sehr entspannt und gehoben f\u00fchlen und auch viel Energie haben.<\/p>\n<p>Ein weiterer Effekt, den Sie erwarten k\u00f6nnen, ist Gl\u00fcck. Diese Sorte wird Sie sehr gl\u00fccklich und zufrieden machen. Sie werden sich auch h\u00e4ufig lachend finden. Der letzte Effekt dieser Sorte ist Couch-Lock. Das bedeutet, dass Sie sich sehr schl\u00e4frig f\u00fchlen und sich nicht viel bewegen k\u00f6nnen.<\/p>\n<p>Die medizinischen Vorteile von Death Bubba Autoflower Samen sind in den letzten Jahren gut dokumentiert worden. Diese potente Sorte von Marihuana ist wirksam bei der Behandlung verschiedener Zust\u00e4nde, einschlie\u00dflich Schmerzen, \u00dcbelkeit und Schlaflosigkeit. Dar\u00fcber hinaus hat Death Bubba auch gezeigt, dass er den Appetit bei Patienten mit Krebs und anderen Krankheiten, die Gewichtsverlust verursachen, verbessert. W\u00e4hrend die genauen Mechanismen hinter diesen medizinischen Vorteilen noch untersucht werden, besteht kein Zweifel daran, dass diese Sorte ein wertvolles Werkzeug bei der Behandlung vieler Zust\u00e4nde sein kann.<\/p>\n<h2>Wie werden Death Bubba Autoflower Samen angebaut?<\/h2>\n<p>Death Bubba Autoflowering Samen sind nicht die einfachste Sorte zum Anbauen und erfordern etwas Erfahrung. Wenn Sie jedoch die Anweisungen sorgf\u00e4ltig befolgen, sollten Sie keine Probleme haben. Diese Sorte gedeiht gut in Anbaur\u00e4umen und Gew\u00e4chsh\u00e4usern. Sie kann auch drau\u00dfen in warmen Klimazonen angebaut werden. Stellen Sie beim Anbau im Freien sicher, dass Sie viel Bel\u00fcftung und Sonnenlicht bieten.<\/p>\n<p>Die optimalen Anbaubedingungen f\u00fcr diese Sorte sind etwas anders als bei anderen Sorten. Diese Sorte ben\u00f6tigt viel Wasser, daher gie\u00dfen Sie sie regelm\u00e4\u00dfig. Der ideale Feuchtigkeitsgehalt f\u00fcr diese Sorte liegt zwischen 40% und 60%. Der perfekte Temperaturbereich f\u00fcr diese Sorte liegt zwischen 70\u00b0F und 80\u00b0F. Was die Ern\u00e4hrung betrifft, ben\u00f6tigt diese Sorte etwas mehr als andere. Stellen Sie sicher, dass Sie Ihre Pflanzen regelm\u00e4\u00dfig d\u00fcngen und ihnen viele N\u00e4hrstoffe geben.<\/p>\n<p>Diese Samen wachsen zu mittelgro\u00dfen Pflanzen heran, was perfekt f\u00fcr begrenzte R\u00e4ume ist. Diese Sorte kann bis zu 3 Fu\u00df erreichen, wenn sie drinnen angebaut wird, und 5 Fu\u00df, wenn sie drau\u00dfen angebaut wird. Die Bl\u00e4tter sind dunkelgr\u00fcn mit einem frostigen kristallinen Aussehen. Die Bl\u00fcten sind dicht und haben eine orange-br\u00e4unliche Kolorierung der Stempeln. Die Trichome sind sehr frostig und kristallin im Aussehen.<\/p>\n<p>Wenn Sie Death Bubba Autoflower Samen kaufen, k\u00f6nnen Sie sicher sein, dass Sie feminisierte Bl\u00fcten erhalten. Das bedeutet, dass es keine Gefahr von Hermaphroditen oder M\u00e4nnchen gibt. Diese Samen sind garantiert, nur weibliche Pflanzen zu produzieren. Diese Samen verwenden eine Selbstbl\u00fchtechnik. Das bedeutet, dass die Pflanzen automatisch bl\u00fchen, ohne dass eine Lichtzyklusmanipulation erforderlich ist. Z\u00fcchter m\u00fcssen sich keine Sorgen machen, den Lichtzyklus zu \u00e4ndern, um die Bl\u00fcte zu induzieren.<\/p>\n<p>Die Death Bubba Autoflowering-Sorte hat eine moderate Bl\u00fctezeit von 55-65 Tagen. Das sind gro\u00dfartige Nachrichten f\u00fcr diejenigen, die nicht zu lange auf die Bl\u00fcte ihrer Pflanzen warten wollen. Sie k\u00f6nnen einen zufriedenstellenden Ertrag von 350g\/m\u00b2 drinnen und bis zu 350 g\/Pflanze drau\u00dfen produzieren.<\/p>\n<h2>Geschichte der Death Bubba Autoflower Samen<\/h2>\n<p>Die Death Bubba Autoflower Samen wurden urspr\u00fcnglich von Norcal Farms gez\u00fcchtet. Diese Sorte wurde durch die Kreuzung von Bubba Kush mit Death Star gez\u00fcchtet. Die resultierende Sorte ist eine starke, Indica-dominierte Hybride mit einer starken Wirkung. Diese Sorte hat schnell an Beliebtheit bei medizinischen Marihuana-Patienten und Freizeitnutzern gewonnen. Diese Sorte hat mehrere Auszeichnungen gewonnen, darunter den 1. Platz in der 2016 SoCal Cannabis Cup und den 2. Platz in der 2017 Denver Cannabis Cup.<\/p>\n","protected":false},"excerpt":{"rendered":"<p>death bubba autoflower ist die perfekte mischung aus &#8218;chillen&#8216; und &#8217;noch leicht motiviert&#8216;. dank seiner hohen oktan-thc-werte von bis zu 25% ist es eine rauchbare energie-sch\u00fcssel die auf ihren einsatz wartet. die sativa\/indica-kombination verspricht entspannung wie keine andere. death bubba hat eine \u00fcberschaubare bl\u00fctezeit (55-65 tage) und respektable ertr\u00e4ge. angesichts seiner prestigetr\u00e4chtigen auszeichnungen k\u00f6nnten sie denken, dass es die meryl streep unter den sorten ist.<\/p>\n","protected":false},"featured_media":64248,"comment_status":"open","ping_status":"closed","template":"","meta":{"_acf_changed":false,"_glsr_average":0,"_glsr_ranking":0,"_glsr_reviews":0},"product_brand":[],"product_cat":[56,62,19,68,30,1161],"product_tag":[],"class_list":{"0":"post-59555","1":"product","2":"type-product","3":"status-publish","4":"has-post-thumbnail","6":"product_cat-autoflowering-cannabis-samen","7":"product_cat-cannabis-samen-fuer-anfaenger","8":"product_cat-feminisierte-cannabis-samen","9":"product_cat-hoher-thc-gehalt","10":"product_cat-indica-cannabis-samen","11":"product_cat-neu","13":"first","14":"instock","15":"taxable","16":"shipping-taxable","17":"purchasable","18":"product-type-variable"},"acf":[],"aioseo_notices":[],"_links":{"self":[{"href":"https:\/\/theseedfair.com\/de\/wp-json\/wp\/v2\/product\/59555","targetHints":{"allow":["GET"]}}],"collection":[{"href":"https:\/\/theseedfair.com\/de\/wp-json\/wp\/v2\/product"}],"about":[{"href":"https:\/\/theseedfair.com\/de\/wp-json\/wp\/v2\/types\/product"}],"replies":[{"embeddable":true,"href":"https:\/\/theseedfair.com\/de\/wp-json\/wp\/v2\/comments?post=59555"}],"wp:featuredmedia":[{"embeddable":true,"href":"https:\/\/theseedfair.com\/de\/wp-json\/wp\/v2\/media\/64248"}],"wp:attachment":[{"href":"https:\/\/theseedfair.com\/de\/wp-json\/wp\/v2\/media?parent=59555"}],"wp:term":[{"taxonomy":"product_brand","embeddable":true,"href":"https:\/\/theseedfair.com\/de\/wp-json\/wp\/v2\/product_brand?post=59555"},{"taxonomy":"product_cat","embeddable":true,"href":"https:\/\/theseedfair.com\/de\/wp-json\/wp\/v2\/product_cat?post=59555"},{"taxonomy":"product_tag","embeddable":true,"href":"https:\/\/theseedfair.com\/de\/wp-json\/wp\/v2\/product_tag?post=59555"}],"curies":[{"name":"wp","href":"https:\/\/api.w.org\/{rel}","templated":true}]}}