{"id":60099,"date":"2022-06-06T18:38:18","date_gmt":"2022-06-06T18:38:18","guid":{"rendered":"https:\/\/theseedfair.com\/?post_type=product&#038;p=60099"},"modified":"2024-06-12T11:08:25","modified_gmt":"2024-06-12T11:08:25","slug":"lemon-daddy-auto","status":"publish","type":"product","link":"https:\/\/theseedfair.com\/de\/product\/autoflowering-cannabis-samen\/lemon-daddy-auto\/","title":{"rendered":"Lemon Daddy Autoflower Samen"},"content":{"rendered":"<h2>Lemon Daddy Seeds<\/h2>\n<p>Wenn Sie ein sanftes Raucherlebnis mit einer geschmackvollen Geschmacksexplosion ben\u00f6tigen, sollten Sie sich unsere Lemon Daddy Autoflowering Feminized Marijuana Seeds ansehen. Die Genetik dieser Sorte ist eine perfekte Mischung aus Trauben- und erdigen Untert\u00f6nen mit einem Hauch von Zitrone. Der Geschmack balanciert perfekt zwischen s\u00fc\u00df und sauer mit Diesel- und Traubenuntert\u00f6nen. Der Diesel kommt beim Ausatmen durch und verleiht diesem Rauch seinen einzigartigen Geschmack.<\/p>\n<p>Lemon Daddy Autoflowering ist eine Hybrid-Sorte mit 20% Indica und 80% Sativa. Die dominanten Sativa-Effekte werden in Form eines zerebralen Highs sp\u00fcrbar, das Ihre Stimmung hebt und Sie kreativ und euphorisch macht. Sie werden auch eine Steigerung von Fokus und Motivation erleben. Die Indica-Effekte sind eher physisch und manifestieren sich als ein Gef\u00fchl von Entspannung und Ruhe. Die beste Zeit, Lemon Daddy zu genie\u00dfen, ist am Morgen oder fr\u00fchen Nachmittag, wenn Sie einen mentalen Schub ben\u00f6tigen, um Ihren Tag zu meistern. Die Effekte sind nicht zu schwer und lassen Sie nicht benebelt oder auf der Couch stecken.<\/p>\n<p>Der THC Gehalt unserer Lemon Daddy Autoflowering Feminized Sorte betr\u00e4gt ganze 24%. Dieser hohe THC-Gehalt macht diese Sorte ideal f\u00fcr erfahrene Raucher, die einen starken Rauch suchen. Die Effekte sind langanhaltend und hinterlassen ein Gef\u00fchl der Entspannung und Euphorie. Wenn Sie neu im Rauchen sind, empfehlen wir, mit einer Sorte mit geringerem THC-Gehalt zu beginnen, um negative Nebenwirkungen zu vermeiden.<\/p>\n<h2>Effekte der Lemon Daddy Autoflowering Feminized Marijuana Seeds<\/h2>\n<p>Die Effekte der Lemon Daddy Autoflowering Feminized Seeds k\u00f6nnen innerhalb weniger Minuten nach dem Rauchen sp\u00fcrbar sein. Beim Einsetzen f\u00fchlen Sie einen Energieschub, der Sie kreativ und motiviert macht. Dem folgt ein Gef\u00fchl von Entspannung und Ruhe. Die Effekte sind nicht zu schwer und lassen Sie nicht auf der Couch kleben oder benebelt f\u00fchlen.<\/p>\n<p>Diese Samen sind eine gro\u00dfartige Option f\u00fcr diejenigen, die die medizinischen Vorteile von Cannabis ohne die psychoaktiven Effekte von THC suchen. Diese Samen enthalten hohe CBD-Gehalte, die bei der Behandlung verschiedener Zust\u00e4nde wirksam sind, einschlie\u00dflich Schmerzen, \u00dcbelkeit, Appetitlosigkeit und Schlaflosigkeit. CBD ist nicht berauschend und wird nicht das \u201eHigh\u201c erzeugen, das mit THC verbunden ist. Es hat jedoch viele der gleichen medizinischen Vorteile, was es zu einer gro\u00dfartigen Option f\u00fcr diejenigen macht, die Linderung von verschiedenen Zust\u00e4nden suchen. Wenn Sie nach einer Sorte mit hohem CBD- und geringem THC-Gehalt suchen, sind Lemon Daddy Autoflowering Feminized Seeds eine gro\u00dfartige Wahl.<\/p>\n<h2>Wie wachsen Lemon Daddy Autoflowering Feminized Marijuana Seeds?<\/h2>\n<p>Lemon Daddy Autoflowering Feminized geh\u00f6rt zu den Sorten, die ein wenig Wissen erfordern, um perfekt zu wachsen. Wenn Sie keinerlei Erfahrung haben, sollten Sie die Hilfe von jemandem suchen, der dies tut. Aber wenn Sie ein erfahrener Cannabis-Z\u00fcchter sind, sollten Sie keine Probleme haben, diese Samen erfolgreich zu gesunden und lebendigen Pflanzen heranzuziehen. Die Sorte kann in fast allen Klimazonen gut gedeihen. Sie bevorzugt jedoch Anbaugebiete und Gew\u00e4chsh\u00e4user wegen der kontrollierten Umgebung, die diese Orte bieten.<\/p>\n<p>Die optimalen Wachstumsbedingungen f\u00fcr Lemon Daddy Autoflowering Feminized Marijuana Seeds sind wie folgt: Gie\u00dfen Sie die Pflanzen, wenn der Boden sich trocken anf\u00fchlt, halten Sie eine Luftfeuchtigkeit von 40-50%, halten Sie die Temperatur zwischen 68-77 Grad Fahrenheit und d\u00fcngen Sie die Pflanzen mit einem hochwertigen Cannabis-D\u00fcnger. Diese Sorte ist relativ resistent gegen Sch\u00e4dlinge und Krankheiten. Sie sollten jedoch weiterhin auf h\u00e4ufige Probleme wie Mehltau, Spinnmilben und Wurzelf\u00e4ule achten.<\/p>\n<p>Lemon Daddy Autoflowering Feminized Seeds wachsen zu kurzen und buschigen Pflanzen heran. Die H\u00f6he der Pflanze variiert je nach Gr\u00f6\u00dfe des Topfes, in dem sie w\u00e4chst. Sie k\u00f6nnen jedoch erwarten, dass die Pflanze eine H\u00f6he von 12-24 Zoll erreicht. Die Bl\u00e4tter sind dunkelgr\u00fcn. Die Bl\u00fcten sind dicht und mit frostigen Kristalltrichomen bedeckt. Die Stempel sind orange-braun.<\/p>\n<p>Alle unsere Lemon Daddy Autoflowering Feminized Seeds sind 100% feminisiert, was bedeutet, dass Sie nur weibliche Pflanzen aus ihnen erhalten. Dies ist ideal f\u00fcr Z\u00fcchter, die ihr Cannabis produzieren m\u00f6chten. M\u00e4nnliche Pflanzen werden nicht ben\u00f6tigt, um Bl\u00fcten zu produzieren, daher k\u00f6nnen sie aus dem Anbauraum entfernt werden, sobald sie identifiziert werden. Dies spart Ihnen Zeit, Geld und M\u00fche, da Sie sich keine Sorgen machen m\u00fcssen, dass sie wertvollen Platz in Ihrem Anbauraum einnehmen.<\/p>\n<p>Lemon Daddy Autoflowering Feminized Seeds sind einfach zu z\u00fcchten und ben\u00f6tigen wenig Pflege. Sie beginnen unabh\u00e4ngig vom Lichtzyklus automatisch zu bl\u00fchen. Dies macht sie zu einer gro\u00dfartigen Wahl f\u00fcr Z\u00fcchter, die sich keine Sorgen dar\u00fcber machen m\u00f6chten, den Lichtzyklus zu \u00e4ndern, um die Bl\u00fcte auszul\u00f6sen.<\/p>\n<p>Die Samen haben eine kurze Bl\u00fctezeit von nur 50-70 Tagen. Dies bedeutet, dass Sie in k\u00fcrzester Zeit Bl\u00fcten an Ihren Pflanzen sehen k\u00f6nnen. F\u00fcr Z\u00fcchter, die eine schnelle Kehrtwende suchen, sind diese Samen die perfekte Wahl. Der Ertrag ist riesig, mit Z\u00fcchtern, die Ertr\u00e4ge von bis zu 600g\/m\u00b2 im Innenbereich und bis zu 600 g\/Pflanze im Au\u00dfenbereich sehen. Dies macht sie zu einer gro\u00dfartigen Wahl f\u00fcr diejenigen, die eine gro\u00dfe Menge hochwertigen Cannabis produzieren m\u00f6chten.<\/p>\n<h2>Geschichte der Lemon Daddy Autoflowering Feminized Marijuana Seeds<\/h2>\n<p>Lemon Daddy Autoflowering Feminized Marijuana Seeds wurden erstmals von Willits gez\u00fcchtet. Sie sind eine Kreuzung zwischen Super Lemon Haze X Granddaddy Purple Sorten. Diese Kombination hat zu einer Sorte gef\u00fchrt, die einfach zu z\u00fcchten ist und viele hochwertige Bl\u00fcten produziert. Super Lemon Haze tr\u00e4gt zum zitronigen Geschmack der Sorte bei, w\u00e4hrend Granddaddy Purple ihr die Indica-dominanten Effekte verleiht.<\/p>\n","protected":false},"excerpt":{"rendered":"<p>Machen Sie sich bereit f\u00fcr Lemon Daddy Autoflower, eine kr\u00e4ftige, zitrusartige Sativa-dominante Sorte, die Ihren Geist schweben und Ihre Geschmacksknospen kribbeln l\u00e4sst! Diese 80\/20 Sativa-Hybride kommt mit 24% THC, hinterl\u00e4sst Sie kreativ, motiviert und euphorisch.<\/p>\n","protected":false},"featured_media":64326,"comment_status":"open","ping_status":"closed","template":"","meta":{"_acf_changed":false,"_glsr_average":0,"_glsr_ranking":0,"_glsr_reviews":0},"product_brand":[],"product_cat":[56,62,19,68,1161,21],"product_tag":[],"class_list":{"0":"post-60099","1":"product","2":"type-product","3":"status-publish","4":"has-post-thumbnail","6":"product_cat-autoflowering-cannabis-samen","7":"product_cat-cannabis-samen-fuer-anfaenger","8":"product_cat-feminisierte-cannabis-samen","9":"product_cat-hoher-thc-gehalt","10":"product_cat-neu","11":"product_cat-cannabis-sativa-samen","13":"first","14":"instock","15":"taxable","16":"shipping-taxable","17":"purchasable","18":"product-type-variable"},"acf":[],"aioseo_notices":[],"_links":{"self":[{"href":"https:\/\/theseedfair.com\/de\/wp-json\/wp\/v2\/product\/60099","targetHints":{"allow":["GET"]}}],"collection":[{"href":"https:\/\/theseedfair.com\/de\/wp-json\/wp\/v2\/product"}],"about":[{"href":"https:\/\/theseedfair.com\/de\/wp-json\/wp\/v2\/types\/product"}],"replies":[{"embeddable":true,"href":"https:\/\/theseedfair.com\/de\/wp-json\/wp\/v2\/comments?post=60099"}],"wp:featuredmedia":[{"embeddable":true,"href":"https:\/\/theseedfair.com\/de\/wp-json\/wp\/v2\/media\/64326"}],"wp:attachment":[{"href":"https:\/\/theseedfair.com\/de\/wp-json\/wp\/v2\/media?parent=60099"}],"wp:term":[{"taxonomy":"product_brand","embeddable":true,"href":"https:\/\/theseedfair.com\/de\/wp-json\/wp\/v2\/product_brand?post=60099"},{"taxonomy":"product_cat","embeddable":true,"href":"https:\/\/theseedfair.com\/de\/wp-json\/wp\/v2\/product_cat?post=60099"},{"taxonomy":"product_tag","embeddable":true,"href":"https:\/\/theseedfair.com\/de\/wp-json\/wp\/v2\/product_tag?post=60099"}],"curies":[{"name":"wp","href":"https:\/\/api.w.org\/{rel}","templated":true}]}}