{"id":60585,"date":"2022-06-09T23:23:53","date_gmt":"2022-06-09T23:23:53","guid":{"rendered":"https:\/\/theseedfair.com\/?post_type=product&#038;p=60585"},"modified":"2024-06-12T14:50:20","modified_gmt":"2024-06-12T14:50:20","slug":"thc-bomb-auto","status":"publish","type":"product","link":"https:\/\/theseedfair.com\/de\/product\/autoflowering-cannabis-samen\/thc-bomb-auto\/","title":{"rendered":"THC Bomb Autoflower Samen"},"content":{"rendered":"<h2>THC Bomb Samen<\/h2>\n<p>Ask any experienced stoner what a bomb is, and they\u00e2\u0080\u0099ll tell you it\u00e2\u0080\u0099s the perfect way to describe THC Bomb Autoflowering Marijuana Seeds. A super-potent autoflowering cross, this flower is sure to make any smoker\u00e2\u0080\u0099s day. And if you are doubting its abilities&#8230;<\/p>\n<p>Let us start with what a bomb should not be smelling! As you grow her, she continuously throws small grenade fragments filled with sour diesel and sweet lemony undertones. These nugs smell like they will be packing a punch, and they most certainly are! After hitting maturity, she fills the room with an aroma that can only be described as a sour diesel and sweet lemonade mixed together.<\/p>\n<p>Wait until she bombards your tastebuds with a taste so good that you will be left in awe. Sie hat einen s\u00fc\u00dfen zitrusartigen Geschmack mit Zitronen- und Kiefernoten, der einfach k\u00f6stlich ist! Akzentuiert von einigen zarten holzigen Untert\u00f6nen ist dieser Geschmack einer, dessen Sie nie m\u00fcde werden! Der Rauch ist sanft im Rachen und in der Lunge und macht das Erlebnis von Anfang bis Ende angenehm!<\/p>\n<p>Hier kommt das Beste sowohl von Indica als auch von Sativa perfekt ausgewogen in einem 50\/50-Verh\u00e4ltnis. Die THC Bomb Autoflowering Hanfsorte ist perfekt f\u00fcr jede Tageszeit. Ob Sie sich am Abend entspannen oder am Morgen aufstehen und loslegen m\u00f6chten, diese Sorte wird daf\u00fcr sorgen, dass Sie sich gro\u00dfartig f\u00fchlen! Das High ist perfekt zum sozialen Beisammensein und Erkunden neuer Dinge. Sie werden sich energiegeladen und gl\u00fccklich f\u00fchlen, was diese Sorte perfekt f\u00fcr die Wochenenden macht!<\/p>\n<p>Sie fragen sich vielleicht, warum sie die THC-Bombe genannt wurde? Hier ist die perfekte Antwort f\u00fcr Sie. Mit einem THC-Gehalt von 22 % ist diese Sorte nichts f\u00fcr schwache Nerven! Diese autoflowering Sorte packt einen Schlag, der selbst den erfahrensten Stoner kopflastig machen wird. Wenn Sie nach einer Sorte suchen, die Sie auf die Couch haut, dann suchen Sie nicht weiter! Die THC Bomb Autoflowering Sortenlieferung ist sicher!<\/p>\n<h2>Wirkungen von THC Bomb Autoflowering Hanfsamen<\/h2>\n<p>Die euphorische Wirkung der THC Bomb Sorte ist perfekt, wenn Sie sich entspannen und abschalten m\u00f6chten. Es wird Sie gl\u00fccklich und zufrieden machen, ohne zu erdr\u00fcckend zu sein. Sie k\u00f6nnen Ihren Tag oder Abend ohne Sorgen oder Bedenken genie\u00dfen.<\/p>\n<p>Trotz des hohen Indica-Gehalts der THC Bomb Sorte wird sie Ihnen einen sch\u00f6nen Kreativit\u00e4tsschub verleihen. Wenn Sie nach einer Sorte suchen, die Ihnen bei Ihren kreativen Unternehmungen hilft, dann ist dies definitiv eine \u00dcberlegung wert. Ob Sie an einem Projekt arbeiten oder sich einfach nur entspannen und Zeit f\u00fcr sich selbst genie\u00dfen m\u00f6chten, die THC Bomb wird Ihnen helfen, Ihre kreativen S\u00e4fte zum Flie\u00dfen zu bringen.<\/p>\n<p>Die F\u00e4higkeit der Sorte, Ihre Stimmung zu verbessern und Sie gl\u00fccklich zu machen, kann auch f\u00fcr Menschen mit Depressionen von Vorteil sein. Wenn Sie sich niedergeschlagen f\u00fchlen, dann k\u00f6nnten ein paar Z\u00fcge dieser starken Indica alles sein, was Sie brauchen, um das Blatt zu wenden.<\/p>\n<p>Sie ist auch eine ausgezeichnete Sorte zur Schmerzbehandlung. Egal, ob Sie unter chronischen Schmerzen oder nur gelegentlichen Kopfschmerzen leiden, diese Indica kann helfen, die Kanten zu gl\u00e4tten und Sie sich wohler zu f\u00fchlen.<\/p>\n<h2>Wie w\u00e4chst THC Bomb Autoflowering Hanfsamen?<\/h2>\n<p>Als Neuling brauchen Sie sich keine Sorgen \u00fcber die Schwierigkeiten beim Anbau dieser Sorte zu machen. Die THC Bomb autoflowering Sorte ist einfach zu z\u00fcchten und gedeiht sowohl im Innen- als auch im Au\u00dfenbereich.<\/p>\n<p>Genau wie jede andere Pflanze ben\u00f6tigen die THC Bomb Autoflowering Hanfsamen ausreichend und optimal Wasser, Sonnenlicht und N\u00e4hrstoffe, um zu gedeihen. Sie ist nicht besonders w\u00e4hlerisch in Bezug auf ihre N\u00e4hrstoffbed\u00fcrfnisse, aber Sie sollten ihr dennoch einen hochwertigen D\u00fcnger geben, um ihr volles Potenzial zu entfalten. Was das Gie\u00dfen betrifft, mag sie es, feucht, aber nicht durchn\u00e4sst gehalten zu werden. Lassen Sie die oberste Schicht des Bodens ein oder zwei Zoll trocknen, bevor Sie sie erneut gie\u00dfen. Die ideale Temperatur f\u00fcr die THC Bomb Sorte liegt zwischen 21 und 27 Grad Celsius. Sie ist eine widerstandsf\u00e4hige Pflanze, die mit einigen Temperaturschwankungen zurechtkommt, aber sie wird in diesen optimalen Bedingungen am besten gedeihen.<\/p>\n<p>Es wird einfach nie langweilig, einen Anf\u00e4nger-G\u00e4rtner strahlen zu lassen, selbst mit sehr begrenzten Anbauf\u00e4higkeiten, oder? Die Sorte ist eine sehr kurze und buschige Pflanze, die selten h\u00f6her als 90 cm wird. Man kann problemlos eine gro\u00dfartige Ernte dieses Weeds im Innenbereich produzieren, ohne sich um die Deckenh\u00f6he Sorgen zu machen.<\/p>\n<p>Die THC Bomb Sorte von Marihuana sieht aus wie Ihr typisches Weed. Sie hat die gleiche gr\u00fcne Farbe mit einigen braunen und orangefarbenen Haaren. Aber was sie abhebt, ist ihr frostiges Aussehen aufgrund des hohen Trichomgehalts. Die Knospen sind auch dicht und kompakt, was sie perfekt f\u00fcr diejenigen macht, die Platz sparen m\u00f6chten.<\/p>\n<p>Ihre autoflowering Natur macht sie zu einer perfekten Kandidatin f\u00fcr einen Z\u00fcchter, der nicht mit Lichtpl\u00e4nen spielen m\u00f6chte. Einfach einrichten und vergessen, bis es Zeit ist zu ernten. Nun, nat\u00fcrlich mit einigen anderen Formen von TLC, oder?<\/p>\n<p>Sie m\u00fcssen sich keine Sorgen um Hermaphroditen mit der THC Bomb machen, da sie eine 100% feminisierte Sorte ist. Das bedeutet, dass all ihre Blumen weiblich sein werden und Sie sich keine Sorgen um m\u00e4nnliche Pflanzen machen m\u00fcssen, die Ihre Ernte ruinieren. Eine der besten Eigenschaften der THC Bomb ist, dass sie eine autoflowering Sorte ist. Das bedeutet, dass sie von alleine zu bl\u00fchen beginnt, ohne dass es einer \u00c4nderung des Lichtzyklus bedarf. Sie ist ziemlich schnell und hat nur eine Bl\u00fctezeit von 50-60 Tagen.<\/p>\n<p>THC Bomb kann im Innenbereich einen massiven Ertrag von bis zu 450 g\/m\u00b2 produzieren. Wenn Sie jedoch das Beste aus ihr herausholen m\u00f6chten, dann ist der Anbau im Freien der richtige Weg. Beim Anbau im Freien kann sie einen Ertrag von bis zu 800 g\/Pflanze erzielen.<\/p>\n<h2>Geschichte der THC Bomb Autoflowering Hanfsamen<\/h2>\n<p>Die THC Bomb autoflowering Hanfsamen wurden von Willits gez\u00fcchtet. Leider ist die Abstammung dieser Sorte unbekannt. Was wir jedoch wissen, ist, dass ihr Name nicht umsonst gew\u00e4hlt wurde. Sie wurde sicherlich gez\u00fcchtet, um potent zu sein und beim Konsum einige nukleare THC-Bomben zu liefern.<\/p>\n","protected":false},"excerpt":{"rendered":"<p>Mit einer THC-Potenz von 22 % sind die THC Bomb Autoflowering Samen nichts f\u00fcr Leichtgewichte. Aber keine Angst, ihr ausgewogener Indica-Sativa-Mix sorgt daf\u00fcr, dass Sie voller Energie sind, um zu sozialisieren oder sich zu entspannen. Der Anbau der THC Bomb ist kinderleicht, perfekt f\u00fcr Anf\u00e4nger. Und hey, sie ist 100% feminisiert, also keine Sorge um m\u00e4nnliche Pflanzen, die Ihre Ernte ruinieren!<\/p>\n","protected":false},"featured_media":65494,"comment_status":"open","ping_status":"closed","template":"","meta":{"_acf_changed":false,"_glsr_average":0,"_glsr_ranking":0,"_glsr_reviews":0},"product_brand":[],"product_cat":[56,62,19,3067,68,33,1161],"product_tag":[],"class_list":{"0":"post-60585","1":"product","2":"type-product","3":"status-publish","4":"has-post-thumbnail","6":"product_cat-autoflowering-cannabis-samen","7":"product_cat-cannabis-samen-fuer-anfaenger","8":"product_cat-feminisierte-cannabis-samen","9":"product_cat-ertragreiche-samen","10":"product_cat-hoher-thc-gehalt","11":"product_cat-hybride-cannabis-samen","12":"product_cat-neu","14":"first","15":"instock","16":"taxable","17":"shipping-taxable","18":"purchasable","19":"product-type-variable"},"acf":[],"aioseo_notices":[],"_links":{"self":[{"href":"https:\/\/theseedfair.com\/de\/wp-json\/wp\/v2\/product\/60585","targetHints":{"allow":["GET"]}}],"collection":[{"href":"https:\/\/theseedfair.com\/de\/wp-json\/wp\/v2\/product"}],"about":[{"href":"https:\/\/theseedfair.com\/de\/wp-json\/wp\/v2\/types\/product"}],"replies":[{"embeddable":true,"href":"https:\/\/theseedfair.com\/de\/wp-json\/wp\/v2\/comments?post=60585"}],"wp:featuredmedia":[{"embeddable":true,"href":"https:\/\/theseedfair.com\/de\/wp-json\/wp\/v2\/media\/65494"}],"wp:attachment":[{"href":"https:\/\/theseedfair.com\/de\/wp-json\/wp\/v2\/media?parent=60585"}],"wp:term":[{"taxonomy":"product_brand","embeddable":true,"href":"https:\/\/theseedfair.com\/de\/wp-json\/wp\/v2\/product_brand?post=60585"},{"taxonomy":"product_cat","embeddable":true,"href":"https:\/\/theseedfair.com\/de\/wp-json\/wp\/v2\/product_cat?post=60585"},{"taxonomy":"product_tag","embeddable":true,"href":"https:\/\/theseedfair.com\/de\/wp-json\/wp\/v2\/product_tag?post=60585"}],"curies":[{"name":"wp","href":"https:\/\/api.w.org\/{rel}","templated":true}]}}