{"id":60933,"date":"2022-06-16T02:47:37","date_gmt":"2022-06-16T02:47:37","guid":{"rendered":"https:\/\/theseedfair.com\/?post_type=product&#038;p=60933"},"modified":"2024-06-19T12:47:54","modified_gmt":"2024-06-19T12:47:54","slug":"harle-tsu","status":"publish","type":"product","link":"https:\/\/theseedfair.com\/de\/product\/cbd-cannabis-samen\/harle-tsu\/","title":{"rendered":"Harle-Tsu CBD Samen"},"content":{"rendered":"<h2>Harle-Tsu Samen<\/h2>\n<p>Haben Sie schon einmal von einer w\u00fcrzigen, krautigen CBD-Sorte geh\u00f6rt? Wie schmeckt sie? Wir k\u00f6nnten es Ihnen sagen, aber es w\u00fcrde nicht gerecht werden. Sie m\u00fcssen es selbst ausprobieren. Harle-Tsu CBD Feminisierte Marihuana Samen haben einen w\u00fcrzigen, krautigen Geschmack, der aus dieser Welt ist. Wenn Sie ein Fan von CBD-Sorten sind, dann m\u00fcssen Sie diese ausprobieren. Der Geschmack der Sorte ist eine perfekte Mischung aus s\u00fc\u00df und sauer. Die Knospen sind mit Zuckerkristallen \u00fcberzogen, die sie wie Bonbons schmecken lassen. Der Nachgeschmack ist holzig und pinienartig.<\/p>\n<p>Die Samen mischen Indica und Sativa mit 60 % Indica und 40 % Sativa. Dieses fast ausgewogene Hybrid bietet Ihnen das Beste aus beiden Welten. Sie erhalten die Entspannung einer Indica mit der geistigen Klarheit einer Sativa. Die beste Zeit, diese Sorte zu verwenden, ist am Abend oder an Wochenenden, wenn Sie Zeit haben, sich zu entspannen. Aber aufgrund der signifikanten Sativa-Genetik kann die Sorte auch tags\u00fcber verwendet werden.<\/p>\n<p>Wenn Sie ein neuer Kiffer sind, sind diese Samen perfekt f\u00fcr Sie. Der THC-Gehalt betr\u00e4gt nur 1 % und CBD 11 %, was bedeutet, dass Sie nicht high werden. Sie erhalten nur die medizinischen Vorteile von Cannabis ohne die psychoaktiven Wirkungen. Dies macht sie zu einer ausgezeichneten Wahl f\u00fcr Menschen, die Cannabis aus medizinischen Gr\u00fcnden verwenden m\u00f6chten, aber nicht high werden wollen.<\/p>\n<h2>Effekte von Harle-Tsu CBD Feminisierte Marihuana Samen<\/h2>\n<p>Die Effekte dieser Sorte k\u00f6nnen einige Zeit dauern, bevor sie einsetzt. Aber einmal eingesetzt, werden Sie eine Welle der Entspannung \u00fcber Ihren K\u00f6rper sp\u00fcren. Sie werden sp\u00fcren, wie Ihre Muskeln sich lockern und jegliche Schmerzen oder Entz\u00fcndungen, die Sie haben k\u00f6nnten, verschwinden. Dies wird von einem Gef\u00fchl geistiger Klarheit begleitet. Sie werden klar denken und sich auf Aufgaben konzentrieren k\u00f6nnen.<\/p>\n<p>Harle-Tsu ist eine medizinische Marihuana-Sorte mit hohem CBD-Gehalt, die den Nutzern eine Reihe potenzieller gesundheitlicher Vorteile bietet. Sie bietet medizinische Vorteile, die hilfreich f\u00fcr diejenigen sein k\u00f6nnen, die unter Schlaflosigkeit, Schmerzen, Depressionen, Angstzust\u00e4nden oder Appetitlosigkeit leiden. Der CBD-Gehalt in Harle-Tsu hilft, diese Symptome zu lindern, w\u00e4hrend der THC-Gehalt eine milde psychoaktive Wirkung bietet, die die Stimmung verbessern kann. F\u00fcr viele medizinische Marihuana-Patienten kann Harle-Tsu eine effektive M\u00f6glichkeit sein, die erforderliche Linderung zu erhalten, ohne die Couch-Lock-Effekte, die oft mit schwereren Indica-Sorten verbunden sind. Wenn Sie nach einer vielseitigen Sorte suchen, die Erleichterung bei verschiedenen Bedingungen bieten kann, k\u00f6nnte Harle-Tsu einen Blick wert sein.<\/p>\n<h2>Wie wachsen Harle-Tsu CBD Feminisierte Marihuana Samen?<\/h2>\n<p>Der Cannabis-Anbau kann einfach oder schwierig sein, je nach gew\u00e4hlter Sorte. Einige Sorten sind einfach anzubauen und erfordern nicht viel Erfahrung, w\u00e4hrend andere anspruchsvoller sein k\u00f6nnen. Harle-Tsu liegt irgendwo in der Mitte &#8211; es ist nicht die einfachste Sorte zu wachsen, aber auch nicht die schwierigste. Wenn Sie \u00fcber grundlegende Erfahrungen im Anbau von Cannabis verf\u00fcgen, sollten Sie in der Lage sein, Harle-Tsu CBD Feminisierte Marihuana Samen ohne Probleme anzubauen. Die Sorte Harle-Tsu w\u00e4chst am besten in Wachstumsr\u00e4umen und Gew\u00e4chsh\u00e4usern sowie im Freilandklima. Es ist eine vielseitige Sorte, die sich an verschiedene Umgebungen anpassen kann, was sie zu einer guten Wahl f\u00fcr diejenigen macht, die mit dem Anbau von Cannabis in verschiedenen Umgebungen experimentieren m\u00f6chten.<\/p>\n<p>Das Verstehen der optimalen Wachstumsbedingungen f\u00fcr Harle-Tsu ist entscheidend, bevor Sie mit dem Anbau beginnen. Das gilt auch f\u00fcr jede andere Sorte. Das Verst\u00e4ndnis der Grundbed\u00fcrfnisse der Pflanze hilft Ihnen, die bestm\u00f6gliche Umgebung f\u00fcr das Gedeihen der Pflanze zu schaffen. Harle-Tsu w\u00e4chst am besten in feuchten Klimazonen mit Temperaturen zwischen 70 und 80 Grad Fahrenheit. Der ideale Feuchtigkeitsgehalt f\u00fcr Harle-Tsu liegt bei etwa 60 %. Was das Gie\u00dfen betrifft, sollten Sie Harle-Tsu eine m\u00e4\u00dfige Menge Wasser geben. Zu viel Wasser kann zu Problemen wie Wurzelf\u00e4ule f\u00fchren, w\u00e4hrend zu wenig Wasser die Pflanze stressen kann. Es ist wichtig, ein Gleichgewicht zu finden. Was die Ern\u00e4hrung betrifft, ben\u00f6tigt Harle-Tsu eine moderate Menge an N\u00e4hrstoffen. \u00dcberf\u00fctterung kann zu Problemen wie N\u00e4hrstoffbrand f\u00fchren, daher ist es wichtig, vorsichtig zu sein und es nicht zu \u00fcbertreiben. Eine gute Faustregel ist es, der Pflanze in der Vegetationsphase die H\u00e4lfte der empfohlenen Menge an N\u00e4hrstoffen zu geben und die Menge dann in der Bl\u00fctephase auf volle St\u00e4rke zu erh\u00f6hen.<\/p>\n<p>Harle-Tsu CBD Feminisierte Marihuana Samen f\u00fchren nicht zu sehr hohen oder kurzen Pflanzen. Die durchschnittliche H\u00f6he, die Sie von Harle-Tsu erwarten k\u00f6nnen, liegt zwischen 3 und 4 Fu\u00df. Dies wird als mittlere H\u00f6he mit einem kompakten Hauptstamm und nach au\u00dfen wachsenden Zweigen klassifiziert. Das physische Aussehen wird verwendet, um eine Art von Cannabis von einer anderen zu unterscheiden. Harle-Tsu hat gro\u00dfe Bl\u00e4tter, die eine tiefgr\u00fcne Farbe haben. Die Bl\u00e4tter sind mit frostigen, kristallinen Trichomen bedeckt, die ihnen ein funkelndes Aussehen verleihen. Die Bl\u00fcten von Harle-Tsu sind dicht und kompakt, mit orangefarbenen Stempeln, die aus den Knospen herausragen.<\/p>\n<p>Sie k\u00f6nnen sicher sein, dass Sie weibliche Harle-Tsu Pflanzen erhalten, wenn Sie unsere feminisierten Samen anbauen. Wir achten sehr darauf, sicherzustellen, dass alle von uns verkauften Samen feminisiert sind, sodass Sie sich keine Sorgen \u00fcber m\u00e4nnliche Pflanzen oder Hermaphroditen machen m\u00fcssen. Dies bedeutet, dass Sie sich auf den Anbau gesunder, ertragreicher Pflanzen konzentrieren k\u00f6nnen. Automatische Bl\u00fcte ist eine Technik, bei der Pflanzen automatisch bl\u00fchen, ohne dass der Lichtzyklus ge\u00e4ndert werden muss. Dies wird durch die Verwendung speziell gez\u00fcchteter Samen erreicht, die basierend auf dem Alter und nicht auf der Lichtaussetzung bl\u00fchen. Automatische Bl\u00fcte ist eine bequeme M\u00f6glichkeit, Cannabis anzubauen und beseitigt die Sorge um die \u00c4nderung des Lichtzyklus. Es erm\u00f6glicht auch k\u00fcrzere Wachstumszeiten, da Pflanzen bei dieser Technik schneller bl\u00fchen.<\/p>\n<p>Die Bl\u00fctezeit f\u00fcr Harle-Tsu betr\u00e4gt 50-60 Tage. Dies wird als relativ kurze Bl\u00fctezeit angesehen, insbesondere im Vergleich zu anderen Cannabissorten. Dies macht Harle-Tsu zu einer guten Wahl f\u00fcr diejenigen, die Cannabis in k\u00fcrzerer Zeit anbauen m\u00f6chten. Der Ertrag f\u00fcr Harle-Tsu betr\u00e4gt 350g\/m\u00b2 im Innenbereich und bis zu 450 gr\/Pflanze im Freien. Dies wird als hoher Ertrag angesehen, was Harle-Tsu zu einer guten Wahl f\u00fcr diejenigen macht, die viel Cannabis von ihren Pflanzen erhalten m\u00f6chten.<\/p>\n<h2>Geschichte von Harle-Tsu CBD Feminisierte Marihuana Samen<\/h2>\n<p>Harle-Tsu ist eine hoch-CBD-Sorte, die von CBD Depot gez\u00fcchtet wurde. Es ist eine Kreuzung zwischen Harlequin und Sour Tsunami. Die resultierende Sorte ist reich an CBD und arm an THC, was sie zu einer guten Wahl f\u00fcr diejenigen macht, die die medizinischen Vorteile von Cannabis ohne die psychoaktiven Wirkungen suchen. Harlequin tr\u00e4gt zum hohen CBD-Gehalt bei, w\u00e4hrend Sour Tsunami zum niedrigen THC-Gehalt beitr\u00e4gt.<\/p>\n","protected":false},"excerpt":{"rendered":"<p>Harle-Tsu Feminisiert nimmt den Thron im K\u00f6nigreich der hoch-CBD-Sorten ein und kombiniert eine w\u00fcrzige krautige Note mit milden 1% THC und m\u00e4chtigen 11% CBD. Diese 60 % Indica\/40 % Sativa-Mischung bietet Gelassenheit und Fokus. Diese CBD-K\u00f6niginnen sind hier, um Ihr Wellness-Routine zu \u00e4ndern.<\/p>\n","protected":false},"featured_media":65822,"comment_status":"open","ping_status":"closed","template":"","meta":{"_acf_changed":false,"_glsr_average":0,"_glsr_ranking":0,"_glsr_reviews":0},"product_brand":[],"product_cat":[62,64,19,30,1161,1610],"product_tag":[],"class_list":{"0":"post-60933","1":"product","2":"type-product","3":"status-publish","4":"has-post-thumbnail","6":"product_cat-cannabis-samen-fuer-anfaenger","7":"product_cat-cbd-cannabis-samen","8":"product_cat-feminisierte-cannabis-samen","9":"product_cat-indica-cannabis-samen","10":"product_cat-neu","11":"product_cat-photoperiodische-cannabis-samen","13":"first","14":"instock","15":"taxable","16":"shipping-taxable","17":"purchasable","18":"product-type-variable"},"acf":[],"aioseo_notices":[],"_links":{"self":[{"href":"https:\/\/theseedfair.com\/de\/wp-json\/wp\/v2\/product\/60933","targetHints":{"allow":["GET"]}}],"collection":[{"href":"https:\/\/theseedfair.com\/de\/wp-json\/wp\/v2\/product"}],"about":[{"href":"https:\/\/theseedfair.com\/de\/wp-json\/wp\/v2\/types\/product"}],"replies":[{"embeddable":true,"href":"https:\/\/theseedfair.com\/de\/wp-json\/wp\/v2\/comments?post=60933"}],"wp:featuredmedia":[{"embeddable":true,"href":"https:\/\/theseedfair.com\/de\/wp-json\/wp\/v2\/media\/65822"}],"wp:attachment":[{"href":"https:\/\/theseedfair.com\/de\/wp-json\/wp\/v2\/media?parent=60933"}],"wp:term":[{"taxonomy":"product_brand","embeddable":true,"href":"https:\/\/theseedfair.com\/de\/wp-json\/wp\/v2\/product_brand?post=60933"},{"taxonomy":"product_cat","embeddable":true,"href":"https:\/\/theseedfair.com\/de\/wp-json\/wp\/v2\/product_cat?post=60933"},{"taxonomy":"product_tag","embeddable":true,"href":"https:\/\/theseedfair.com\/de\/wp-json\/wp\/v2\/product_tag?post=60933"}],"curies":[{"name":"wp","href":"https:\/\/api.w.org\/{rel}","templated":true}]}}