{"id":61059,"date":"2022-06-21T20:00:03","date_gmt":"2022-06-21T20:00:03","guid":{"rendered":"https:\/\/theseedfair.com\/?post_type=product&#038;p=61059"},"modified":"2024-06-12T15:16:06","modified_gmt":"2024-06-12T15:16:06","slug":"pennywise","status":"publish","type":"product","link":"https:\/\/theseedfair.com\/de\/product\/cbd-cannabis-samen\/pennywise\/","title":{"rendered":"Pennywise CBD Samen"},"content":{"rendered":"<h2>Pennywise CBD Samen<\/h2>\n<p>Hier ist ein Sesh gef\u00fcllt bis zum Rand mit wahrscheinlich den besten Aromatherapie-Noten, die Sie bekommen k\u00f6nnen. Bl\u00fcten von diesen Pennywise CBD feminierten Marihuana-Samen verstr\u00f6men ein wirklich fruchtiges und s\u00fc\u00dfes Aroma, das unm\u00f6glich zu \u00fcbersehen ist. Wenn du sie anf\u00e4ngst zu zermahlen, verstr\u00f6mt sie einen zitronenartigen Geruch, der nur st\u00e4rker wird, je weiter du gehst. Es sind jedoch die tropischen Untert\u00f6ne, die dieser Sorte ihren Platz als eine der am besten riechenden Unkr\u00e4uter da drau\u00dfen sichern.<\/p>\n<p>Der Geschmack erinnert tats\u00e4chlich an den Geruch, er ist zitronig und zitronig mit einem Hauch von S\u00fc\u00dfe. Es ist kein \u00fcberw\u00e4ltigender Geschmack, aber er ist sicherlich da. Die Sch\u00e4rfe k\u00f6nnte f\u00fcr manche Leute ein bisschen zu viel sein, aber wenn man damit umgehen kann, erwartet einen ein Genuss!<\/p>\n<p>Was ist besser, als eine fruchtige und s\u00fc\u00df riechende Sorte zu haben, die auch noch toll schmeckt? Wenn Sie im Kontext dieser Pennywise CBD-Sorte fragen, dann liegt die Antwort in ihren starken Indica-Genetiken. Mit einer 80% Indica \/ 20% Sativa-Aufteilung bietet sie ein wirklich entspannendes und schweres High, das perfekt ist, um nach einem langen Tag zu entspannen. Ob Sie sich auf der Couch entspannen oder einen ruhigen Abend zu Hause genie\u00dfen, Pennywise wird sicherlich gefallen.<\/p>\n<p>F\u00fcr diejenigen, die eine hoch-THC-Sorte suchen, die Sie beim ersten Schnuppern umhaut, ist dies nicht sie. F\u00fcr diejenigen jedoch, die eine moderate THC-Sorte suchen, die dennoch einen Schlag hat, ist Pennywise Ihr M\u00e4dchen. Mit einem THC-Gehalt von 14% ist sie perfekt f\u00fcr mittelstarke Raucher, die ihr High auf die n\u00e4chste Stufe heben m\u00f6chten.<\/p>\n<p>Anf\u00e4nger, die anfangen, Marihuana zu rauchen, werden lieben, wie der hohe CBD-Gehalt alle extrem psychoaktiven Effekte ausgleicht. Erfahrene Raucher werden lieben, wie der hohe CBD-Gehalt den Gesamteffekt des Highs abmildert. Und f\u00fcr medizinische Marihuana-Patienten wissen Sie, was ein CBD-Gehalt weit \u00fcber 10% f\u00fcr Sie tun kann.<\/p>\n<h2>Effekte von Pennywise CBD feminisierten Marihuana-Samen<\/h2>\n<p>Sie werden sich unglaublich fokussiert f\u00fchlen, wenn Sie dieses Gras rauchen. Es wird Sie nicht paranoid oder \u00e4ngstlich machen, aber es wird Ihnen erlauben, sich auf die jeweilige Aufgabe zu konzentrieren. Dies ist perfekt f\u00fcr diejenigen, die Dinge erledigen m\u00fcssen, sich aber nicht vom Stress \u00fcberw\u00e4ltigen lassen wollen!<\/p>\n<p>Eine Sache ist sicher: Pennywise CBD wird sicherlich etwas dringend ben\u00f6tigte Erleichterung bieten, wenn Sie mit Angstzust\u00e4nden oder Depressionen zu k\u00e4mpfen haben. Das gl\u00fcckliche und zufriedene Gef\u00fchl, das sie bietet, wird eine willkommene Pause von den negativen Gedanken sein, die Ihren Geist plagen k\u00f6nnen. Sie werden den Tag \u00fcberstehen k\u00f6nnen, ohne von Ihren \u00c4ngsten \u00fcberw\u00e4ltigt zu werden.<\/p>\n<p>CBD ist auch bekannt f\u00fcr seine schmerzlindernden Eigenschaften. Wenn Sie unter chronischen Schmerzen oder Entz\u00fcndungen leiden, k\u00f6nnte diese Sorte genau das sein, was Sie brauchen, um etwas Erleichterung zu finden. Nehmen Sie einfach etwas Pennywise CBD vor dem Schlafengehen, und Sie k\u00f6nnen alle Schmerzen und Beschwerden vergessen!<\/p>\n<p>F\u00fcr diejenigen, die unter Schlaflosigkeit leiden, wird Pennywise CBD Ihr neuer bester Freund sein! Die entspannenden Effekte dieser Sorte werden Ihnen helfen, in einen tiefen und friedlichen Schlaf zu gleiten. Sie werden erfrischt und ausgeruht aufwachen und bereit sein, den Tag in Angriff zu nehmen!<\/p>\n<h2>Wie w\u00e4chst Pennywise CBD feminierte Marihuana-Samen?<\/h2>\n<p>Keine Sorge, die Pennywise CBD-Sorte ist perfekt f\u00fcr diejenigen, die neu im Anbau sind. Sie wird nicht Ihr gesamtes Anbauprojekt \u00fcbernehmen und ist nicht allzu anspruchsvoll. Sie werden in der Lage sein, dieses Unkraut m\u00fchelos zu z\u00fcchten und dabei gro\u00dfen Spa\u00df zu haben! Diese Pflanze ist auch extrem verzeihend, sodass es kein Weltuntergang ist, wenn Sie einen Fehler machen. Sie werden aus Ihren Fehlern lernen und ohne Probleme weitermachen k\u00f6nnen!<\/p>\n<p>Pennywise CBD feminierten Marihuana-Samen k\u00f6nnen sowohl drinnen als auch drau\u00dfen angebaut werden. Beim Indoor-Anbau wird die Verwendung der Sea of Green (SOG) Methode empfohlen. Diese Methode beinhaltet das Pflanzen vieler kleiner Pflanzen dicht beieinander, um eine einzelne Lichtquelle zu teilen. Dies f\u00fchrt zu k\u00fcrzeren Pflanzen mit kompakteren Knospen. Wenn Sie im Freien anbauen, stellen Sie sicher, dass Sie sie an einem sonnigen Platz pflanzen.<\/p>\n<p>Einfach gesagt, Sie werden eine einfache Zeit haben, ihre H\u00f6he zu handhaben. Pennywise wird zu mittlerer H\u00f6he heranwachsen, daher wird sie nicht Ihr gesamtes Anbauprojekt \u00fcbernehmen. Sie werden in der Lage sein, sie leicht zu kontrollieren und diskret zu halten, wenn Sie es m\u00fcssen.<\/p>\n<p>Wenn das Aussehen alles w\u00e4re, dann w\u00e4re dieses M\u00e4dchen eine 10\/10! Die Pennywise CBD-Sorte hat dichte und klebrige Bl\u00fcten, die von Trichomen bedeckt sind. Die Bl\u00e4tter haben einen wundersch\u00f6nen Gr\u00fcnton und die Stempel sind orangebraun.<\/p>\n<p>Hier ist einer der Hauptgr\u00fcnde, warum frische Z\u00fcchter mit minimaler Erfahrung feminisierte Samen gegen\u00fcber regul\u00e4ren Samen w\u00e4hlen sollten. Mit regul\u00e4ren Samen haben Sie keine Garantie, dass die Pflanze weiblich ist. Das bedeutet, dass Sie am Ende eine m\u00e4nnliche Pflanze erhalten k\u00f6nnten, was eine v\u00f6llige Verschwendung von Zeit und Geld w\u00e4re. Mit Pennywise CBD feminierten Marihuana-Samen wissen Sie, dass jeder einzelne Samen zu einer sch\u00f6nen und ertragreichen weiblichen Pflanze heranwachsen wird!<\/p>\n<p>Trotz ihrer photoperiodischen Bl\u00fctennatur wird Pennywise immer noch eine relativ mittlere Bl\u00fctezeit haben. In nur 60-70 Tagen k\u00f6nnen Sie die Fr\u00fcchte Ihrer Arbeit genie\u00dfen!<\/p>\n<p>Sie werden nicht entt\u00e4uscht sein von Pennywise CBD-Samen, egal wo Sie sie anbauen. Die Pennywise CBD-Sorte wird einen massiven Indoor-Ertrag von bis zu 450g\/m\u00b2 und einen Outdoor-Ertrag von bis zu 450 gr\/Pflanze liefern!<\/p>\n<h2>Geschichte der Pennywise CBD feminierten Marihuana-Samen<\/h2>\n<p>The Seed Fair arbeitet mit den renommiertesten Samen-Z\u00fcchtern der Branche zusammen, um Ihnen die besten CBD-Samen auf dem Markt zu bringen. Wir haben uns mit CBD Depot zusammengetan, um Ihnen Pennywise feminierte Marihuana-Samen zu bringen! Und um eine so gro\u00dfartige CBD-reiche Sorte zu erzielen, hat CBD Depot eine Kreuzung aus Harlequin und Jack the Ripper gez\u00fcchtet. Das Endergebnis ist eine potente und kraftvolle Pflanze, die sicherlich beeindrucken wird.<\/p>\n","protected":false},"excerpt":{"rendered":"<p>Pennywise feminisierte Samen stechen hervor durch ihren au\u00dfergew\u00f6hnlichen Mix aus 80% Indica und 20% Sativa und erreichen ein perfektes Gleichgewicht mit 10% CBD und 14% THC-Gehalt. Diese Samen sind perfekt f\u00fcr sowohl Anf\u00e4nger als auch erfahrene Z\u00fcchter, die einen Ertrag von weiblichen Pflanzen mit dichten, tropisch duftenden Bl\u00fcten versprechen.<\/p>\n","protected":false},"featured_media":65826,"comment_status":"open","ping_status":"closed","template":"","meta":{"_acf_changed":false,"_glsr_average":0,"_glsr_ranking":0,"_glsr_reviews":0},"product_brand":[],"product_cat":[62,64,19,30,1161],"product_tag":[],"class_list":{"0":"post-61059","1":"product","2":"type-product","3":"status-publish","4":"has-post-thumbnail","6":"product_cat-cannabis-samen-fuer-anfaenger","7":"product_cat-cbd-cannabis-samen","8":"product_cat-feminisierte-cannabis-samen","9":"product_cat-indica-cannabis-samen","10":"product_cat-neu","12":"first","13":"instock","14":"taxable","15":"shipping-taxable","16":"purchasable","17":"product-type-variable"},"acf":[],"aioseo_notices":[],"_links":{"self":[{"href":"https:\/\/theseedfair.com\/de\/wp-json\/wp\/v2\/product\/61059","targetHints":{"allow":["GET"]}}],"collection":[{"href":"https:\/\/theseedfair.com\/de\/wp-json\/wp\/v2\/product"}],"about":[{"href":"https:\/\/theseedfair.com\/de\/wp-json\/wp\/v2\/types\/product"}],"replies":[{"embeddable":true,"href":"https:\/\/theseedfair.com\/de\/wp-json\/wp\/v2\/comments?post=61059"}],"wp:featuredmedia":[{"embeddable":true,"href":"https:\/\/theseedfair.com\/de\/wp-json\/wp\/v2\/media\/65826"}],"wp:attachment":[{"href":"https:\/\/theseedfair.com\/de\/wp-json\/wp\/v2\/media?parent=61059"}],"wp:term":[{"taxonomy":"product_brand","embeddable":true,"href":"https:\/\/theseedfair.com\/de\/wp-json\/wp\/v2\/product_brand?post=61059"},{"taxonomy":"product_cat","embeddable":true,"href":"https:\/\/theseedfair.com\/de\/wp-json\/wp\/v2\/product_cat?post=61059"},{"taxonomy":"product_tag","embeddable":true,"href":"https:\/\/theseedfair.com\/de\/wp-json\/wp\/v2\/product_tag?post=61059"}],"curies":[{"name":"wp","href":"https:\/\/api.w.org\/{rel}","templated":true}]}}