{"id":61064,"date":"2022-06-21T20:03:04","date_gmt":"2022-06-21T20:03:04","guid":{"rendered":"https:\/\/theseedfair.com\/?post_type=product&#038;p=61064"},"modified":"2024-06-19T12:49:04","modified_gmt":"2024-06-19T12:49:04","slug":"ringos-gift","status":"publish","type":"product","link":"https:\/\/theseedfair.com\/de\/product\/cbd-cannabis-samen\/ringos-gift\/","title":{"rendered":"Ringo&#8217;s Gift CBD Samen"},"content":{"rendered":"<h2>Ringo&#8217;s Gift CBD Samen<\/h2>\n<p>W\u00e4hrend Sie dies lesen, gibt es Menschen auf der ganzen Welt, die die vielen Vorteile von Ringo&#8217;s Gift Marihuana Samen genie\u00dfen. Diese Samen wurden sorgf\u00e4ltig gez\u00fcchtet, um die bestm\u00f6gliche Kombination aus CBD- und THC-Werten zu bieten, was zu einer Sorte f\u00fchrt, die sowohl therapeutisch potent als auch psychisch nahezu impotent ist. Tauchen Sie mit uns in diese geheimnisvolle Welt des CBD ein und lernen Sie alles, was Sie \u00fcber Ringo&#8217;s Gift wissen m\u00fcssen!<\/p>\n<p>Sie werden immer wollen, dass die verlockenden Noten durch Ihre Nase gehen. Der erste Hauch k\u00f6nnte Sie nostalgisch f\u00fcr den Keller Ihres Gro\u00dfvaters machen, aber das wird schnell von einem komplexeren Hash- und Minzduft vertrieben. Gut getrocknete Ringo&#8217;s Gift CBD-Blumen haben eine ausgepr\u00e4gtere Haschpr\u00e4senz mit Minze im Hintergrund.<\/p>\n<p>Der Geschmack ist etwas komplexer als das Aroma, mit einer kr\u00e4uterartigen S\u00fc\u00dfe im Vordergrund, gefolgt von einem scharfen Pfeffergeschmack. Der Nachgeschmack ist minzig und erfrischend. Alles in allem sind die Aroma- und Geschmacksblends nicht von langer Dauer, aber sie sind sehr angenehm, solange sie anhalten.<\/p>\n<p>Ist Ringo&#8217;s Gift Sativa? Es besteht kein Zweifel, dass die Sorte Ringo&#8217;s Gift CBD eine typische medizinische Marihuanasorte ist. Und es sind die vielen Attribute der Ringos Geschenk CBD Samen, die diese Pflanze bei der Behandlung verschiedener Krankheiten und St\u00f6rungen hilfreich gemacht haben. Eine davon ist ihre ausgewogene Genetik. Ihre 50% Indica \/ 50% Sativa genetische Zusammensetzung gibt ihr einen gut abgerundeten Satz von Effekten, die zu jeder Tageszeit genossen werden k\u00f6nnen.<\/p>\n<p>Ringo&#8217;s Gift CBD Samen wurden gez\u00fcchtet, um allen etwas dringend ben\u00f6tigte Linderung zu verschaffen. Warum k\u00f6nnen wir das sagen? Weil ihr THC-Gehalt nur 1% betr\u00e4gt. Wenn Sie also ein Neuling im Kiffen sind oder nur extrem empfindlich auf THC reagieren, ist diese Pflanze perfekt f\u00fcr Sie. Sie wird Ihnen nicht das typische psychoaktive High geben, das von THC bekannt ist. Vielmehr werden Sie haupts\u00e4chlich ihre therapeutischen Effekte erleben.<\/p>\n<p>Und woher kommt Ihre ganzheitliche Magie, fragen Sie? Nat\u00fcrlich von ihrem hohen CBD-Gehalt! Mit einem CBD-Gehalt von 10% oder mehr ist sie die perfekte Sorte f\u00fcr medizinische Marihuana-Patienten. CBD ist auch daf\u00fcr bekannt, die psychoaktiven Effekte von THC zu bek\u00e4mpfen, weshalb diese Sorte bei denen so beliebt ist, die sich ohne High medikamentieren wollen.<\/p>\n<h2>Effekte der Ringo&#8217;s Gift CBD Feminized Marihuana Samen<\/h2>\n<p>Sobald die Effekte der Ringo&#8217;s Gift CBD Sorte einsetzen, werden Sie einen Sinn f\u00fcr geistige Klarheit und Konzentration sp\u00fcren. Dies ist perfekt f\u00fcr diejenigen, die sich tags\u00fcber medikamentieren m\u00fcssen, aber trotzdem produktiv sein wollen. Ihr Ganzk\u00f6rper-beruhigender Effekt wirkt wie ein Zauber! Sie werden f\u00fchlen, wie sich alle Ihre Muskeln entspannen, w\u00e4hrend die Spannung einfach verschwindet. Noch besser, eine gute Dosis Ringo&#8217;s Gift CBD wird Sie gl\u00fccklich und zufrieden hinterlassen. Die Welt wird wie ein besserer Ort erscheinen und Ihre Sorgen werden in den Hintergrund treten.<\/p>\n<p>Bis zu den medizinischen Vorteilen der Ringo&#8217;s Gift CBD Samen, ist die Sorte perfekt f\u00fcr diejenigen, die an chronischen Schmerzen leiden. CBD ist als starkes Analgetikum bekannt und in Kombination mit THC werden die schmerzlindernden Effekte verst\u00e4rkt. Egal, ob Sie an Gelenkschmerzen, Muskelschmerzen oder allgemeinen K\u00f6rperschmerzen leiden, Ringo&#8217;s Gift CBD wird Ihnen helfen, Linderung zu finden.<\/p>\n<p>Anstatt dass Sie sich paranoid und \u00e4ngstlich f\u00fchlen wie bei einigen Sorten, wird Ringo&#8217;s Gift das Gegenteil bewirken. Sie wird Ihnen helfen, Angst zu lindern und Sie ruhig und entspannt zu hinterlassen. Wenn Sie an sozialer Angst oder generalisierter Angstst\u00f6rung leiden, k\u00f6nnte diese Sorte f\u00fcr Sie ein Gamechanger sein.<\/p>\n<h2>Wie wachsen Ringo&#8217;s Gift CBD Feminized Marihuana Samen?<\/h2>\n<p>Sie werden sicherlich etwas Erfahrung im Anbau ben\u00f6tigen, wenn Sie diese Sorte anbauen m\u00f6chten. Sie ist nicht die einfachste Pflanze zum Wachsen, aber mit ein wenig Geduld und F\u00fcrsorge werden Sie mit einer reichlichen Ernte von sch\u00f6nen Knospen belohnt. Solange Sie ihr eine stabile Umgebung bieten, werden die Ringo&#8217;s Gift CBD Samen gedeihen. Sie gedeiht besonders gut in Anbaur\u00e4umen und Gew\u00e4chsh\u00e4usern, kann aber auch im Freien in klimatischen Bedingungen ohne extreme Schwankungen angebaut werden.<\/p>\n<p>Sie wird Ihnen nie Schwierigkeiten in Bezug auf ihre H\u00f6he machen, da sie nur mittelgro\u00df w\u00e4chst. Und um ihre nicht so hohe H\u00f6he zu begleiten, hat die Ringo&#8217;s Gift Sorte das Aussehen einer Abschlussballnacht. Ihre Bl\u00e4tter sind tief, reichhaltig minzgr\u00fcn mit gelben Spitzen. Und wenn sie zu bl\u00fchen beginnt, werden ihre Knospen von einer dicken Schicht frostiger wei\u00dfer Trichome bedeckt sein.<\/p>\n<p>Sie fragen sich vielleicht, wo SieRingo&#8217;s Gift CBD Feminized Marihuana Samen kaufen k\u00f6nnen? Bei The Seed Fair k\u00f6nnen Sie sicher sein, dass unsere Ringo&#8217;s Gift CBD Samen zu sch\u00f6nen weiblichen Pflanzen heranwachsen. Wir haben eine strikte Politik, nur zertifizierte Samen von renommierten Z\u00fcchtern zu verkaufen, damit Sie sich nie Sorgen um Hermaphroditen oder m\u00e4nnliche Pflanzen machen m\u00fcssen.<\/p>\n<p>Die Photoperioden-Bl\u00fctezeit dieser Ringo&#8217;s Gift super CBD Samen betr\u00e4gt kurze und s\u00fc\u00dfe 55-65 Tage, sodass Sie nicht lange warten m\u00fcssen, um ihre therapeutischen Effekte zu genie\u00dfen. Um ihr den richtigen Ansto\u00df zum Bl\u00fchen zu geben, stellen Sie sicher, dass sie einen 12-Stunden-Lichtzyklus erh\u00e4lt, wenn sie das richtige Alter erreicht hat.<\/p>\n<p>Man sagt, gute Dinge kommen in kleinen P\u00e4ckchen, und das stimmt sicherlich nicht bei Ringo&#8217;s Gift. Obwohl sie eine kleinere Pflanze ist, macht sie das mehr als wett in ihren Ertr\u00e4gen. Drinnen k\u00f6nnen Sie 350g\/m\u00b2 erwarten und im Freien wird sie Ihnen eine reichliche Ernte von 350 g\/Pflanze geben.<\/p>\n<h2>Geschichte der Ringo&#8217;s Gift CBD Feminized Marihuana Samen<\/h2>\n<p>Welche Sorte ist Gottes Geschenk? Ringo&#8217;s Gift CBD Feminized Marihuana Samen wurden von CBD Depot gez\u00fcchtet, und sie ist eine Kreuzung zwischen den CBD Harle-Tsu und ACDC Sorten. Ihr Name wurde gew\u00e4hlt, um das Andenken an den Cannabis-Aktivisten Lawrence Ringo zu ehren, der ein ausgesprochener Bef\u00fcrworter von medizinischem Marihuana war. Lawrence verstarb im April 2014 nach einem langen Kampf gegen Krebs, aber sein Erbe lebt durch diese erstaunliche Sorte weiter. Wenn Sie in jeden Cannabis-Club in Barcelona gehen, werden Sie wahrscheinlich die Ringo&#8217;s Gift CBD Sorte auf der Speisekarte finden. Sie ist eine der beliebtesten Sorten in der Stadt, dank ihres erstaunlichen CBD-zu-THC-Verh\u00e4ltnisses von bis zu 24:1.<\/p>\n","protected":false},"excerpt":{"rendered":"<p>Ringos Geschenk Feminized ist eine sorgf\u00e4ltig gestaltete Hybride mit 50% Indica und 50% Sativa, mit einem niedrigen THC-Gehalt von 1% gepaart mit 10% CBD. Es ist eine harmonische Mischung aus aromatischen, erdigen Terpenen, die Sie vor der ausgewogenen und entspannenden Erfahrung vorbereitet.<\/p>\n","protected":false},"featured_media":65827,"comment_status":"open","ping_status":"closed","template":"","meta":{"_acf_changed":false,"_glsr_average":0,"_glsr_ranking":0,"_glsr_reviews":0},"product_brand":[],"product_cat":[62,64,19,33,1161],"product_tag":[],"class_list":{"0":"post-61064","1":"product","2":"type-product","3":"status-publish","4":"has-post-thumbnail","6":"product_cat-cannabis-samen-fuer-anfaenger","7":"product_cat-cbd-cannabis-samen","8":"product_cat-feminisierte-cannabis-samen","9":"product_cat-hybride-cannabis-samen","10":"product_cat-neu","12":"first","13":"instock","14":"taxable","15":"shipping-taxable","16":"purchasable","17":"product-type-variable"},"acf":[],"aioseo_notices":[],"_links":{"self":[{"href":"https:\/\/theseedfair.com\/de\/wp-json\/wp\/v2\/product\/61064","targetHints":{"allow":["GET"]}}],"collection":[{"href":"https:\/\/theseedfair.com\/de\/wp-json\/wp\/v2\/product"}],"about":[{"href":"https:\/\/theseedfair.com\/de\/wp-json\/wp\/v2\/types\/product"}],"replies":[{"embeddable":true,"href":"https:\/\/theseedfair.com\/de\/wp-json\/wp\/v2\/comments?post=61064"}],"wp:featuredmedia":[{"embeddable":true,"href":"https:\/\/theseedfair.com\/de\/wp-json\/wp\/v2\/media\/65827"}],"wp:attachment":[{"href":"https:\/\/theseedfair.com\/de\/wp-json\/wp\/v2\/media?parent=61064"}],"wp:term":[{"taxonomy":"product_brand","embeddable":true,"href":"https:\/\/theseedfair.com\/de\/wp-json\/wp\/v2\/product_brand?post=61064"},{"taxonomy":"product_cat","embeddable":true,"href":"https:\/\/theseedfair.com\/de\/wp-json\/wp\/v2\/product_cat?post=61064"},{"taxonomy":"product_tag","embeddable":true,"href":"https:\/\/theseedfair.com\/de\/wp-json\/wp\/v2\/product_tag?post=61064"}],"curies":[{"name":"wp","href":"https:\/\/api.w.org\/{rel}","templated":true}]}}