{"id":61251,"date":"2022-06-22T00:39:53","date_gmt":"2022-06-22T00:39:53","guid":{"rendered":"https:\/\/theseedfair.com\/?post_type=product&#038;p=61251"},"modified":"2024-06-19T12:54:28","modified_gmt":"2024-06-19T12:54:28","slug":"biscotti-2-0","status":"publish","type":"product","link":"https:\/\/theseedfair.com\/de\/product\/hoher-thc-gehalt\/biscotti-2-0\/","title":{"rendered":"Biscotti 2.0 Samen"},"content":{"rendered":"<h2>Biscotti 2.0 Samen<\/h2>\n<p>Sie verpassen viel, wenn Sie noch nie einen fruchtigen und s\u00fc\u00dfen Biscotti probiert haben. Der Geschmack ist wie eine Mischung aus Zitrusfr\u00fcchten, s\u00fc\u00dfen Fr\u00fcchten und Gew\u00fcrzen. Es kann von Person zu Person variieren, abh\u00e4ngig von ihrem Geschmackssinn. Aber der Konsens ist, dass es ein angenehmer und einzigartiger Geschmack ist. Wenn Sie in einen Raum gehen, in dem Biscotti 2.0 feminisierte Cannabissamen angebaut werden, werden Sie die Pflanze leicht an ihrem s\u00fc\u00dfen und fruchtigen Geruch erkennen.<\/p>\n<p>Die genetische Zusammensetzung dieser Samen ist eine Mischung aus 60% Indica und 40% Sativa. Daher hat die Pflanze eine gute Balance zwischen physischen und zerebralen Effekten. Aufgrund dieser Balance der Effekte sind die Samen eine gro\u00dfartige Wahl f\u00fcr jede Tageszeit, aber viele Menschen finden sie besonders morgens n\u00fctzlich.<\/p>\n<p>Der THC-Gehalt in den Samen betr\u00e4gt nur 25%. Das liegt f\u00fcr die meisten Sorten niedrig, aber es ist erw\u00e4hnenswert, weil diese Sorte weniger wahrscheinlich Paranoia oder Angst bei den Benutzern verursacht. Es ist eine gute Wahl f\u00fcr Menschen, die neu in Cannabis sind oder keine hohe Toleranz gegen\u00fcber THC haben.<\/p>\n<h2>Effekte der Biscotti 2.0 feminisierten Cannabissamen<\/h2>\n<p>Die hohen THC-Werte dieser Sorte bedeuten, dass die Effekte fast sofort sp\u00fcrbar sind. Der Rausch ist zerebral und erhebend und verschafft den Benutzern einen Energieschub und Kreativit\u00e4t. Die Effekte halten mehrere Stunden an und sind daher auch eine gute Wahl f\u00fcr Menschen, die eine lang anhaltende Linderung von Schmerzen oder anderen Symptomen ben\u00f6tigen.<\/p>\n<p>Biscotti 2.0 feminisierte Cannabissamen sind bekannt f\u00fcr ihre medizinischen Vorteile. Beispielsweise helfen sie bei der Linderung von Schmerzen, Angstzust\u00e4nden und Depressionen. Sie helfen auch bei Schlaflosigkeit und Appetitlosigkeit. Es gibt viele M\u00f6glichkeiten, diese Samen zu konsumieren. Sie k\u00f6nnen sie essen, rauchen oder verdampfen. Das Verdampfen ist die beste Methode, um sie zu konsumieren, da es keine Verbrennung beinhaltet, was das Krebsrisiko minimiert. Das Rauchen dieser Sorte ist auch eine gute M\u00f6glichkeit, sie zu konsumieren, da es einfach zu tun ist und kein spezielles Zubeh\u00f6r ben\u00f6tigt wird. Das Essen von ihnen ist auch eine gute Option, aber es ist wichtig sicherzustellen, dass Sie sie zuerst mahlen, damit sie leicht verdaulich sind. Egal wie Sie diese Sorte konsumieren, Sie werden sicher die medizinischen Vorteile nutzen, die sie bietet.<\/p>\n<h2>Wie wachsen Biscotti 2.0 feminisierte Cannabissamen?<\/h2>\n<p>Eigene Cannabispflanzen anzubauen ist das Beste, aber es hat einige Herausforderungen. Beispielsweise erfordern manche Sorten, dass Sie einige Anbaukenntnisse haben. Einige Kenntnisse sind ein zus\u00e4tzlicher Vorteil, aber es ist keine Voraussetzung. Sie m\u00fcssen sich einiger Herausforderungen bewusst sein, wenn Sie diese Samen anbauen. Die erste Herausforderung besteht darin, dass sie anf\u00e4llig f\u00fcr Mehltau sind. Mehltau ist eine Art Pilz, der Ihre Pflanzen t\u00f6ten kann, wenn er nicht sofort behandelt wird. Die zweite Herausforderung besteht darin, dass sie auch anf\u00e4llig f\u00fcr Wurzelf\u00e4ule sind. Dies bedeutet nicht, dass Ihre Pflanzen Wurzelf\u00e4ule bekommen werden, aber es ist etwas, dessen Sie sich bewusst sein sollten. Wenn Sie sich nicht sicher sind, wie Sie mit diesen Herausforderungen umgehen sollen, ist es am besten, sich mit einem professionellen Anbauer zu beraten.<\/p>\n<p>Die Samen gedeihen gut in Anbaur\u00e4umen und Gew\u00e4chsh\u00e4usern. Sie sind auch resistent gegen Schimmel und Mehltau. Sie gedeihen jedoch nicht gut in kalten Klimazonen. Wenn Sie in einer kalten Umgebung leben, ist es am besten, sie drinnen anzubauen. Die optimalen Wachstumsbedingungen f\u00fcr diese Samen sind nicht sehr anspruchsvoll. Beginnen wir mit dem Gie\u00dfen; Sie sollten Ihre Pflanzen gie\u00dfen, wenn der Boden trocken ist. Was die Luftfeuchtigkeit betrifft, liegt der ideale Bereich zwischen 40% und 60%. Was die Temperatur betrifft, liegt der perfekte Bereich zwischen 21\u00b0C und 26\u00b0C. Schlie\u00dflich, was die Ern\u00e4hrung betrifft, sollten Sie einen hochwertigen D\u00fcnger verwenden, der speziell f\u00fcr Cannabispflanzen entwickelt wurde.<\/p>\n<p>Der beste Bodentyp ist eine gut durchl\u00e4ssige Bodenmischung. Die ideale Topfgr\u00f6\u00dfe betr\u00e4gt 5 Gallonen oder mehr. Was die Trainingsmethoden betrifft, k\u00f6nnen Sie die Screen of Green (SCROG)-Methode verwenden. Die H\u00f6he dieser Sorte ist nicht besorgniserregend, da die Pflanzen normalerweise mittelgro\u00df sind und nicht zu hoch wachsen. Wenn Sie sie also drinnen anbauen, brauchen Sie sich keine Sorgen zu machen, dass sie Ihren Anbauraum \u00fcberwachsen. Die Bl\u00e4tter dieser Pflanzen sind breit und haben eine hellgr\u00fcne Farbe. Die Bl\u00fcten sind dicht und mit frostigen kristallinen Trichomen bedeckt. Die Stempel sind ebenfalls lang und haben eine orange Farbe.<\/p>\n<p>Wir garantieren, dass Sie feminisierte Bl\u00fcten aus den Samen bekommen. M\u00e4nnliche Pflanzen sind f\u00fcr die Anbauer eine Plage, da sie keine Bl\u00fcten produzieren. Wenn Sie also Bl\u00fcten bekommen m\u00f6chten, ist es am besten, feminisierte Samen anzubauen. Wir verstehen alle diese Herausforderungen, denen Sie beim Anbau Ihres Cannabis begegnen k\u00f6nnten, weshalb wir eine Feminisierungsgarantie anbieten. Der Photoperiodismus ist die L\u00e4nge der Zeit, die die Pflanze jeden Tag Licht erh\u00e4lt. Die Photoperiode f\u00fcr diese Samen betr\u00e4gt 12 Stunden Licht und 12 Stunden Dunkelheit. Diese Samen gelten als photoperiodenabh\u00e4ngig, daher sollten Sie diesem Zeitplan folgen.<\/p>\n<p>Die Bl\u00fctezeit f\u00fcr diese Samen betr\u00e4gt 8-9 Wochen. Wenn Sie also nach einer Sorte suchen, die schnell bl\u00fcht, ist dies eine gute Option. Der Ertrag dieser Samen ist massiv. Sie k\u00f6nnen erwarten, dass Sie 500-600 g\/m\u00b2 im Innenbereich erhalten. Wenn Sie also nach einer Sorte suchen, die viele Bl\u00fcten produziert, ist dies eine gute Option.<\/p>\n<h2>Geschichte der Biscotti 2.0 feminisierten Cannabissamen<\/h2>\n<p>Die Plug Seedbank hat die Biscotti 2.0 feminisierten Cannabissamen erstellt. Sie wurden durch die Kreuzung von Biscotti mit Biscotti gez\u00fcchtet. Das Ergebnis ist eine Sorte, die voller Geschmack und Potenz ist. Viele Stoner lieben diese Sorte wegen ihres einzigartigen Geschmacks und ihrer Effekte. Worauf warten Sie noch? Probieren Sie diese Samen noch heute aus!<\/p>\n","protected":false},"excerpt":{"rendered":"<p>Die winzigen Zeitkapseln der Natur enth\u00fcllen die Magie der Biscotti 2.0 Feminisierten, wo 60% Indica auf 40% Sativa treffen und 25% THC Kreativit\u00e4t ohne Paranoia entfacht. Schnelle Bl\u00fctezeit und massive Ertr\u00e4ge machen sie zum Traum eines jeden Anbauers, w\u00e4hrend sie gleichzeitig ein Fest f\u00fcr die Augen mit ihren frostbedeckten Bl\u00fcten ist.<\/p>\n","protected":false},"featured_media":66563,"comment_status":"open","ping_status":"closed","template":"","meta":{"_acf_changed":false,"_glsr_average":0,"_glsr_ranking":0,"_glsr_reviews":0},"product_brand":[],"product_cat":[3365,62,19,68,30,1161,1610],"product_tag":[],"class_list":{"0":"post-61251","1":"product","2":"type-product","3":"status-publish","4":"has-post-thumbnail","6":"product_cat-beste-cannabis-samen","7":"product_cat-cannabis-samen-fuer-anfaenger","8":"product_cat-feminisierte-cannabis-samen","9":"product_cat-hoher-thc-gehalt","10":"product_cat-indica-cannabis-samen","11":"product_cat-neu","12":"product_cat-photoperiodische-cannabis-samen","14":"first","15":"instock","16":"taxable","17":"shipping-taxable","18":"purchasable","19":"product-type-variable"},"acf":[],"aioseo_notices":[],"_links":{"self":[{"href":"https:\/\/theseedfair.com\/de\/wp-json\/wp\/v2\/product\/61251","targetHints":{"allow":["GET"]}}],"collection":[{"href":"https:\/\/theseedfair.com\/de\/wp-json\/wp\/v2\/product"}],"about":[{"href":"https:\/\/theseedfair.com\/de\/wp-json\/wp\/v2\/types\/product"}],"replies":[{"embeddable":true,"href":"https:\/\/theseedfair.com\/de\/wp-json\/wp\/v2\/comments?post=61251"}],"wp:featuredmedia":[{"embeddable":true,"href":"https:\/\/theseedfair.com\/de\/wp-json\/wp\/v2\/media\/66563"}],"wp:attachment":[{"href":"https:\/\/theseedfair.com\/de\/wp-json\/wp\/v2\/media?parent=61251"}],"wp:term":[{"taxonomy":"product_brand","embeddable":true,"href":"https:\/\/theseedfair.com\/de\/wp-json\/wp\/v2\/product_brand?post=61251"},{"taxonomy":"product_cat","embeddable":true,"href":"https:\/\/theseedfair.com\/de\/wp-json\/wp\/v2\/product_cat?post=61251"},{"taxonomy":"product_tag","embeddable":true,"href":"https:\/\/theseedfair.com\/de\/wp-json\/wp\/v2\/product_tag?post=61251"}],"curies":[{"name":"wp","href":"https:\/\/api.w.org\/{rel}","templated":true}]}}