{"id":70025,"date":"2022-09-12T16:24:43","date_gmt":"2022-09-12T16:24:43","guid":{"rendered":"https:\/\/theseedfair.com\/?post_type=product&#038;p=70025"},"modified":"2024-06-12T16:36:06","modified_gmt":"2024-06-12T16:36:06","slug":"holy-moly","status":"publish","type":"product","link":"https:\/\/theseedfair.com\/de\/product\/feminisierte-cannabis-samen\/holy-moly\/","title":{"rendered":"Holy Moly Samen"},"content":{"rendered":"<h2>Holy Moly Samen<\/h2>\n<p>Holy Moly! Ein ziemlich h\u00e4ufiger Ausdruck, nicht wahr? Aber warte, bis du es sagst, nachdem du gesehen hast, in was diese Holy Moly Feminisierten Cannabis-Samen hineinwachsen k\u00f6nnen. Genau alles, was du deinen Rauchfreunden erz\u00e4hlt hast, wonach du dir in einer Marihuana-Sorte gew\u00fcnscht hast, liefert sie gro\u00dfz\u00fcgig.<\/p>\n<p>Die Zitrusnatur des Holy Moly Strangs Aroma ist frisch belebend. Mischen Sie es mit einigen stechenden Dieselnoten und das Aroma entwickelt sich zu einer noch angenehmeren. Als Sahneh\u00e4ubchen hat der Heilige Moly-Arbeitsgang eine M\u00f6glichkeit gefunden, einen nussigen Unterton zu infundieren, der Zitronenbonbonaromen Platz macht. So begr\u00fc\u00dft sie dich zu einer super Rauchsession, die du schwer vergessen wirst.<\/p>\n<p>Stecke etwas Rauch des Holy Moly Strangs in deinen Mund und ein k\u00e4siger Funken kitzelt deine Zunge und dr\u00e4ngt dich, weiter die Leckereien hereinzubringen. Die Mundaromen des Holy Moly Strangs sind von einem Pinien-Nachgeschmack dominiert. Der Rauch ist irgendwo zwischen ein wenig rau und samtig glatt, abh\u00e4ngig davon, wie du deine Knospe getrocknet hast.<\/p>\n<p>Diese Sorte hat einen hohen THC-Gehalt von etwa 18,5%, was perfekt f\u00fcr erfahrene Kiffer ist. Wenn du jedoch neu im Rauchen von Cannabis bist, ist es am besten, diese Sorte zu meiden. Der hohe THC-Gehalt kann f\u00fcr Anf\u00e4nger zu viel sein und Angst oder Paranoia verursachen. Wenn du Anf\u00e4nger bist, ist es am besten, mit einer niedrigeren THC-Sorte zu beginnen, bevor du dich nach oben arbeitest.<\/p>\n<p>Mit einer 50% Indica und 50% Sativa Hybride genetischen Zusammensetzung erwarte das Beste aus beiden Welten. Der Holy Moly Strang kann letztendlich zu jeder Tageszeit verwendet werden, solange du gelernt hast, wie du deine Session dosierst. Da alles im Gleichgewicht ist, kannst du bei verschiedenen Dosen feststellen, dass eine Seite die andere dominiert.<\/p>\n<h2>Effekte der Holy Moly Feminisierten Cannabis-Samen<\/h2>\n<p>Eine der Dinge, die diese Sorte so beliebt machen, ist die Tatsache, dass sie ein ausgewogenes High liefert. Du wirst dich belebt und energisch f\u00fchlen, aber nicht so sehr, dass du dich nicht zur\u00fccklehnen und entspannen kannst. Diese Sorte ist perfekt f\u00fcr gesellschaftliche Situationen, da sie dich gespr\u00e4chig und euphorisch f\u00fchlen l\u00e4sst. Es ist jedoch wichtig zu beachten, dass diese Sorte auch Couch-Lock verursachen kann, wenn du zu viel davon rauchst. Also nimm es langsam. Au\u00dferdem m\u00f6chtest du vielleicht deinen Zeitplan aufr\u00e4umen, bevor du dich dieser Sorte hingibst, da sie Schl\u00e4frigkeit verursachen kann.<\/p>\n<p>Dank ihrer ausgewogenen genetischen Linie kann dieser Holy Moly Strang f\u00fcr eine Vielzahl von medizinischen Vorteilen verwendet werden. Die Euphorie hilft, diejenigen, die unter Stress und Angst leiden, gl\u00fccklicher zu machen. Es ist auch die Art von Sorte, die du verwenden kannst und die ganze soziale Angst verschwindet. Diejenigen, die es am Abend verwenden, m\u00f6gen oft, wie es ihnen hilft, mit ihren Schmerzen und Schlaflosigkeit umzugehen.<\/p>\n<h2>Wie wachsen the Holy Moly Feminisierten Cannabis-Samen<\/h2>\n<p>Nun, sie ben\u00f6tigt vielleicht nicht viel Aufmerksamkeit, aber f\u00fcr maximale Ertr\u00e4ge ist etwas TLC wichtig. Diese Sorte bevorzugt ein gem\u00e4\u00dfigtes Klima mit viel Sonnenschein. Es braucht auch einen n\u00e4hrstoffreichen Boden oder einen soilless Mix und viel Wasser. Sei jedoch vorsichtig, nicht zu \u00fcberw\u00e4ssern, da dies zu Problemen mit Mehltau und Schimmel oder zu starkem Stress ihrer Wurzeln f\u00fchren kann.<\/p>\n<p>Du kannst den Holy Moly Strang in fast jedem Bodentyp anbauen. Er gedeiht am besten in n\u00e4hrstoffreichem, lehmigen Boden f\u00fcr diejenigen, die im Freien anbauen, und in Kokos-Koir-basiertem Boden f\u00fcr diejenigen, die drinnen oder in einem Gew\u00e4chshaus anbauen. Was die Topfgr\u00f6\u00dfe betrifft, reicht ein 5-Gallonen-Topf. Der Heilige Moly reagiert gut auf LST (Low-Stress Training).<\/p>\n<p>Diese Samen wachsen nicht zu hohen Pflanzen heran. Die H\u00f6he kann entweder gro\u00df oder kurz sein, abh\u00e4ngig vom Ph\u00e4notyp und anderen nat\u00fcrlichen Vorkommnissen wie den F\u00fctterungsgewohnheiten der Cannabispflanzen. Was \u00fcblich ist, ist, dass die Pflanzen buschig sind mit vielen Trichomen.<\/p>\n<p>Da es sich um feminisierte Marihuana-Samen handelt, bietet der Holy Moly Strang hundert Prozent rauchbare Bl\u00fcten. Es mag so einfach klingen, aber wenn du die M\u00fche durchgemacht hast, M\u00e4nnchen oder Weibchen und Hermaphroditen aus einem Anbauraum zu j\u00e4ten, dann wei\u00dft du, wie s\u00fc\u00df das ist. Der Anbau heiliger Moly-feminisierten Cannabis-Samen stellt sicher, dass du deine Bl\u00fcten sicher vor jeder Best\u00e4ubung hast.<\/p>\n<p>Die Sorte hat eine ziemlich schnelle Bl\u00fctezeit, die sowohl in Quantit\u00e4t als auch in Qualit\u00e4t deiner Knospen oft hoch ausf\u00e4llt. Es wurde gezeigt, dass sie bis zu 400g pro Pflanze oder sogar mehr unter optimierten Anbaubedingungen hervorrufen kann.<\/p>\n<h2>Geschichte der Holy Moly Feminisierten Cannabis-Samen<\/h2>\n<p>Dieser Holy Moly Marihuana-Strang wurde durch das Kreuzen von Captains OG und Cookies Glue gez\u00fcchtet. Das erkl\u00e4rt nun, warum sie eine gro\u00dfe Menge an harzigen Knospen produziert. Konzentratliebhaber, hier ist einer f\u00fcr euch.<\/p>\n","protected":false},"excerpt":{"rendered":"<p>Heilige Moly: AAAA H\u00f6chstbewertung f\u00fcr Ihre Sammlung<\/p>\n<p>Kostenloser Versand bei Bestellungen \u00fcber $99. USA und Kanadaweiter Versand.<\/p>\n<p>Erhalten Sie 4 kostenlose Samen mit Ihrer Bestellung, wenn Sie mit Venmo, Zelle oder E Transfer bezahlen<\/p>\n","protected":false},"featured_media":70030,"comment_status":"open","ping_status":"closed","template":"","meta":{"_acf_changed":false,"_glsr_average":0,"_glsr_ranking":0,"_glsr_reviews":0},"product_brand":[],"product_cat":[62,19,33,1161,1610],"product_tag":[],"class_list":{"0":"post-70025","1":"product","2":"type-product","3":"status-publish","4":"has-post-thumbnail","6":"product_cat-cannabis-samen-fuer-anfaenger","7":"product_cat-feminisierte-cannabis-samen","8":"product_cat-hybride-cannabis-samen","9":"product_cat-neu","10":"product_cat-photoperiodische-cannabis-samen","12":"first","13":"instock","14":"taxable","15":"shipping-taxable","16":"purchasable","17":"product-type-variable"},"acf":[],"aioseo_notices":[],"_links":{"self":[{"href":"https:\/\/theseedfair.com\/de\/wp-json\/wp\/v2\/product\/70025","targetHints":{"allow":["GET"]}}],"collection":[{"href":"https:\/\/theseedfair.com\/de\/wp-json\/wp\/v2\/product"}],"about":[{"href":"https:\/\/theseedfair.com\/de\/wp-json\/wp\/v2\/types\/product"}],"replies":[{"embeddable":true,"href":"https:\/\/theseedfair.com\/de\/wp-json\/wp\/v2\/comments?post=70025"}],"wp:featuredmedia":[{"embeddable":true,"href":"https:\/\/theseedfair.com\/de\/wp-json\/wp\/v2\/media\/70030"}],"wp:attachment":[{"href":"https:\/\/theseedfair.com\/de\/wp-json\/wp\/v2\/media?parent=70025"}],"wp:term":[{"taxonomy":"product_brand","embeddable":true,"href":"https:\/\/theseedfair.com\/de\/wp-json\/wp\/v2\/product_brand?post=70025"},{"taxonomy":"product_cat","embeddable":true,"href":"https:\/\/theseedfair.com\/de\/wp-json\/wp\/v2\/product_cat?post=70025"},{"taxonomy":"product_tag","embeddable":true,"href":"https:\/\/theseedfair.com\/de\/wp-json\/wp\/v2\/product_tag?post=70025"}],"curies":[{"name":"wp","href":"https:\/\/api.w.org\/{rel}","templated":true}]}}