{"id":72580,"date":"2022-10-19T22:47:44","date_gmt":"2022-10-19T22:47:44","guid":{"rendered":"https:\/\/theseedfair.com\/?post_type=product&#038;p=72580"},"modified":"2024-06-13T07:31:10","modified_gmt":"2024-06-13T07:31:10","slug":"black-african-magic","status":"publish","type":"product","link":"https:\/\/theseedfair.com\/de\/product\/hoher-thc-gehalt\/black-african-magic\/","title":{"rendered":"Black African Magic Samen"},"content":{"rendered":"<h2>Black African Magic Samen<\/h2>\n<p>Wir haben gerade diese neue und sehr beliebte Sorte namens Black African Magic Samen hinzugef\u00fcgt. Dies ist eine reine Sativa-Landrassensorte zu 100 %. Die Genetik unserer schwarzen afrikanischen Samen stammt direkt aus Afrika und wird im Ituri-Wald in der Republik Kongo angebaut. Dies ist eine sehr seltene Sativa-Sorte, die einen sehr hohen THC-Gehalt von 29 % aufweist. Die Knospen an dieser Pflanze sind tiefviolett und blau und erscheinen fast schwarz, daher der Name Schwarze Afrikanische.<\/p>\n<p>Viele sagen, dass diese Sorte eine einzigartige Aura um sich hat und viele von den einzigartigen Farben und D\u00fcften dieser gro\u00dfartigen Pflanze fasziniert sind. Die schwarze afrikanische Sorte ist bekannt daf\u00fcr, psychedelisch zu sein, und es wurde geh\u00f6rt, dass die Pygm\u00e4en des Waldes dieses Kraut rauchen w\u00fcrden. Aufgrund der Bedingungen nahe dem \u00c4quator haben die Sonnenstrahlen dazu beigetragen, dass diese Pflanze einen so hohen THC-Gehalt entwickelt hat.<\/p>\n<h2>Effekte der Black African Magic Samen<\/h2>\n<p>Aufgrund der psychedelischen Effekte und der Tatsache, dass es sich um eine reine Sativa-Landrassensorte handelt, k\u00f6nnen Sie sich auf einen massiven Geistesrausch einstellen, wenn Sie diese Sorte verwenden. Dies wird Sie produktiver, energischer und kreativer machen. Aufgrund seiner stimulierenden Wirkung k\u00f6nnen Sie diese Sorte tags\u00fcber verwenden. Wenn Sie nach diesem berauschenden Hochgef\u00fchl der Befreiung suchen, sind Sie hier richtig, wenn Sie nach dieser dunkelblauen und schwarzen Sch\u00f6nheit suchen.<\/p>\n<p>Unsere Black African Magic Samen sind daf\u00fcr bekannt, gegen Angstzust\u00e4nde, Depressionen und ADHS zu helfen. Dies sind im Allgemeinen die Beschwerden, gegen die eine reine Sativa helfen w\u00fcrde. Dar\u00fcber hinaus wird black african auch bei Stressbew\u00e4ltigung helfen. Ohne die M\u00fcdigkeit danach wird Ihr Stress reibungslos und frei sein, wenn Sie einen Zug von dieser erstaunlichen Sorte nehmen.<\/p>\n<h2>Wie wachsen Black African Magic Samen?<\/h2>\n<p>Black African Magic Samen gedeihen gut in gem\u00e4\u00dfigten Klimazonen. Diese erstaunliche Sorte hat einen hohen Ertrag und bl\u00fcht innerhalb von 6 bis 8 Wochen. Es ist wichtig, die \u00e4u\u00dferen Faktoren zu verwalten, damit Sie das beste Potenzial aus dieser seltenen Sorte herausholen k\u00f6nnen. Black African Magic Samen k\u00f6nnen drinnen oder drau\u00dfen angebaut werden.<\/p>\n<p>Black African Magic Samen werden dies wie ein lustiges Abenteuer erscheinen lassen, wenn Sie die Tiefen des Kongo erkunden. Wenn Ihre Pflanze ins Erwachsenenalter w\u00e4chst, wird Ihr Raum wie oben erw\u00e4hnt einen erstaunlichen Duft verstr\u00f6men. Stellen Sie sicher, dass Sie einem guten Leitfaden folgen, um das Beste aus Ihrem Anbau herauszuholen. Sie k\u00f6nnen Indoor- und Outdoor-Ertr\u00e4ge von 500 Gramm erzielen. Die Zeitachse f\u00fcr den Anbau von Schwarzen Afrikanischen Samen betr\u00e4gt etwa 6 bis 8 Wochen. Da diese Sorte eine k\u00fcrzere Bl\u00fctezeit hat, bedeutet dies, dass die Pflanze schneller reift und fertig w\u00e4chst als viele Sativa-Sorten.<\/p>\n<h2>Geschichte der Black African Magic Samen<\/h2>\n<p>Black African Magic Samen stammen aus dem gro\u00dfen Kongo. Direkt aus dem Ituri-Wald k\u00f6nnen Sie sicher sein, dass dies eine Sorte ist, die Sie noch nie zuvor erlebt haben. Seit vielen Jahrhunderten wird dies unter den Pygm\u00e4en angebaut und wenn Sie sie richtig anbauen, k\u00f6nnen auch Sie die psychedelischen Effekte aus der Vergangenheit genie\u00dfen.<\/p>\n","protected":false},"excerpt":{"rendered":"<p>Beginnen Sie mit der tiefen Ruhe des Wissens, dass Sie die Seltenheit der Schwarzen Afrikanischen Magie Feminisierten an Ihrer Seite haben. Mit einem himmelhohen THC-Gehalt von 29 %, einem gro\u00dfz\u00fcgigen Ertrag und einer Bl\u00fctezeit, die so effizient ist, wie es nur geht, bringt diese reine Sativa das Wesen des Ituri-Walds Afrikas direkt vor Ihre Haust\u00fcr \u2013 keine Expedition erforderlich.<\/p>\n","protected":false},"featured_media":72587,"comment_status":"open","ping_status":"closed","template":"","meta":{"_acf_changed":false,"_glsr_average":0,"_glsr_ranking":0,"_glsr_reviews":0},"product_brand":[],"product_cat":[3365,62,19,68,1161,1610,21],"product_tag":[],"class_list":{"0":"post-72580","1":"product","2":"type-product","3":"status-publish","4":"has-post-thumbnail","6":"product_cat-beste-cannabis-samen","7":"product_cat-cannabis-samen-fuer-anfaenger","8":"product_cat-feminisierte-cannabis-samen","9":"product_cat-hoher-thc-gehalt","10":"product_cat-neu","11":"product_cat-photoperiodische-cannabis-samen","12":"product_cat-cannabis-sativa-samen","14":"first","15":"instock","16":"taxable","17":"shipping-taxable","18":"purchasable","19":"product-type-variable"},"acf":[],"aioseo_notices":[],"_links":{"self":[{"href":"https:\/\/theseedfair.com\/de\/wp-json\/wp\/v2\/product\/72580","targetHints":{"allow":["GET"]}}],"collection":[{"href":"https:\/\/theseedfair.com\/de\/wp-json\/wp\/v2\/product"}],"about":[{"href":"https:\/\/theseedfair.com\/de\/wp-json\/wp\/v2\/types\/product"}],"replies":[{"embeddable":true,"href":"https:\/\/theseedfair.com\/de\/wp-json\/wp\/v2\/comments?post=72580"}],"wp:featuredmedia":[{"embeddable":true,"href":"https:\/\/theseedfair.com\/de\/wp-json\/wp\/v2\/media\/72587"}],"wp:attachment":[{"href":"https:\/\/theseedfair.com\/de\/wp-json\/wp\/v2\/media?parent=72580"}],"wp:term":[{"taxonomy":"product_brand","embeddable":true,"href":"https:\/\/theseedfair.com\/de\/wp-json\/wp\/v2\/product_brand?post=72580"},{"taxonomy":"product_cat","embeddable":true,"href":"https:\/\/theseedfair.com\/de\/wp-json\/wp\/v2\/product_cat?post=72580"},{"taxonomy":"product_tag","embeddable":true,"href":"https:\/\/theseedfair.com\/de\/wp-json\/wp\/v2\/product_tag?post=72580"}],"curies":[{"name":"wp","href":"https:\/\/api.w.org\/{rel}","templated":true}]}}