{"id":73131,"date":"2022-10-22T20:29:28","date_gmt":"2022-10-22T20:29:28","guid":{"rendered":"https:\/\/theseedfair.com\/?post_type=product&#038;p=73131"},"modified":"2024-06-21T13:48:16","modified_gmt":"2024-06-21T13:48:16","slug":"loud-dream","status":"publish","type":"product","link":"https:\/\/theseedfair.com\/de\/product\/feminisierte-cannabis-samen\/loud-dream\/","title":{"rendered":"Loud Dream Samen"},"content":{"rendered":"<h2>Loud Dream Samen<\/h2>\n<p>Wir haben k\u00fcrzlich unsere neuen Loud Dream Samen erhalten, getestet und \u00fcberpr\u00fcft. Loud Dream ist ein gro\u00dfartiges neues Produkt, dem wir mit gro\u00dfer Begeisterung zu unserer Sammlung hinzuf\u00fcgen. Aus erster Hand Erfahrung, Loud Dream Cannabis Samen ist eine Kombination aus 50% Indica und 50% Sativa. Vom Gef\u00fchl und Geschmack her ist dies fast perfekt hybrid. F\u00fcr viele Hybrid-Nutzer werden Sie das Beste aus beiden Welten dieser Sorte finden, f\u00fcr die geistigen und k\u00f6rperlichen H\u00f6hen, die Sie bei Ihrem ersten Zug erhalten. Da der THC-Gehalt nicht zu hoch ist, mit 16%, werden Sie dies am unteren Ende finden, wenn es darum geht, high zu werden. Obwohl der THC-Gehalt nicht hoch ist, haben wir festgestellt, dass dieses Produkt sehr glatt und sehr entspannend ist.<\/p>\n<p>Nach harter Arbeit und dem Anbau dieser Sorte haben wir festgestellt, dass das Aroma von Loud Dream Samen sehr fruchtig mit einem Lavendel-Unterton war. Es hatte auch eine S\u00fc\u00dfe, nachdem Sie mit Ihrem ersten Rauch fertig waren. Einige unserer Mitarbeiter haben dies als sehr mild, aber sehr glatt mit einer leicht pfeffrigen Sensation bewertet. Das Gesamtgef\u00fchl dieser Sorte war nicht eines, das Sie einschl\u00e4fert, sondern Sie ruhig und entspannt h\u00e4lt. Wir empfehlen es jedem Z\u00fcchter, der nicht nach einem gro\u00dfen Rauschen sucht, sondern nach jemandem, der sanft ein High erleben m\u00f6chte, das ihn in die Entspannung versetzt.<\/p>\n<h2>Wirkungen von Loud Dream Samen<\/h2>\n<p>Die Ruhe unserer Loud Dream Samen hat viele symptomreduzierende Qualit\u00e4ten gebracht. Wenn Sie nach einem langen Tag den Stress abbauen oder Ihre Kopfschmerzen reduzieren m\u00f6chten, haben wir festgestellt, dass diese Sorte perfekt f\u00fcr Ihre Sammlung ist. Es gibt mehr Momente im Geist der surrealen Gef\u00fchle, die euphorisch sind und Sie laut tr\u00e4umen lassen, weshalb dies auch Loud Dream genannt wird. Nachdem Sie Ihre beste Pflanze unter Beachtung unseres Leitfadens kultiviert haben, achten Sie auf den Geruch im Raum, wenn Ihre Pflanze voll und mit reichlich Knospen ist. Es ist ein gro\u00dfartiges Gef\u00fchl, nachdem Sie diese Pflanze angebaut und den Weg mit ihr genommen haben, um sicherzustellen, dass alles sorgf\u00e4ltig gemacht wurde.<\/p>\n<p>Diese Sorte wird Ihnen helfen, gegen ADHS, Kopfschmerzen, Angst und nat\u00fcrlich auch einige chronische Schmerzen zu k\u00e4mpfen. Wir bemerkten auch eine Empfindung des Kribbelns, die beruhigend war und gl\u00fcckliche Gedanken gab, als wir mit dem Produkt fertig waren. Die Mischung aus Ihrem geistigen Zustand und dem physischen Fluss unserer Loud Dream Sorte ist das, was uns immer wieder zur\u00fcckkommen lie\u00df.<\/p>\n<h2>Wie w\u00e4chst Loud Dream Samen?<\/h2>\n<p>Wir fanden es ziemlich einfach, diese Sorte anzubauen. Stellen Sie nur sicher, dass Sie einem ordentlichen Leitfaden folgen, um wertvolle Schritte wie Bew\u00e4sserung und Beleuchtung nicht zu verpassen. Unsere Loud Dream Samen brauchen etwa 8 bis 9 Wochen bis zur vollst\u00e4ndigen Ernte. Wenn Sie diese Sorte im Freien anpflanzen m\u00f6chten, stellen Sie sicher, dass es in w\u00e4rmeren Bedingungen ist, da sie etwas W\u00e4rme ben\u00f6tigt, um gut zu produzieren. Als wir diese Pflanze angebaut haben, haben wir es drinnen gemacht, damit wir die Umgebung viel besser kontrollieren konnten. Die Kultivierung endete f\u00fcr uns Ende September bis Oktober. Wir haben gerade erst k\u00fcrzlich abgeschlossen.<\/p>\n<p>W\u00e4hrend des Wachstums von Loud Dream bemerkten wir, dass die Pflanze zus\u00e4tzliche Unterst\u00fctzung ben\u00f6tigte. Die Knospen waren schwer und voll, also mussten wir sicherstellen, dass die Zweige dieser Pflanze nicht brachen. Es ist sehr lohnend, gr\u00f6\u00dfere Knospen an der Pflanze zu finden, denn nachdem der Geruch in unseren Beuteln entfernt wurde, war es erstaunlich. Der Ertrag unserer Pflanze betrug am Ende etwa 600 Gramm, was am oberen Ende unserer Skala liegt. Dies sind etwa 21 Unzen am Ende. Um gut abzuschneiden und einen gr\u00f6\u00dferen Ertrag zu erzielen, ist es wichtig, Ihre Schritte genau zu befolgen. Indem Sie dies tun, k\u00f6nnen Sie das Beste aus der Loud Dream Sorte machen. F\u00fcr zus\u00e4tzliche Hilfe kontaktieren Sie uns bitte per E-Mail und wir senden Ihnen gerne unseren Keimungsleitfaden sowie einige zus\u00e4tzliche Schritte zum Anbau.<\/p>\n<h2>Geschichte von Loud Dream Samen<\/h2>\n<p>Unsere Loud Dream Cannabis Samen wurden in Kalifornien produziert. Eine Version dieser Sorte finden Sie auch in Barcelona, Spanien. Wir haben tats\u00e4chlich beide ausprobiert und festgestellt, dass die kalifornische Version der Loud Dream Samen viel effektiver ist. Die Herstellung der Loud Dream Samen erfolgt durch die Kombination von Blue Dream F1 Samen und seinem eigenen genetischen Profil.<\/p>\n","protected":false},"excerpt":{"rendered":"<p>Genie\u00dfen Sie die einzigartige s\u00fc\u00dfe Mischung aus fruchtigen und Lavendel-Aromanoten mit Loud Dream Feminized. Sie ist ein 50\/50-Hybrid mit 16% THC, der ein schnelles und aufmunterndes High verspricht. Hergestellt aus Blue Dream F1 Samen, verbunden mit seinem genetischen Profil, bietet diese Samen ein einzigartig fruchtbares Wachstumerlebnis.<\/p>\n","protected":false},"featured_media":73160,"comment_status":"open","ping_status":"closed","template":"","meta":{"_acf_changed":false,"_glsr_average":0,"_glsr_ranking":0,"_glsr_reviews":0},"product_brand":[],"product_cat":[3365,62,19,33,1161,1610],"product_tag":[],"class_list":{"0":"post-73131","1":"product","2":"type-product","3":"status-publish","4":"has-post-thumbnail","6":"product_cat-beste-cannabis-samen","7":"product_cat-cannabis-samen-fuer-anfaenger","8":"product_cat-feminisierte-cannabis-samen","9":"product_cat-hybride-cannabis-samen","10":"product_cat-neu","11":"product_cat-photoperiodische-cannabis-samen","13":"first","14":"instock","15":"taxable","16":"shipping-taxable","17":"purchasable","18":"product-type-variable"},"acf":[],"aioseo_notices":[],"_links":{"self":[{"href":"https:\/\/theseedfair.com\/de\/wp-json\/wp\/v2\/product\/73131","targetHints":{"allow":["GET"]}}],"collection":[{"href":"https:\/\/theseedfair.com\/de\/wp-json\/wp\/v2\/product"}],"about":[{"href":"https:\/\/theseedfair.com\/de\/wp-json\/wp\/v2\/types\/product"}],"replies":[{"embeddable":true,"href":"https:\/\/theseedfair.com\/de\/wp-json\/wp\/v2\/comments?post=73131"}],"wp:featuredmedia":[{"embeddable":true,"href":"https:\/\/theseedfair.com\/de\/wp-json\/wp\/v2\/media\/73160"}],"wp:attachment":[{"href":"https:\/\/theseedfair.com\/de\/wp-json\/wp\/v2\/media?parent=73131"}],"wp:term":[{"taxonomy":"product_brand","embeddable":true,"href":"https:\/\/theseedfair.com\/de\/wp-json\/wp\/v2\/product_brand?post=73131"},{"taxonomy":"product_cat","embeddable":true,"href":"https:\/\/theseedfair.com\/de\/wp-json\/wp\/v2\/product_cat?post=73131"},{"taxonomy":"product_tag","embeddable":true,"href":"https:\/\/theseedfair.com\/de\/wp-json\/wp\/v2\/product_tag?post=73131"}],"curies":[{"name":"wp","href":"https:\/\/api.w.org\/{rel}","templated":true}]}}