{"id":74737,"date":"2022-12-07T06:47:20","date_gmt":"2022-12-07T06:47:20","guid":{"rendered":"https:\/\/theseedfair.com\/?post_type=product&#038;p=74737"},"modified":"2024-06-12T17:15:07","modified_gmt":"2024-06-12T17:15:07","slug":"pink-cadillac","status":"publish","type":"product","link":"https:\/\/theseedfair.com\/de\/product\/feminisierte-cannabis-samen\/pink-cadillac\/","title":{"rendered":"Pink Cadillac Samen"},"content":{"rendered":"<h2>Pinke Cadillac Samen<\/h2>\n<p>Wir sind sehr aufgeregt, endlich unsere feminisierten Pink Cadillac Cannabissamen zu erhalten!\u00a0 Diese wunderbar gestaltete genetische Sorte besteht aus 75 % Sativa und 25 % Indica.\u00a0 Die Eltern unserer Pink Cadillac stammen aus den sehr beliebten Pink Kush und Strawberry Diesel. Dies ist ein meisterhafter Plan sowohl der Kush-Familie als auch der hinzugef\u00fcgten Erdbeer- und Dieselgeschmacksrichtungen. Das Rauchen dieses Produkts nach der Kultivierung ist ein Muss f\u00fcr alle Weed Kenner. Sobald Sie mit dem Anbau Ihrer Pink Cadillac-Samen fertig sind, finden Sie erstaunliche Knospen, die ein starkes, s\u00fc\u00dfes, zuckeriges Aroma verstr\u00f6men, das den Raum erf\u00fcllt.\u00a0 Die Terpen-Eigenschaften sind erstaunlich und bringen viele unserer Kunden dazu, immer wieder zur\u00fcckzukommen. Der Geschmack ist unvergesslich, also Vorsicht Elvis, du wirst nicht der Einzige mit dem Pink Cadillac sein!<\/p>\n<p>Diese feminisierten Pink Cadillac Cannabissamen weisen einen THC-Gehalt von 18 % auf, was einem mittleren THC-Gehalt entspricht, aber einen gro\u00dfartigen milden Nachgeschmack von Erdbeeren, Pink und Beeren hat. Dies ist eine der besten Sorten, die wir bisher auf unserer Website ausprobiert haben.\u00a0 Wir empfehlen Ihnen, diese Ihrem Sammlungsbestand hinzuzuf\u00fcgen. Die Wachstumschwierigkeit ist perfekt f\u00fcr alle Z\u00fcchter, da jede Stufe in der Lage ist, die volle Sch\u00f6nheit dieser Pflanze zu erreichen.\u00a0 Der Geschmack bei Ihrem ersten Zug enth\u00e4lt auch einige Vanille-Nachkl\u00e4nge.\u00a0 Dies verleiht ihm diesen sanften Geschmack und mischt alle Pink- und Erdbeeraromen miteinander.\u00a0 Die Harzproduktion ist beeindruckend und wird auch durch Sativa unterst\u00fctzt, was unsere Kunden immer wieder zur\u00fcckkehren l\u00e4sst.<\/p>\n<h2>Wirkungen von feminisierten Pink Cadillac Cannabissamen<\/h2>\n<p>Unsere feminisierte Pink Cadillac Cannabissorte hat viele zerebrale Effekte und hinterl\u00e4sst gleichzeitig ein Gef\u00fchl der v\u00f6lligen Entspannung.\u00a0 Da es sich dabei um 75 % Sativa handelt, werden Sie eher eine geistige H\u00f6hen erleben.\u00a0 Dies ist hervorragend geeignet gegen Stress und auch gegen Angstzust\u00e4nde, je mehr Sie dieses Produkt verwenden.\u00a0 Dar\u00fcber hinaus k\u00f6nnen Sie diese Sorte sowohl tags\u00fcber als auch nachts verwenden.\u00a0 Aufgrund seiner Sativa-Qualit\u00e4ten wird Ihnen der Pink Cadillac helfen, sich gleichzeitig produktiv und kreativ zu f\u00fchlen.\u00a0 Wenn Sie nach einem stimmungsaufhellenden Erlebnis suchen, sind Sie hier genau richtig.\u00a0 Sie werden feststellen, dass unser Pink Cadillac die meisten anderen Sativa-Sorten auf dem Markt \u00fcbertreffen kann.<\/p>\n<p>Es gibt viele Beschwerden, die durch die Verwendung von feminisierten Pink Cadillac Cannabissamen reduziert werden k\u00f6nnen.\u00a0 Aufgrund seines Geisteshochs k\u00f6nnen Sie Angstzust\u00e4nde, Depressionen, Stress und viele andere problematische Bereiche reduzieren. Pink Cadillac hilft Ihnen auch, ein lethargisches Gef\u00fchl zu bek\u00e4mpfen und gleichzeitig ruhig zu bleiben f\u00fcr die Aktivit\u00e4ten, die Sie am Tag durchf\u00fchren. Unsere Pink Cadillac-Sorte hilft auch bei der Behandlung von PTSD sowie bei vielen anderen psychischen St\u00f6rungen.\u00a0 Wenn Sie also auf der Suche nach den besten chemischen Ausgewogenheiten im Leben sind, sind Sie bei dieser Sorte genau richtig.\u00a0 Spa\u00df, fruchtig, sanft und trifft den Geschmack &#8211; die feminisierten Pink Cadillac Cannabissamen sind genau das Richtige f\u00fcr Sie!<\/p>\n<h2>Wie wachsen feminisierte Pink Cadillac Cannabissamen?<\/h2>\n<p>Pink Cadillac Samen sind ideal f\u00fcr alle Z\u00fcchterstufen.\u00a0 Egal, ob Sie Anf\u00e4nger oder Experte sind, Sie werden die verschiedenen Wachstumsphasen dieser Pflanze zu sch\u00e4tzen wissen.\u00a0 Pink Cadillac wird in 7 bis 9 Wochen bl\u00fchen.\u00a0 Sie k\u00f6nnen diese Pflanze sowohl in einem Innenraum als auch im Freien anbauen.\u00a0 Es ist sehr wichtig, Ihre Umgebung gut zu kontrollieren, da Sie so die besten Potenziale dieser Samen kultivieren k\u00f6nnen.<\/p>\n<p>Der Ertrag der Pink Cadillac Cannabissamen ist gro\u00dfartig, da der Innenanbau etwa 500 Gramm produziert.\u00a0 Wenn Sie im Freien z\u00fcchten m\u00f6chten, k\u00f6nnen die nat\u00fcrlichen Sonnenstrahlen Ihnen helfen, einen h\u00f6heren Ertrag als drinnen zu erzielen.\u00a0 Erwarten Sie etwa 600 Gramm, wenn Sie im Freien anbauen.\u00a0 Pink Cadillac ist gut gegen Schimmel und auch gegen l\u00e4stige Insekten, die beim Anbau im Freien auftreten k\u00f6nnen.\u00a0 Pink Cadillac Samen bestehen aus gro\u00dfartigen Genen und die Pflanze wird sehr stark sein, wenn es darum geht, diese erstaunliche Pflanze anzubauen.<\/p>\n<h2>Geschichte der feminisierten Pink Cadillac Cannabissamen<\/h2>\n<p>Die Geschichte der feminisierten Pink Cadillac Cannabissamen stammt sowohl von Pink Kush als auch von Strawberry Diesel.\u00a0 Pink Cadillac stammt von dem Z\u00fcchter Holy Smoke Seeds, da sie ihre eigenen Strawberry Diesel mit Reefermans Pink Kush gekreuzt haben.<\/p>\n","protected":false},"excerpt":{"rendered":"<p>Pinker Cadillac: AAAA h\u00f6chste Qualit\u00e4tsbewertung f\u00fcr Ihre Sammlung<\/p>\n<p>Kostenloser Versand bei Bestellungen \u00fcber 99 $. Versand in die USA und Kanada<\/p>\n<p>Erhalten Sie 4 kostenlose Samen zu Ihrer Bestellung, wenn Sie mit Venmo, Zelle oder E Transfer bezahlen<\/p>\n","protected":false},"featured_media":74742,"comment_status":"open","ping_status":"closed","template":"","meta":{"_acf_changed":false,"_glsr_average":0,"_glsr_ranking":0,"_glsr_reviews":0},"product_brand":[],"product_cat":[62,19,3067,33,1161,1610,21],"product_tag":[],"class_list":{"0":"post-74737","1":"product","2":"type-product","3":"status-publish","4":"has-post-thumbnail","6":"product_cat-cannabis-samen-fuer-anfaenger","7":"product_cat-feminisierte-cannabis-samen","8":"product_cat-ertragreiche-samen","9":"product_cat-hybride-cannabis-samen","10":"product_cat-neu","11":"product_cat-photoperiodische-cannabis-samen","12":"product_cat-cannabis-sativa-samen","14":"first","15":"instock","16":"taxable","17":"shipping-taxable","18":"purchasable","19":"product-type-variable"},"acf":[],"aioseo_notices":[],"_links":{"self":[{"href":"https:\/\/theseedfair.com\/de\/wp-json\/wp\/v2\/product\/74737","targetHints":{"allow":["GET"]}}],"collection":[{"href":"https:\/\/theseedfair.com\/de\/wp-json\/wp\/v2\/product"}],"about":[{"href":"https:\/\/theseedfair.com\/de\/wp-json\/wp\/v2\/types\/product"}],"replies":[{"embeddable":true,"href":"https:\/\/theseedfair.com\/de\/wp-json\/wp\/v2\/comments?post=74737"}],"wp:featuredmedia":[{"embeddable":true,"href":"https:\/\/theseedfair.com\/de\/wp-json\/wp\/v2\/media\/74742"}],"wp:attachment":[{"href":"https:\/\/theseedfair.com\/de\/wp-json\/wp\/v2\/media?parent=74737"}],"wp:term":[{"taxonomy":"product_brand","embeddable":true,"href":"https:\/\/theseedfair.com\/de\/wp-json\/wp\/v2\/product_brand?post=74737"},{"taxonomy":"product_cat","embeddable":true,"href":"https:\/\/theseedfair.com\/de\/wp-json\/wp\/v2\/product_cat?post=74737"},{"taxonomy":"product_tag","embeddable":true,"href":"https:\/\/theseedfair.com\/de\/wp-json\/wp\/v2\/product_tag?post=74737"}],"curies":[{"name":"wp","href":"https:\/\/api.w.org\/{rel}","templated":true}]}}