{"id":76118,"date":"2023-01-27T14:46:32","date_gmt":"2023-01-27T14:46:32","guid":{"rendered":"https:\/\/theseedfair.com\/?post_type=product&#038;p=76118"},"modified":"2024-06-13T08:28:15","modified_gmt":"2024-06-13T08:28:15","slug":"lemon-cherry-gelato","status":"publish","type":"product","link":"https:\/\/theseedfair.com\/de\/product\/hoher-thc-gehalt\/lemon-cherry-gelato\/","title":{"rendered":"Lemon Cherry Gelato Samen"},"content":{"rendered":"<h2>Lemon Cherry Gelato Samen<\/h2>\n<p>Unser Lemon Cherry Gelato ist perfekt f\u00fcr Kiffer, die die Dinge auf ein h\u00f6heres Niveau bringen wollen. Mit einem THC-Gehalt von bis zu 29 % ist die Weed-Variante eine perfekte Wahl f\u00fcr erfahrene Cannabiskonsumenten. Wenn du ein Anf\u00e4nger bist, erw\u00e4ge, mit einer niedrigen Dosis zu beginnen und die Menge mit der Zeit zu erh\u00f6hen, bis dein K\u00f6rper eine Toleranz entwickelt hat.<\/p>\n<p>Lemon Cherry Gelato ist eine Kreuzung aus Sunset Sherbet, Girl Scout Cookies und einer unbekannten Sorte. Die Anonymit\u00e4t der dritten Sorte macht es f\u00fcr Anwender noch interessanter, sie auszuprobieren. Dies ist eine leicht Indica-dominante Sorte mit 60 % Indica und 40 % Sativa. Es ist eine perfekte Wahl, wenn du auf der Suche nach einer Marihuana-Sorte mit den entspannenden Effekten einer Indica und den erhebenden Vorteilen einer Sativa bist.<\/p>\n<p>Sobald du dich high f\u00fchlst, wirst du von einem fast euphorischen Gef\u00fchl von Gl\u00fcck und Motivation \u00fcberkommen. Dies wird durch ein stoney Gef\u00fchl gefolgt, das in deinem K\u00f6rper ein- und ausklingt und eine entspannende Wirkung hat. Wenn du eine euphorische und kribbelnde Erfahrung suchst, beweist diese Sorte, dass sie es gut kann.<\/p>\n<p>Lemon Cherry Gelato ist eine ausgezeichnete Wahl, wenn du dich depressiv f\u00fchlst oder Angst- und Besorgnisgef\u00fchle hast. Es kann dir auch dabei helfen, Beschwerden und K\u00f6rperschmerzen loszuwerden. Diese Sorte hat einen niedrigen CBD-Gehalt, der mit verschiedenen Vorteilen f\u00fcr das Herz verbunden ist, einschlie\u00dflich der Behandlung von niedrigem Blutdruck.<\/p>\n<p>Lemon Cherry Gelato Samen bieten eine Obertone von frischen Aromen und holzige Untert\u00f6ne. Es hat s\u00fc\u00dfe Aromen wie reiche Beeren und Kirschen.<\/p>\n<h2>Effekte und Aromen der Lemon Cherry Gelato<\/h2>\n<p>Die energieboostenden und entspannenden Effekte dieser Sorte sind auf einem anderen Niveau. Mit einer fast perfekten Balance von Indica und Sativa genie\u00dft du die herausragenden Effekte von beiden Welten.<\/p>\n<p>Die Anwesenheit von Sativa in der Lemon Cherry Gelato macht dich gl\u00fccklich und hebt deine Stimmung. Ein Zug von dieser Sorte macht dich gesellig. Es k\u00f6nnte die perfekte Gelegenheit sein, endlich deine Gef\u00fchle deinem Schwarm zu gestehen. Indica hingegen bietet beruhigende Effekte, die dir helfen, entspannt zu bleiben.<\/p>\n<p>Sie sind praktisch, wenn du dich nach einem arbeitsreichen Tag am Abend entspannen m\u00f6chtest. Erw\u00e4ge, einen Zug zu genie\u00dfen, w\u00e4hrend du einen Film schaust oder wenn du schneller einschlafen m\u00f6chtest.<\/p>\n<p>Die hohen THC-Werte machen es effektiv bei der Linderung von chronischem Stress, Angst, chronischen Schmerzen und Depressionen. Es lindert auch Stimmungsschwankungen und gibt dir ein gutes friedliches Gef\u00fchl. Wenn du auf der Suche nach der besten Weed-Sorte zum Lachen bist, erw\u00e4ge das Lemon Cherry Gelato. Die Marihuana-Variante wird dich vor Aufregung kichern lassen.<\/p>\n<p>Diese Hybridsorte hat einen sauren Zitronengeschmack, wie der Name schon sagt. Es wird auch von einem s\u00fc\u00dfen fruchtigen und tropischen Aroma begleitet. Der Geruch ist sauer mit einem Zitrusfruchtaroma. Es hat auch einen Hauch von erdigem Geruch.<\/p>\n<p>Wenn du einen schlechten Tag hattest, kann dir das Rauchen dieser Sorte helfen, dich besser zu f\u00fchlen. Es bringt dich in die richtige Stimmung, um die ganze Nacht zu bleiben und mit anderen Kiffern zu chillen oder friedlich zu schlafen.<\/p>\n<h2>Wie w\u00e4chst Lemon Cherry Gelato<\/h2>\n<p>Der Anbau von Lemon Cherry Gelato hat eine durchschnittliche Schwierigkeit, wenn es um den Anbau geht. Dies macht es relativ einfach f\u00fcr Anf\u00e4nger sowie erfahrene Z\u00fcchter. Es kann sowohl im Freien als auch drinnen angebaut werden.<\/p>\n<p>Der Ertrag beim Anbau von Lemon Cherry Gelato ist moderat bis hoch. Wenn du die Pflanze unter idealen Bedingungen pflegst, kann der Anbau von Lemon Cherry Gelato problemlos erfolgen und du kannst dir sicher sein, eine gute Ernte zu erzielen. Im Freien gedeiht es gut in w\u00e4rmeren und feuchten Klimazonen.<\/p>\n<p>Der Innenertrag kann bis zu 915 g\/M\u00b2 betragen, wenn es richtig gepflegt wird. Du kannst eine Ernte von bis zu 280 g pro Pflanze erwarten, wenn du deine Pflanzen drau\u00dfen anbaust.<\/p>\n<p>Die Lemon Cherry Gelato w\u00e4chst hoch mit 5-6,5 Fu\u00df, daher k\u00f6nnte es ein Problem sein, wenn du begrenzten Platz drinnen hast. Die Bl\u00fctezeit dauert etwa 57-62 Tage, was ziemlich durchschnittlich ist.<\/p>\n<p>Du kannst nicht anders, als die verlockende Sch\u00f6nheit dieser Cannabispflanze zu betrachten. Die Knospen sind superdicht mit gro\u00dfen, waldgr\u00fcnen Nuggets und schmalen bernsteinfarbenen Haaren. Es hat auch eine Beschichtung aus wei\u00dfen Kristalltrichomen.<\/p>\n<p>Caryophyllen ist das dominante Terpen in dieser Sorte. In Gew\u00fcrzen wie Nelken und schwarzem Pfeffer vorhanden, sorgt es f\u00fcr ein Gef\u00fchl von W\u00e4rme und W\u00fcrze. Es ist bekannt f\u00fcr seine entz\u00fcndungshemmenden Wirkungen auf seine Anwender.<\/p>\n<p>Aufgrund ihrer dichten Knospenstruktur ist diese Sorte anf\u00e4llig f\u00fcr Schimmel, obwohl sie als sch\u00e4dlingsresistent gilt. Lemon Cherry Gelato Samen sind einfach anzubauen und eignen sich sowohl f\u00fcr den Innen- als auch f\u00fcr den Au\u00dfenbereich.<\/p>\n<h2>Geschichte der Lemon Cherry Gelato<\/h2>\n<p>Lemon Cherry Gelato wurde von Backpackboyz auf den Cannatique Farms in Oakland entwickelt. Dieser beeindruckende Hybrid ist das Produkt der Kreuzung von drei unglaublichen Sorten zu einer legend\u00e4ren Sorte. Zu seinen Eltern geh\u00f6ren die Sunset Sherbet, Girl Scout Cookies und eine unbekannte.<\/p>\n<p>Obwohl der Name der dritten Sorte unbekannt sein mag, spricht das ph\u00e4nomenale Erlebnis dieses Hybriden f\u00fcr sich. Du kannst mit Lemon Cherry Gelato nichts falsch machen, wenn du auf der Suche nach einer Sorte bist, die dich in Hochstimmung versetzt.<\/p>\n<h3 class=\"accordion_title\">FAQ<\/h3><div class=\"accordion\"><\/div>\n\t<div id=\"accordion-1451113930\" class=\"accordion-item\">\n\t\t<a id=\"accordion-1451113930-label\" class=\"accordion-title plain\" href=\"#accordion-item-wie-baut-man-lemon-cherry-gelato-an?\" aria-expanded=\"false\" aria-controls=\"accordion-1451113930-content\">\n\t\t\t<button class=\"toggle\" aria-label=\"Umschalten\"><i class=\"icon-angle-down\" aria-hidden=\"true\"><\/i><\/button>\n\t\t\t<span>Wie baut man Lemon Cherry Gelato an?<\/span>\n\t\t<\/a>\n\t\t<div id=\"accordion-1451113930-content\" class=\"accordion-inner\" aria-labelledby=\"accordion-1451113930-label\">\n\t\t\t\nDer Anbau unserer Lemon Cherry Gelato kann in einem Innen- oder Au\u00dfenbereich erfolgen. Diese Sorte ben\u00f6tigt ein feuchtes oder mediterranes Klima. Die Bl\u00fctezeit betr\u00e4gt etwa 8 bis 10 Wochen und kann sich zu ungef\u00e4hr 500 Gramm bis 900 Gramm dichten Knospen entwickeln. Wir empfehlen, auf Schimmel zu achten, da das dichte Knospenmuster bei den h\u00f6heren Temperaturen, die ben\u00f6tigt werden, empfindlicher sein kann.<br \/>\n\t\t<\/div>\n\t<\/div>\n\t\n\t<div id=\"accordion-928627155\" class=\"accordion-item\">\n\t\t<a id=\"accordion-928627155-label\" class=\"accordion-title plain\" href=\"#accordion-item-eignet-sich-der-lemon-cherry-gelato-f\u00fcr-anf\u00e4nger?\" aria-expanded=\"false\" aria-controls=\"accordion-928627155-content\">\n\t\t\t<button class=\"toggle\" aria-label=\"Umschalten\"><i class=\"icon-angle-down\" aria-hidden=\"true\"><\/i><\/button>\n\t\t\t<span>Eignet sich der Lemon Cherry Gelato f\u00fcr Anf\u00e4nger?<\/span>\n\t\t<\/a>\n\t\t<div id=\"accordion-928627155-content\" class=\"accordion-inner\" aria-labelledby=\"accordion-928627155-label\">\n\t\t\t\nJa, Lemon Cherry Gelato Samen eignen sich hervorragend f\u00fcr Anf\u00e4nger bis Mittelstufenz\u00fcchter zum Anbau und Kultivieren. Da diese Sorte eine dichte Knospenstruktur hat, kann sie anf\u00e4lliger f\u00fcr Schimmel sein, daher ist es wichtig, jeglichen Schimmel schnell zu entsorgen und dann die Pflanze professionell behandeln zu lassen. Abgesehen davon und der Bew\u00e4ltigung der H\u00f6he der Pflanzen kann auch ein Anf\u00e4nger mit gr\u00fcnem Daumen diese sch\u00f6n riechende Cannabispflanze definitiv anbauen.<br \/>\n\t\t<\/div>\n\t<\/div>\n\t\n\t<div id=\"accordion-1375011290\" class=\"accordion-item\">\n\t\t<a id=\"accordion-1375011290-label\" class=\"accordion-title plain\" href=\"#accordion-item-gibt-es-\u00e4hnliche-cannabissamen-wie-lemon-cherry-gelato-bei-the-seed-fair?\" aria-expanded=\"false\" aria-controls=\"accordion-1375011290-content\">\n\t\t\t<button class=\"toggle\" aria-label=\"Umschalten\"><i class=\"icon-angle-down\" aria-hidden=\"true\"><\/i><\/button>\n\t\t\t<span>Gibt es \u00e4hnliche Cannabissamen wie Lemon Cherry Gelato bei The Seed Fair?<\/span>\n\t\t<\/a>\n\t\t<div id=\"accordion-1375011290-content\" class=\"accordion-inner\" aria-labelledby=\"accordion-1375011290-label\">\n\t\t\t\nWenn du ein \u00e4hnliches Geschmacksprofil suchst, k\u00f6nntest du auch Blueberry Headband w\u00e4hlen sowie Sunset Sherbet und Girl Scout Cookies, da diese beiden Sorten genetische Teile des Lemon Cherry Gelato ausmachen.<br \/>\n\t\t<\/div>\n\t<\/div>\n\t\n\t<div id=\"accordion-3666493658\" class=\"accordion-item\">\n\t\t<a id=\"accordion-3666493658-label\" class=\"accordion-title plain\" href=\"#accordion-item-wie-kaufe-ich-lemon-cherry-gelato-samen?\" aria-expanded=\"false\" aria-controls=\"accordion-3666493658-content\">\n\t\t\t<button class=\"toggle\" aria-label=\"Umschalten\"><i class=\"icon-angle-down\" aria-hidden=\"true\"><\/i><\/button>\n\t\t\t<span>Wie kaufe ich Lemon Cherry Gelato Samen?<\/span>\n\t\t<\/a>\n\t\t<div id=\"accordion-3666493658-content\" class=\"accordion-inner\" aria-labelledby=\"accordion-3666493658-label\">\n\t\t\t\t\t<\/div>\n\t<\/div>\n\t\nDer Kauf dieser Sorte ist einfach, wenn du bei The Seed Fair einkaufst. Klicke einfach auf die Produktkarte auf unserer Website, w\u00e4hle die Menge an Samen aus, die du kaufen m\u00f6chtest, und f\u00fcge deine Bestellung dem Warenkorb hinzu. Sobald die Zahlung \u00fcber eine unserer Zahlungsmethoden erfolgt ist, wird deine Bestellung innerhalb von 5 bis 7 Werktagen versendet und empfangen.<\/p>\n<p>&nbsp;<\/p>\n","protected":false},"excerpt":{"rendered":"<p>Wenn Zitronenkirsch-Gelato feminisiert ein Film w\u00e4re, w\u00e4re er eine Coming-of-Age-Geschichte, in der der Held, ein kr\u00e4ftiger 29% THC-Gehalt, dich auf eine Reise von \u201eIch bin ein bisschen gestresst\u201c zu \u201eDas Leben ist sch\u00f6n.\u201c nimmt.<br \/>\nMit einer Aura von 60 % Indica und 40 % Sativa ist es, als w\u00fcrde man friedlich gegen Stress protestieren und dabei auf einer Party landen.<\/p>\n","protected":false},"featured_media":86477,"comment_status":"open","ping_status":"closed","template":"","meta":{"_acf_changed":false,"_glsr_average":0,"_glsr_ranking":0,"_glsr_reviews":0},"product_brand":[],"product_cat":[62,19,3067,68,33,30,1161,1610],"product_tag":[],"class_list":{"0":"post-76118","1":"product","2":"type-product","3":"status-publish","4":"has-post-thumbnail","6":"product_cat-cannabis-samen-fuer-anfaenger","7":"product_cat-feminisierte-cannabis-samen","8":"product_cat-ertragreiche-samen","9":"product_cat-hoher-thc-gehalt","10":"product_cat-hybride-cannabis-samen","11":"product_cat-indica-cannabis-samen","12":"product_cat-neu","13":"product_cat-photoperiodische-cannabis-samen","15":"first","16":"instock","17":"taxable","18":"shipping-taxable","19":"purchasable","20":"product-type-variable"},"acf":[],"aioseo_notices":[],"_links":{"self":[{"href":"https:\/\/theseedfair.com\/de\/wp-json\/wp\/v2\/product\/76118","targetHints":{"allow":["GET"]}}],"collection":[{"href":"https:\/\/theseedfair.com\/de\/wp-json\/wp\/v2\/product"}],"about":[{"href":"https:\/\/theseedfair.com\/de\/wp-json\/wp\/v2\/types\/product"}],"replies":[{"embeddable":true,"href":"https:\/\/theseedfair.com\/de\/wp-json\/wp\/v2\/comments?post=76118"}],"wp:featuredmedia":[{"embeddable":true,"href":"https:\/\/theseedfair.com\/de\/wp-json\/wp\/v2\/media\/86477"}],"wp:attachment":[{"href":"https:\/\/theseedfair.com\/de\/wp-json\/wp\/v2\/media?parent=76118"}],"wp:term":[{"taxonomy":"product_brand","embeddable":true,"href":"https:\/\/theseedfair.com\/de\/wp-json\/wp\/v2\/product_brand?post=76118"},{"taxonomy":"product_cat","embeddable":true,"href":"https:\/\/theseedfair.com\/de\/wp-json\/wp\/v2\/product_cat?post=76118"},{"taxonomy":"product_tag","embeddable":true,"href":"https:\/\/theseedfair.com\/de\/wp-json\/wp\/v2\/product_tag?post=76118"}],"curies":[{"name":"wp","href":"https:\/\/api.w.org\/{rel}","templated":true}]}}