{"id":76211,"date":"2023-01-30T09:22:24","date_gmt":"2023-01-30T09:22:24","guid":{"rendered":"https:\/\/theseedfair.com\/?post_type=product&#038;p=76211"},"modified":"2024-06-13T08:08:38","modified_gmt":"2024-06-13T08:08:38","slug":"gary-payton","status":"publish","type":"product","link":"https:\/\/theseedfair.com\/de\/product\/hoher-thc-gehalt\/gary-payton\/","title":{"rendered":"Gary Payton Samen"},"content":{"rendered":"<h2>Gary Payton Samen<\/h2>\n<p>Benannt nach dem legend\u00e4ren NBA Hall of Famer, Gary Payton, ist diese selten zu findende Hybrid-Sorte einen Blick wert. Gary Payton Samen ist bekannt f\u00fcr seine schnellen, harten Effekte, die lange anhalten und Ihren K\u00f6rper mit aufheiternder Energie versorgen.<\/p>\n<p>Dies ist eine gleichm\u00e4\u00dfig ausgewogene Hybridsorte mit 50% Indica und 50% Sativa. Es ist eine ausgezeichnete Wahl f\u00fcr Cannabis-Enthusiasten, die ein Gleichgewicht zwischen beiden Welten suchen. Sie k\u00f6nnen das zerebrale, aufheiternde und motivierende High der Sativa und die beruhigenden Effekte der Indica genie\u00dfen.<\/p>\n<p>Es ist eine Kreuzung aus den Y- und Schnee-Mann-Sorten. Das Ergebnis ist eine Sorte mit einem durchschnittlichen THC-Gehalt von 25% und fast keinem CBD. Daher k\u00f6nnen sowohl Anf\u00e4nger als auch erfahrene Konsumenten einen Zug von Gary Payton genie\u00dfen. Wenn Sie gerade erst anfangen, sollten Sie mit einer geringen Menge beginnen und diese mit der Zeit steigern.<\/p>\n<p>Es hat einen s\u00fc\u00dfen und w\u00fcrzigen Geschmack mit einem Hauch von Kr\u00e4utergeschmack beim Ausatmen. Der Geruch ist erdig und dieselartig mit einer Kr\u00e4uternote. Die bevorzugte Zeit f\u00fcr die Nutzung dieser Sorte ist tags\u00fcber. Es gibt Ihnen die Energie, Motivation, Fokus und Konzentration, um Ihre Aufgaben zu erledigen.<\/p>\n<p>Wie bei vielen Sorten kann die Verwendung dieser Variante zu einem trockenen Mund und Durst f\u00fchren. Dies kann durch das Trinken von Wasser gel\u00f6st werden und Sie sind bereit, loszulegen. Sie k\u00f6nnen Ihr Cannabis stressfrei genie\u00dfen.<\/p>\n<p>Die Tatsache, dass die Gary Payton Samen feminisiert sind, hat seine Vorteile. Es erspart Ihnen die manuelle Geschlechtsbestimmung Ihrer Pflanzen. Wenn Sie normale Samen pflanzen, m\u00fcssen Sie den Prozess der Trennung der m\u00e4nnlichen von den weiblichen Pflanzen durchlaufen. Andernfalls kann es zur Befruchtung kommen, was die Qualit\u00e4t Ihrer Knospen beeintr\u00e4chtigt. Durch die Verwendung feminisierter Samen k\u00f6nnen Sie diesen Prozess vermeiden.<\/p>\n<p>Die Knospen von feminisierten Marihuana-Pflanzen sind auch reich an Cannabinoiden. Obwohl auch m\u00e4nnliche Pflanzen n\u00fctzliche Knospen produzieren, ist die Qualit\u00e4t m\u00f6glicherweise nicht so gut wie die ihrer weiblichen Gegenst\u00fccke.<\/p>\n<h2>Effekte von Gary Payton Samen<\/h2>\n<p>Ein Zug von dieser Sorte hilft Ihnen, Ihren Tag mit einem Energieschub und Fokus fortzusetzen. Es wurde auch festgestellt, dass sie kreative Effekte hat, die Ihnen helfen, Ideen zu den Aufgaben zu bekommen, die Sie ausf\u00fchren.<\/p>\n<p>Aufgrund ihres hohen THC-Gehalts hilft diese Sorte, Kopfschmerzen oder Migr\u00e4ne zu lindern, wodurch Sie ruhig und entspannt werden. Sie lindert auch chronischen Stress, Angstzust\u00e4nde und Depressionen. Menschen mit Aufmerksamkeitsdefizit-\/Hyperaktivit\u00e4tsst\u00f6rung (ADHS) oder Aufmerksamkeitsdefizitst\u00f6rung (ADS) k\u00f6nnen diese Sorte als hilfreich empfinden.<\/p>\n<p>Wenn Sie einfach die Nacht mit Freunden verbringen m\u00f6chten, ist dies die perfekte Wahl f\u00fcr Sie. Sie macht Sie gespr\u00e4chig und kontaktfreudig. Sie gibt Ihnen extreme Freude und hinterl\u00e4sst Sie kichernd.<\/p>\n<p>Warum traurig sein, wenn man auch gl\u00fccklich sein kann? Diese Sorte l\u00e4sst alle Ihre Sorgen verschwinden und gibt Ihnen innere Ruhe. Vergessen Sie einfach Ihre Probleme und genie\u00dfen Sie ein Hoch mit einem Knall von Gary Payton Cannabis.<\/p>\n<p>Mehr ist nicht immer besser. Sie m\u00fcssen nicht viel von dieser Sorte nehmen, um die Wirkung zu sp\u00fcren. Ein Zug trifft hart und schnell mit lang anhaltendem Hochgef\u00fchl und einem Energieschub von Gl\u00fcck. Sie k\u00f6nnen sicher sein, dass Sie sich entspannt f\u00fchlen, ob tags\u00fcber oder nachts.<\/p>\n<h2>Wie wachsen die Gary Payton Samen?<\/h2>\n<p>Das Anbauen von Gary Payton Samen ist ein Kinderspiel f\u00fcr alle Erfahrungsstufen. Sowohl Anf\u00e4nger als auch erfahrene Bauern werden keine Herausforderung haben, diese Pflanze anzubauen. Solange Sie sich um die Pflanze k\u00fcmmern, k\u00f6nnen Sie eine gute Ernte erwarten.<\/p>\n<p>\u00dcberlegen Sie, Ihre eigenen Samen zu pflanzen, um hochwertige Nuggets zu erhalten. Beginnen Sie damit, sie mit Papiert\u00fcchern zu keimen, bevor Sie sie in den Garten verpflanzen. Dieser Prozess ist kosteng\u00fcnstig, da Sie leicht verf\u00fcgbare Materialien wie Papiert\u00fccher, Pinzetten und Teller verwenden. Verwenden Sie die folgenden Schritte, um Ihre Samen vor dem Pflanzen zu keimen.<\/p>\n<ol>\n<li aria-level=\"1\">Stellen Sie sicher, dass Sie alle ben\u00f6tigten Materialien bereit haben, einschlie\u00dflich Ihrer Samen, Papiert\u00fccher, Teller, Pinzette und sauberes Wasser.<\/li>\n<li aria-level=\"1\">Befeuchten Sie zwei Papiert\u00fccher und entfernen Sie \u00fcbersch\u00fcssige Feuchtigkeit. Legen Sie eines der St\u00fccke auf einen Teller.<\/li>\n<li aria-level=\"1\">Nehmen Sie Ihre Samen und legen Sie sie auf das Tuch. Sie k\u00f6nnen dabei eine Pinzette verwenden und sicherstellen, dass zwischen den Samen ein Abstand von etwa einem Zoll besteht.<\/li>\n<li aria-level=\"1\">Nehmen Sie ein weiteres Papiertuch und verwenden Sie es, um die Gary Payton feminisierten Samen zu bedecken.<\/li>\n<li aria-level=\"1\">Stellen Sie sicher, dass kein \u00fcbersch\u00fcssiges Wasser auf dem Teller bleibt, da es Ihre Samen zum Verrotten bringen kann. Wenn etwas \u00fcbrig bleibt, verwenden Sie ein Tuch, um es zu trocknen.<\/li>\n<li aria-level=\"1\">Stellen Sie den Teller mit Ihren Gary Payton Samen an einen dunklen und k\u00fchlen Ort.<\/li>\n<li aria-level=\"1\">Stellen Sie sicher, dass die Samen die ersten 2-3 Tage feucht bleiben und beobachten Sie sie genau, um sicherzustellen, dass alles gut l\u00e4uft.<\/li>\n<li aria-level=\"1\">Wenn Ihre Samen eine Pfahlwurzel von etwa einem Zoll L\u00e4nge entwickelt haben, sind sie bereit zum Pflanzen. Decken Sie sie auf und verwenden Sie eine Pinzette, um sie von dem Teller in Ihr Wachstumsmedium zu \u00fcbertragen. Stellen Sie sicher, dass die Wurzel zuerst in das Medium gelangt.<\/li>\n<\/ol>\n<p>Gary Payton Samen gedeihen sowohl in Hydro- als auch in Bodenmedien.<\/p>\n<p>Diese Sorte kann sowohl drinnen als auch drau\u00dfen angebaut werden. In engen R\u00e4umen m\u00fcssen Sie vorsichtig sein, da diese Pflanze bis zu 6 Fu\u00df hoch werden kann. Die Bl\u00fctezeit dauert drinnen etwa 7 &#8211; 9 Wochen. Die beste Zeit f\u00fcr die Ernte der Cannabispflanze im Freien ist etwa im Oktober.<\/p>\n<p>F\u00fcr die besten Ergebnisse sind warme Temperaturen und eine \u00fcberdurchschnittliche Luftfeuchtigkeit die idealen Bedingungen f\u00fcr den Anbau dieser Sorte. Halten Sie die Temperaturen warm, da die Pflanze in einer kontrollierten Innenraumumgebung anf\u00e4llig f\u00fcr Feuchtigkeitssch\u00e4den und Pilzwachstum ist.<\/p>\n<p>Sie k\u00f6nnen einen Innenraumertrag von etwa 500 &#8211; 600g pro Quadratmeter erzielen. Im Freien k\u00f6nnen Sie bis zu 900g pro Pflanze erhalten, insbesondere wenn die Pflanzen mehr Stunden Sonnenlicht ausgesetzt sind.<\/p>\n<p>Die Marihuanapflanze hat kleine traubenf\u00f6rmige, minzgr\u00fcne Knospen. Die Knospen haben gl\u00e4nzende orangefarbene Pistillate und eine Schicht aus frostigen wei\u00dfen Kristalltrichomen. Das dominierende Terpenprofil in der Pflanze ist Caryophyllen. Es wird von Limonen und Linalool gefolgt.<\/p>\n<p>Beim Gie\u00dfen der Pflanze stellen Sie sicher, dass Sie sie mit der richtigen Menge Wasser gie\u00dfen. Denn zu viel Feuchtigkeit kann die Wurzeln der Pflanze sch\u00e4digen.<\/p>\n<p>Wie bereits erw\u00e4hnt, sind die Gary Payton Samen einfach anzubauen. Beachten Sie jedoch verschiedene Probleme, insbesondere beim Anbau Ihrer Pflanzen im Innenbereich. Einige der Probleme, die das Gesamtwachstum und die Knospenqualit\u00e4t Ihres Cannabis beeinflussen k\u00f6nnten, sind Spinnmilben und Mehltau.<\/p>\n<h2>Geschichte der Gary Payton Samen<\/h2>\n<p>Diese hybride Sorte wurde durch eine Partnerschaft zwischen Cookies und Powerzzz Genetics entwickelt. Sie ist nach dem ikonischen Basketballspieler Gary Dwayne Payton benannt. Der perfekt ausbalancierte Hybrid ist das Ergebnis einer Kreuzung zwischen der Schneemann- und der Y-Sorte.<\/p>\n<p>Es ist ein seltener Fund, da die Entwickler alles f\u00fcr sich behalten wollten. Sobald Sie eine bekommen, gibt es kein Zur\u00fcck mehr.<\/p>\n","protected":false},"excerpt":{"rendered":"<p>Selbst Datenschutzeinstellungen k\u00f6nnen Sie nicht vor den ikonischen Gary Payton Feminized\u00e2\u0080\u0094einem Slam Dunk von 50% Indica, 50% Sativa und 25% THC. Geboren aus Cookies &amp; Powerzzz Genetics ist es Ihr All-Star-Ticket zu aufheiternder Energie mit einem Erbe so legend\u00e4r wie sein Namensgeber.<\/p>\n","protected":false},"featured_media":76216,"comment_status":"open","ping_status":"closed","template":"","meta":{"_acf_changed":false,"_glsr_average":0,"_glsr_ranking":0,"_glsr_reviews":0},"product_brand":[],"product_cat":[62,19,3067,68,33,1161,1610],"product_tag":[],"class_list":{"0":"post-76211","1":"product","2":"type-product","3":"status-publish","4":"has-post-thumbnail","6":"product_cat-cannabis-samen-fuer-anfaenger","7":"product_cat-feminisierte-cannabis-samen","8":"product_cat-ertragreiche-samen","9":"product_cat-hoher-thc-gehalt","10":"product_cat-hybride-cannabis-samen","11":"product_cat-neu","12":"product_cat-photoperiodische-cannabis-samen","14":"first","15":"instock","16":"taxable","17":"shipping-taxable","18":"purchasable","19":"product-type-variable"},"acf":[],"aioseo_notices":[],"_links":{"self":[{"href":"https:\/\/theseedfair.com\/de\/wp-json\/wp\/v2\/product\/76211","targetHints":{"allow":["GET"]}}],"collection":[{"href":"https:\/\/theseedfair.com\/de\/wp-json\/wp\/v2\/product"}],"about":[{"href":"https:\/\/theseedfair.com\/de\/wp-json\/wp\/v2\/types\/product"}],"replies":[{"embeddable":true,"href":"https:\/\/theseedfair.com\/de\/wp-json\/wp\/v2\/comments?post=76211"}],"wp:featuredmedia":[{"embeddable":true,"href":"https:\/\/theseedfair.com\/de\/wp-json\/wp\/v2\/media\/76216"}],"wp:attachment":[{"href":"https:\/\/theseedfair.com\/de\/wp-json\/wp\/v2\/media?parent=76211"}],"wp:term":[{"taxonomy":"product_brand","embeddable":true,"href":"https:\/\/theseedfair.com\/de\/wp-json\/wp\/v2\/product_brand?post=76211"},{"taxonomy":"product_cat","embeddable":true,"href":"https:\/\/theseedfair.com\/de\/wp-json\/wp\/v2\/product_cat?post=76211"},{"taxonomy":"product_tag","embeddable":true,"href":"https:\/\/theseedfair.com\/de\/wp-json\/wp\/v2\/product_tag?post=76211"}],"curies":[{"name":"wp","href":"https:\/\/api.w.org\/{rel}","templated":true}]}}