{"id":76478,"date":"2023-02-04T14:40:14","date_gmt":"2023-02-04T14:40:14","guid":{"rendered":"https:\/\/theseedfair.com\/?post_type=product&#038;p=76478"},"modified":"2024-06-12T15:55:51","modified_gmt":"2024-06-12T15:55:51","slug":"cereal-milk-gelato","status":"publish","type":"product","link":"https:\/\/theseedfair.com\/de\/product\/feminisierte-cannabis-samen\/cereal-milk-gelato\/","title":{"rendered":"Cereal Milk Samen"},"content":{"rendered":"<h2>Cereal Milk Samen<\/h2>\n<p>Cereal Milk Samen ist eine schwer zu findende Sorte mit einem einzigartigen Geschmack und einem lang anhaltenden High. Es ist eine Kreuzung aus dem Y Life und dem Snowman, einer Sativa-dominanten Sorte. Das Y Life besteht aus den Girl Scout Cookies und Cherry Pie Sorten.<\/p>\n<p>Mit 50% Indica und 50% Sativa ist die Cereal Milk feminisierte Marihuana-Sorte eine ideale Wahl f\u00fcr jeden Anlass. Wenn Sie Energie zum Arbeiten oder einen Zug ben\u00f6tigen, um Ihre Stimmung w\u00e4hrend einer Party zu heben, kommen die Sativa-Effekte ins Spiel. Auf der anderen Seite sind die Indica-Eigenschaften ideal, wenn Sie sich entspannen oder beruhigen m\u00f6chten, um einen Film zu sehen. Sie k\u00f6nnen Ihnen auch helfen, schneller einzuschlafen.<\/p>\n<p>Die <a href=\"https:\/\/en.wikipedia.org\/wiki\/Tetrahydrocannabinol\" rel=\"nofollow\">THC<\/a>-Gehalte der Cannabissorte liegen im Durchschnitt bei 23%. Obwohl Cereal Milk Samen keine super potente Sorte ist, gibt es Behauptungen, dass die hohen THC-Gehalte f\u00fcr Anf\u00e4nger \u00fcberw\u00e4ltigend sein k\u00f6nnten.<\/p>\n<p>Man wird schnell von einer tiefen Entspannung oder einer erh\u00f6hten Euphorie getroffen, wenn man die Cereal Milk Cannabissorte raucht. Der euphorisierende Effekt wird zu Beginn des Highs versp\u00fcrt und beruhigt sich dann in einer gehobenen Freude.<\/p>\n<p>Der Geschmack, wie der Name schon sagt, ist ein s\u00fc\u00df-cremiger Geschmack mit fruchtigen Beerennoten. Es ist der Geschmack von Milch, den man nach dem Essen einer Sch\u00fcssel fruchtigen M\u00fcsli bekommt. Das Aroma ist das gleiche, aber es enth\u00e4lt einen Hauch von einem Kr\u00e4uterduft.<\/p>\n<p>Sowohl Anf\u00e4nger als auch Cannabis-Kenner k\u00f6nnen sich die Cereal Milk Samen Sorte nicht auf ihrer Bucket Liste entgehen lassen. Der k\u00f6stliche, laute Geschmack von s\u00fc\u00dfer Milch und Eis wird Sie zum Sabbern bringen und mehr verlangen lassen.<\/p>\n<h2>Effekte von Cereal Milk Samen<\/h2>\n<p>Cereal Milk weckt gesellige Energie und Kreativit\u00e4t, w\u00e4hrend der Geist fokussiert und der K\u00f6rper friedlich und entspannt bleibt. Es gibt Ihnen einen Schub an Gl\u00fcck und Energie, um Ihre Aufgaben zu erledigen und sich am Wochenende zu entspannen.<\/p>\n<p>K\u00fcnstler werden die Cereal Milk Cannabissorte hilfreich finden, da sie ihre Kreativit\u00e4t steigert. Dies ist besonders gut, wenn sie nach Motivation suchen oder neue Ideen entwickeln m\u00f6chten. Ein Zug der Cannabispflanze wird Ihnen helfen, die kreative Blockade, die bei K\u00fcnstlern h\u00e4ufig vorkommt, leicht zu \u00fcberwinden. Wenn Sie der Leiter eines bestimmten Projekts sind, gibt Ihnen ein Joint Cereal Milk einen Vorsprung.<\/p>\n<p>Aufgrund seiner hohen THC-Gehalte wurde die Cereal Milk feminisierte Sorte von Menschen, die nach medizinischen Vorteilen von Cannabis suchen, als hilfreich empfunden. Es kann helfen, chronischen Stress, Appetitlosigkeit, chronische Schmerzen, Angst, Depression und \u00dcbelkeit zu lindern.<\/p>\n<p>Wochenenden sind eine gro\u00dfartige Zeit, um alte Freunde zu treffen oder neue Leute kennenzulernen. Cereal Milk macht Sie gesellig und hinterl\u00e4sst eine gute Stimmung. Sie werden gespr\u00e4chig und kichernd sein und die meisten Menschen w\u00e4ren froh, mit Ihnen in Verbindung gebracht zu werden.<\/p>\n<p>Der Konsum von Cereal Milk sollte in Ma\u00dfen erfolgen. Es kann zu Vergesslichkeit, leichter Desorientierung und Nervosit\u00e4t f\u00fchren, wenn es in \u00fcberm\u00e4\u00dfigen Mengen eingenommen wird.<\/p>\n<p>Die beste Zeit, Cereal Milk zu verwenden, ist nach der Arbeit oder sogar an den Wochenenden. Sie k\u00f6nnen es auch tags\u00fcber verwenden, da es Ihnen perfekte Entspannung gibt, ohne Sie an die Couch zu fesseln. Das bedeutet, dass Sie Ihre Arbeit weiterf\u00fchren k\u00f6nnen, sich energiestark f\u00fchlen und mental fokussiert sind.<\/p>\n<p>Caryophyllen, bekannt f\u00fcr seine entz\u00fcndungshemmenden Wirkungen, ist das h\u00e4ufigste Terpen in der Cereal Milk feminisierten Marihuana-Sorte. Es wird gefolgt von Limonen und Myrcen. Myrcen ist f\u00fcr die beruhigenden und entspannenden Effekte verantwortlich. Limonen lindert Stress und Angst und ist f\u00fcr seine S\u00fc\u00dfe verantwortlich.<\/p>\n<h2>Wie Wachsen Cereal Milk Samen<\/h2>\n<p>Die feminisierte Cereal Milk Sorte ist schwer zu finden, da sie relativ neu auf dem Markt ist und begrenzte Produktion hat. Sie werden Gl\u00fcck haben, wenn Sie ihre Samen in die H\u00e4nde bekommen. Das Anbauen kann auch Vorkenntnisse im Marihuana-Anbau erfordern.<\/p>\n<p>Da es nicht viele Informationen \u00fcber ihr Wachstum gibt, k\u00f6nnen Sie sich auf die Details ihrer Elternsorten verlassen. Das Medium f\u00fcr das Wachstum kann entweder Erde bei Au\u00dfenanbau oder Hydroponik f\u00fcr die Innenkultivierung sein.<\/p>\n<p>Die Cereal Milk Hanfpflanze gedeiht gut sowohl im Freien als auch im Innenbereich. Sie ist aber anspruchsvoll beim Au\u00dfenanbau und erfordert eine sorgf\u00e4ltige Handhabung f\u00fcr beste Ergebnisse.<\/p>\n<p>Die Cereal Milk Pflanze kann ziemlich gro\u00df werden, mit einer H\u00f6he von 60-80 Zoll innen und etwa 90 Zoll im Freien. Die Bl\u00fctezeit betr\u00e4gt etwa 9 &#8211; 10 Wochen. F\u00fcr den Innenanbau kann man eine Ernte von 12-14 Unzen pro Quadratmeter erwarten und etwa die gleiche Menge pro Pflanze f\u00fcr den Au\u00dfenanbau.<\/p>\n<p>Herzf\u00f6rmige olivgr\u00fcne Nuggets kennzeichnen die Cereal Milk Cannabispflanze. Sie haben dunkelorange Haare und eine Schicht frostiger wei\u00dfer Trichome.<\/p>\n<p>Wie ihre Vorg\u00e4nger ist Hitzestress eine der Herausforderungen, denen Sie beim Anbau von Cereal Milk Pflanzen begegnen k\u00f6nnen. Die Regulierung der Temperaturen wird das Problem l\u00f6sen und Ihren Pflanzen helfen, gut zu wachsen, um optimale Ertr\u00e4ge und erstklassige Knospen zu bieten.<\/p>\n<h2>Geschichte von Cereal Milk Samen<\/h2>\n<p>Cereal Milk Samen ist eine der seltenen Hybridsorten, die in Kalifornien gez\u00fcchtet wird. Es ist eine Kreuzung aus dem Y Life, einer Kreuzung aus Girl Scout Cookies und Cherry Pie, und dem Snowman. Sie erhalten ein Produkt, das ideal zu jeder Tageszeit verwendet werden kann.<\/p>\n","protected":false},"excerpt":{"rendered":"<p>Verabschieden Sie sich von unordentlichen Morgen und gr\u00fc\u00dfen Sie die von Cereal Milk Feminized inspirierte Gl\u00fcckseligkeit. Entwickelt aus den ikonischen Sorten Girl Scout Cookies und Cherry Pie, liefert dieser 50% Indica und 50% Sativa-Hybrid eine perfekte Balance aus Entspannung und Kreativit\u00e4t. Mit einem beeindruckenden THC-Gehalt von 23% platzt jede Knospe vor s\u00fc\u00dfen, cremigen Aromen und fruchtigen Untert\u00f6nen.<\/p>\n","protected":false},"featured_media":76485,"comment_status":"open","ping_status":"closed","template":"","meta":{"_acf_changed":false,"_glsr_average":0,"_glsr_ranking":0,"_glsr_reviews":0},"product_brand":[],"product_cat":[62,19,3067,33,1161,1610],"product_tag":[],"class_list":{"0":"post-76478","1":"product","2":"type-product","3":"status-publish","4":"has-post-thumbnail","6":"product_cat-cannabis-samen-fuer-anfaenger","7":"product_cat-feminisierte-cannabis-samen","8":"product_cat-ertragreiche-samen","9":"product_cat-hybride-cannabis-samen","10":"product_cat-neu","11":"product_cat-photoperiodische-cannabis-samen","13":"first","14":"instock","15":"taxable","16":"shipping-taxable","17":"purchasable","18":"product-type-variable"},"acf":[],"aioseo_notices":[],"_links":{"self":[{"href":"https:\/\/theseedfair.com\/de\/wp-json\/wp\/v2\/product\/76478","targetHints":{"allow":["GET"]}}],"collection":[{"href":"https:\/\/theseedfair.com\/de\/wp-json\/wp\/v2\/product"}],"about":[{"href":"https:\/\/theseedfair.com\/de\/wp-json\/wp\/v2\/types\/product"}],"replies":[{"embeddable":true,"href":"https:\/\/theseedfair.com\/de\/wp-json\/wp\/v2\/comments?post=76478"}],"wp:featuredmedia":[{"embeddable":true,"href":"https:\/\/theseedfair.com\/de\/wp-json\/wp\/v2\/media\/76485"}],"wp:attachment":[{"href":"https:\/\/theseedfair.com\/de\/wp-json\/wp\/v2\/media?parent=76478"}],"wp:term":[{"taxonomy":"product_brand","embeddable":true,"href":"https:\/\/theseedfair.com\/de\/wp-json\/wp\/v2\/product_brand?post=76478"},{"taxonomy":"product_cat","embeddable":true,"href":"https:\/\/theseedfair.com\/de\/wp-json\/wp\/v2\/product_cat?post=76478"},{"taxonomy":"product_tag","embeddable":true,"href":"https:\/\/theseedfair.com\/de\/wp-json\/wp\/v2\/product_tag?post=76478"}],"curies":[{"name":"wp","href":"https:\/\/api.w.org\/{rel}","templated":true}]}}