{"id":77104,"date":"2023-02-18T15:22:59","date_gmt":"2023-02-18T15:22:59","guid":{"rendered":"https:\/\/theseedfair.com\/?post_type=product&#038;p=77104"},"modified":"2024-06-13T07:11:06","modified_gmt":"2024-06-13T07:11:06","slug":"apple-tartz","status":"publish","type":"product","link":"https:\/\/theseedfair.com\/de\/product\/hoher-thc-gehalt\/apple-tartz\/","title":{"rendered":"Apple Tartz Samen"},"content":{"rendered":"<h2>Apple Tartz Samen<\/h2>\n<p>Suchen Sie nach einem entspannenden und beruhigenden Effekt, der Sie nicht komplett umhaut? Wenn ja, Apple Tartz Feminized Cannabis Seeds passt in jeder Hinsicht perfekt.<\/p>\n<p>Apple Tartz Feminized Cannabis Seeds ist eine Kreuzung der Runtz und Apple Fritter Sorten. Es ist eine ausgewogene Hybrid-Sorte, 50% Indica und 50% Sativa, mit wenig CBD-Gehalt. Es hat hohe THC-Werte, die im Durchschnitt etwa 25% betragen.<\/p>\n<p>Bekannt f\u00fcr seinen s\u00e4uerlichen sauren Apfelgeschmack, hat Apple Tartz einen s\u00fc\u00dfen erdigen Geschmack, \u00e4hnlich dem von reifen \u00c4pfeln. Ein cremiger Beeren- und Diesel-Geruch begleitet den unwiderstehlichen Geschmack. Sie k\u00f6nnen auch Zimtnoten und Keksteignuancen bemerken.<\/p>\n<p>Apple Tartz feminisierte Cannabissorte ist perfekt f\u00fcr erfrischende Abende oder f\u00fcr den Genuss von Marihuana zum Fr\u00fchst\u00fcck. Es hat belebende, energetisierende, sanfte und fokussierte Effekte, wodurch es ideal f\u00fcr den Start in den Morgen ist. Dank seiner Indica-Eigenschaften bietet Apple Tartz einen entspannenden Effekt, der nicht stark sedierend ist.<\/p>\n<p>Wenn Sie gerne rauchen, w\u00e4hrend Sie Ihre Pflichten erledigen, ist Apple Tartz Hybrid perfekt f\u00fcr Sie. Es bietet ein euphorisches High, das Sie jedoch nicht v\u00f6llig umhaut. Es stellt sicher, dass Sie die richtige Energie und Konzentration haben, um die Tagesaktivit\u00e4ten zu bew\u00e4ltigen.<\/p>\n<p>Wenn es nachts konsumiert wird, bietet es gute Entspannung, die Ihnen hilft, abzuschalten. Es macht Sie nicht ans Sofa gefesselt, sodass Sie Ihren Filmabend genie\u00dfen k\u00f6nnen, bevor Sie einschlafen.<\/p>\n<h2>Effekte der Apple Tartz Feminized Cannabis Seeds<\/h2>\n<p>Apple Tartz Feminized Cannabis Seeds ist eine der besten neuen Hybrid-Sorten auf dem Grasmarkt. Die Tatsache, dass es neu ist, macht es nicht weniger kraftvoll. Es hat gut ausgewogene euphorische und entspannende Effekte, die Sie nach mehr verlangen lassen.<\/p>\n<p>Ein Apple Tartz-Zug pro Tag h\u00e4lt Sie verj\u00fcngt und gl\u00fccklich. Angesichts der hohen THC-Gehalte wird es als vorteilhaft f\u00fcr Medizinalhanfpatienten behauptet. Es hilft bei der Linderung von PTBS, chronischen Schmerzen, \u00dcbelkeit, Erbrechen, Depressionen, Appetitlosigkeit, Schlaflosigkeit und Stress.<\/p>\n<p>Die dominanten Terpen-Profile der Apple Tartz sind Caryophyllen, Limonen und Linalool. Caryophyllen ist verantwortlich f\u00fcr den Zimt- und w\u00fcrzigen Geschmack und bietet die entz\u00fcndungshemmende Wirkung.<\/p>\n<p>Wenn Sie unter Stimmungsschwankungen leiden, versuchen Sie es mit Apple Tartz. Es wird Ihre Stimmung verbessern und Sie begeistern. Sie k\u00f6nnen alle Ihre Sorgen loslassen und sich darauf konzentrieren, gl\u00fccklich zu sein.<\/p>\n<p>Grasexperten, die ihre Gras-Toleranz aufgebaut haben, werden mit der Apple Tartz-Sorte zurechtkommen. Anf\u00e4nger sollten es langsam angehen lassen. Sie k\u00f6nnten am Ende mit einem trockenen Mund und trockenen Augen nach dem Konsum dastehen. Trinken Sie viel Wasser, um hydratisiert zu bleiben.<\/p>\n<h2>Wie wachsen die Apple Tartz Samen<\/h2>\n<p>Apple Tartz ist m\u00e4\u00dfig einfach zu z\u00fcchten. Mit ein wenig Wissen k\u00f6nnen Sie es sowohl im Freien als auch in Innenr\u00e4umen anbauen. Die Samen gedeihen gut in organischem Boden oder in einem kontrollierten Hydrokultursystem.<\/p>\n<p>Sie k\u00f6nnen hohe Ertr\u00e4ge erzielen, abh\u00e4ngig von der Menge an Licht, Feuchtigkeit und der Qualit\u00e4t der Samen.<\/p>\n<p>F\u00fcr die Keimung von Apple Tartz m\u00fcssen bestimmte Anforderungen erf\u00fcllt sein. Zum Beispiel m\u00fcssen Sie sicherstellen, dass Sie erstklassige Samen mit Keimgarantie erhalten. Ziehen Sie die Papiertuchmethode in Betracht, um Ihre eigenen Setzlinge zum Keimen zu bringen. Verwenden Sie die folgenden Schritte:<\/p>\n<ol>\n<li aria-level=\"1\">Stellen Sie sicher, dass Sie alle Anforderungen haben, einschlie\u00dflich eines Tellers, Papierhandt\u00fcchern, einer Pinzette und eines Wasserspr\u00fchers.<\/li>\n<li aria-level=\"1\">Verwenden Sie den Wasserspr\u00fcher, um eines der Papierhandt\u00fccher zu befeuchten.<\/li>\n<li aria-level=\"1\">Legen Sie das Handtuch auf einen Teller und lassen Sie \u00fcbersch\u00fcssiges Wasser abtropfen.<\/li>\n<li aria-level=\"1\">Legen Sie Ihre Samen auf das Handtuch, mit einem Abstand von mindestens einem Zentimeter zwischen ihnen.<\/li>\n<li aria-level=\"1\">Verwenden Sie ein weiteres Papierhandtuch, um das erste zu umwickeln.<\/li>\n<li aria-level=\"1\">Platzieren Sie die Samen fern von direktem Sonnenlicht.<\/li>\n<li aria-level=\"1\">Halten Sie die Temperatur bei 22\u00b0C und Ihre Samen werden in etwa 2-5 Tagen sprie\u00dfen. Sie k\u00f6nnen sie umpflanzen, sobald sie kleine Wurzeln haben.<\/li>\n<\/ol>\n<p>Es dauert 8-9 Wochen, bis die Apple Tartz Cannabispflanzen bl\u00fchen. F\u00fcr den Au\u00dfenanbau ist die Ernte zwischen September und Oktober bereit. Sie erhalten 12-15 Unzen pro Quadratmeter in Innenr\u00e4umen und einen h\u00f6heren Ertrag von 20 Unzen pro Pflanze, wenn im Freien angebaut.<\/p>\n<p>Ein warmes, feuchtes Klima ist die beste Bedingung zum Anbau von Apple Tartz Cannabissamen im Freien. Ein Indoor-Setup erm\u00f6glicht es Ihnen, die Lichtintensit\u00e4t und die Temperaturen f\u00fcr optimales Wachstum zu regulieren. Stellen Sie ausreichende Bew\u00e4sserung und Beschneidung sicher, da die Pflanze wild und hoch w\u00e4chst.<\/p>\n<p>Apple Tartz Pflanzen weisen gr\u00fcne, dichte Knospen mit orangefarbenen Haaren und violetten Untert\u00f6nen auf. Die Knospen haben auch eine Schicht wei\u00dfer Kristalltrichomharz.<\/p>\n<h2>Geschichte der Apple Tartz Samen<\/h2>\n<p>Apple Tartz Feminized Cannabis Seeds ist eine Hybrid-Kreuzung der Sorten Apple Fritter und Runtz. Es ist eine ausgewogene Indica- und Sativa-Sorte mit euphorischen und gleichzeitig entspannenden Effekten.<\/p>\n<p>Es war die Leafly-Sorte des Sommers 2022. Dies beweist, dass es bei vielen Gras-Enthusiasten beliebt ist und weitgehend akzeptiert wird.<\/p>\n","protected":false},"excerpt":{"rendered":"<p>Apple Tartz Feminized Cannabis Seeds bezaubern mit einem THC-Gehalt von 25%, einer gespaltenen Pers\u00f6nlichkeit (50% Indica, 50% Sativa) und einem Geschmack, der nach sauren \u00c4pfeln mit einem Hauch von Zimtnote schmeckt. Entwickelt aus den Sorten Runtz und Apple Fritter bietet sie ein ausgewogenes, entspannendes High, dessen Potenz perfekt f\u00fcr erfahrene Enthusiasten ist.<\/p>\n","protected":false},"featured_media":77109,"comment_status":"open","ping_status":"closed","template":"","meta":{"_acf_changed":false,"_glsr_average":0,"_glsr_ranking":0,"_glsr_reviews":0},"product_brand":[],"product_cat":[62,19,68,33,1161,1610],"product_tag":[],"class_list":{"0":"post-77104","1":"product","2":"type-product","3":"status-publish","4":"has-post-thumbnail","6":"product_cat-cannabis-samen-fuer-anfaenger","7":"product_cat-feminisierte-cannabis-samen","8":"product_cat-hoher-thc-gehalt","9":"product_cat-hybride-cannabis-samen","10":"product_cat-neu","11":"product_cat-photoperiodische-cannabis-samen","13":"first","14":"instock","15":"taxable","16":"shipping-taxable","17":"purchasable","18":"product-type-variable"},"acf":[],"aioseo_notices":[],"_links":{"self":[{"href":"https:\/\/theseedfair.com\/de\/wp-json\/wp\/v2\/product\/77104","targetHints":{"allow":["GET"]}}],"collection":[{"href":"https:\/\/theseedfair.com\/de\/wp-json\/wp\/v2\/product"}],"about":[{"href":"https:\/\/theseedfair.com\/de\/wp-json\/wp\/v2\/types\/product"}],"replies":[{"embeddable":true,"href":"https:\/\/theseedfair.com\/de\/wp-json\/wp\/v2\/comments?post=77104"}],"wp:featuredmedia":[{"embeddable":true,"href":"https:\/\/theseedfair.com\/de\/wp-json\/wp\/v2\/media\/77109"}],"wp:attachment":[{"href":"https:\/\/theseedfair.com\/de\/wp-json\/wp\/v2\/media?parent=77104"}],"wp:term":[{"taxonomy":"product_brand","embeddable":true,"href":"https:\/\/theseedfair.com\/de\/wp-json\/wp\/v2\/product_brand?post=77104"},{"taxonomy":"product_cat","embeddable":true,"href":"https:\/\/theseedfair.com\/de\/wp-json\/wp\/v2\/product_cat?post=77104"},{"taxonomy":"product_tag","embeddable":true,"href":"https:\/\/theseedfair.com\/de\/wp-json\/wp\/v2\/product_tag?post=77104"}],"curies":[{"name":"wp","href":"https:\/\/api.w.org\/{rel}","templated":true}]}}