{"id":77579,"date":"2023-02-23T13:20:37","date_gmt":"2023-02-23T13:20:37","guid":{"rendered":"https:\/\/theseedfair.com\/?post_type=product&#038;p=77579"},"modified":"2024-06-13T08:31:30","modified_gmt":"2024-06-13T08:31:30","slug":"sleepy-joe-og","status":"publish","type":"product","link":"https:\/\/theseedfair.com\/de\/product\/hoher-thc-gehalt\/sleepy-joe-og\/","title":{"rendered":"Sleepy Joe OG Samen"},"content":{"rendered":"<h2>Kaufe Sleepy Joe OG Samen Online<\/h2>\n<p>Sleepy Joe OG Feminized Cannabis Seeds ist eine super-starke Hybridsorte, die eine Kreuzung aus Nova OG und Obama Kush Cannabissorten ist. Nova OG ist bekannt f\u00fcr seine super-hohen THC-Werte. Auf der anderen Seite ist Obama Kush ber\u00fchmt f\u00fcr seinen scharfen Duft und seine St\u00e4rke, die diese Elemente in unseren Sleepy Joe OG einbringt. Dar\u00fcber hinaus sind die Bewertungen f\u00fcr unsere feminisierten Sleepy Joe Samen ph\u00e4nomenal.<\/p>\n<p>Sleepy Joe OG feminisierte Sorte ist eine Indica-dominante Variante, die zu 80% Indica und zu 20% Sativa besteht. Es zeichnet sich durch au\u00dfergew\u00f6hnliches Aroma, Potenz und medizinische Wirkungen aus.<\/p>\n<p>Es hat einen THC-Gehalt von 34 %, der \u00fcberw\u00e4ltigend sein kann, selbst f\u00fcr erfahrene Raucher mit erh\u00f6hter Toleranz gegen\u00fcber Gras. Konsumiere es in m\u00e4\u00dfigen Mengen, um die besten Effekte zu genie\u00dfen, da dies ein Cannabis-Kraftpaket ist. Dies ist eines der st\u00e4rksten, die wir in unserer gesamten Samenkollektion haben.<\/p>\n<p>Du genie\u00dft das intensiv saftige Zitronen- und frische Erdbeeraroma und den Geschmack bei jedem Zug, was zu einem bemerkenswerten Raucherlebnis f\u00fchrt. Dar\u00fcber hinaus besteht das Terpenprofil aus Myrcene, Neridiol und Limonene.<\/p>\n<p>Was solltest du von einem Zug dieser Marihuanasorte erwarten?<\/p>\n<p>Unsere Sleepy Joe OG Weed-Sorte steigert Euphorie und Kreativit\u00e4t unmittelbar nach der Anwendung. Du wirst von einem starken Kopf- und K\u00f6rper-High erfasst, das deine Stimmung hebt und dich langanhaltend stoned zur\u00fcckl\u00e4sst. Wenn die Indica-Eigenschaften \u00fcbernehmen, f\u00fchlst du dich ruhig und entspannt.<\/p>\n<h2>Wirkungen von Sleepy Joe OG Feminized Cannabis Seeds<\/h2>\n<p>Die Sleepy Joe OG Marihuanasorte aktiviert ein k\u00f6rperliches High, gefolgt von einem starken euphorischen Effekt. Es steigert deine Kreativit\u00e4t, was dir helfen kann, neue Ideen f\u00fcr deinen Arbeitsplatz zu bekommen und deine Produktivit\u00e4t zu steigern. Es ist eine ideale Wahl f\u00fcr K\u00fcnstler, Musiker, Designer und Komiker.<\/p>\n<p>Wie der Name schon sagt, wird Sleepy Joe OG dir helfen, wenn du unter Schlaflosigkeit leidest. Seine sedativen Indica-Eigenschaften helfen dir, dich zu entspannen und zu beruhigen, sodass du schneller und tiefer einschlafen kannst.<\/p>\n<p>Es ist auch ein Liebling der medizinischen Marihuana-Patienten. Es hilft, Stress, M\u00fcdigkeit, \u00dcbelkeit, Appetitlosigkeit, chronische Schmerzen und Depressionen zu lindern.<\/p>\n<p>Nach einem harten Tag bei der Arbeit kannst du dich mit einem Zug der unglaublichen Sleepy Joe OG Weed-Sorte entspannen. Wenn du in manueller oder schwerer Arbeit t\u00e4tig bist, wirst du auch davon profitieren. Seine sedierenden Eigenschaften lindern Schmerzen und beruhigen deine Muskeln, was dir tiefe Entspannung gibt.<\/p>\n<p>Da es eine starke Marihuana-Variante ist, kann dich Sleepy Joe OG umhauen und dich auf dem Sofa festhalten. Aus diesem Grund ist es besser, es nachts als tags\u00fcber zu verwenden.<\/p>\n<p>Es hilft dir, den Druck in Bezug auf Arbeit, Schule oder Beziehungen zu verringern.<\/p>\n<p>Nach dem Konsum kannst du trockene Augen und einen trockenen Mund erleben. Viel Wasser zu trinken wird dir helfen, hydratisiert zu bleiben. Es kann auch zu erh\u00f6hter Angst und Paranoia f\u00fchren, wenn es \u00fcberm\u00e4\u00dfig konsumiert wird.<\/p>\n<h2>Wie Man Sleepy Joe OG Samen Anbaut<\/h2>\n<p>Sleepy Joe OG ist eine leicht anzubauende Cannabispflanze und eignet sich sowohl f\u00fcr Anf\u00e4nger als auch f\u00fcr erfahrene Anbauer. Du kannst es sowohl f\u00fcr Indoor- als auch Outdoorprojekte anbauen. Die Pflanzen erreichen moderate H\u00f6hen und nehmen nicht zu viel Platz ein. Das Keimen dieser Indica-Cannabissamen ist sehr einfach, solange du unserem Leitfaden folgst, der jeder Bestellung beiliegt.<\/p>\n<p>Es dauert 8 \u00e2\u20ac\u201c 9 Wochen f\u00fcr die Bl\u00fctezeit von Sleepy Joe OG. Die bl\u00fchenden Pflanzen werden am besten Ende September geerntet, wenn du sie im Freien anbaust. Sie gedeihen am besten in warmen, feuchten Klimazonen.<\/p>\n<p>Sleepy Joe OG Pflanzen sind buschig und widerstandsf\u00e4hig wie andere Indica-dominante Weed-Sorten. Sie wachsen auf eine H\u00f6he von 110\u00e2\u20ac\u201c130 cm f\u00fcr den Indoor-Anbau. Im Outdoor-Anbau k\u00f6nnen sie etwa 180\u00e2\u20ac\u201c230 cm hoch werden. Sie sollten in sowohl hydro als auch Bodenumgebungen gedeihen.<\/p>\n<p>Erw\u00e4ge, die See Of Green (SOG) Kultivierungstechnik auszuprobieren, da sie hilft, die Pflanzen gleichm\u00e4\u00dfig wachsen zu lassen und eine dichte Bl\u00fctendecke zu bilden. Du kannst auch andere Pflanzentrainingsmethoden wie Low-Stress-Training (LST) oder Screen of Green (SCROG) verwenden.<\/p>\n<p>Sleepy Joe OG Samen sind beliebt, weil sie eine reiche Ernte liefern. Wenn du dich f\u00fcr den Indoor-Anbau entscheidest, erh\u00e4ltst du einen hohen Ertrag von 600g pro Quadratmeter. Beim Outdoor-Anbau bekommst du einen noch besseren Ertrag von 700\u00e2\u20ac\u201c1000g pro Pflanze.<\/p>\n<p>Sie wachsen zu attraktiven Pflanzen mit mehreren gro\u00dfen Bl\u00fcten und au\u00dfergew\u00f6hnlicher Harzproduktion heran. Die Bl\u00fcten sind dunkelviolett und haben funkelnde Knospen.<\/p>\n<h2>Geschichte der Sleepy Joe OG Samen<\/h2>\n<p>Sleepy Joe OG Feminized Cannabis Seeds ist eine Indica-dominante Sorte, die 2021 auf den Markt kam. Ihre Elternsorten sind Nova OG und Obama Kush.<\/p>\n<p>Die s\u00fc\u00dfe und skunkige Aroma wird auf Obama Kush zur\u00fcckgef\u00fchrt.<\/p>\n<p>Auf der anderen Seite kommen die hohen THC-Werte von Nova Kush. Das Ergebnis ist eine potente Weed-Variante mit niedrigem CBD. Schau dir unsere Sorteninformationen unter unserem Produkttab oben an, um die Details \u00fcber Sleepy Joe feminisierte Samen zu sehen. Unsere Samenbank f\u00fchrt heute eine der besten Genetiken von Sleep Joe.<\/p>\n","protected":false},"excerpt":{"rendered":"<p>Sleepy Joe OG Feminized hat unter Cannabis-Enthusiasten aufgrund seiner au\u00dfergew\u00f6hnlichen Potenz und einzigartigen Wirkungen an Popularit\u00e4t gewonnen. Es ist ein Indica-dominanter Hybrid, dessen Abstammung auf zwei beliebte Sorten zur\u00fcckgeht, das ber\u00fcchtigte OG Kush und Face Off OG. Diese Sorte hat einen beeindruckenden THC-Gehalt von 34 %, der selbst die erfahrensten Kenner \u00fcberw\u00e4ltigen wird.<\/p>\n","protected":false},"featured_media":100388,"comment_status":"open","ping_status":"closed","template":"","meta":{"_acf_changed":false,"_glsr_average":0,"_glsr_ranking":0,"_glsr_reviews":0},"product_brand":[],"product_cat":[62,19,3067,68,30,1161,1610],"product_tag":[],"class_list":{"0":"post-77579","1":"product","2":"type-product","3":"status-publish","4":"has-post-thumbnail","6":"product_cat-cannabis-samen-fuer-anfaenger","7":"product_cat-feminisierte-cannabis-samen","8":"product_cat-ertragreiche-samen","9":"product_cat-hoher-thc-gehalt","10":"product_cat-indica-cannabis-samen","11":"product_cat-neu","12":"product_cat-photoperiodische-cannabis-samen","14":"first","15":"instock","16":"taxable","17":"shipping-taxable","18":"purchasable","19":"product-type-variable"},"acf":[],"aioseo_notices":[],"_links":{"self":[{"href":"https:\/\/theseedfair.com\/de\/wp-json\/wp\/v2\/product\/77579","targetHints":{"allow":["GET"]}}],"collection":[{"href":"https:\/\/theseedfair.com\/de\/wp-json\/wp\/v2\/product"}],"about":[{"href":"https:\/\/theseedfair.com\/de\/wp-json\/wp\/v2\/types\/product"}],"replies":[{"embeddable":true,"href":"https:\/\/theseedfair.com\/de\/wp-json\/wp\/v2\/comments?post=77579"}],"wp:featuredmedia":[{"embeddable":true,"href":"https:\/\/theseedfair.com\/de\/wp-json\/wp\/v2\/media\/100388"}],"wp:attachment":[{"href":"https:\/\/theseedfair.com\/de\/wp-json\/wp\/v2\/media?parent=77579"}],"wp:term":[{"taxonomy":"product_brand","embeddable":true,"href":"https:\/\/theseedfair.com\/de\/wp-json\/wp\/v2\/product_brand?post=77579"},{"taxonomy":"product_cat","embeddable":true,"href":"https:\/\/theseedfair.com\/de\/wp-json\/wp\/v2\/product_cat?post=77579"},{"taxonomy":"product_tag","embeddable":true,"href":"https:\/\/theseedfair.com\/de\/wp-json\/wp\/v2\/product_tag?post=77579"}],"curies":[{"name":"wp","href":"https:\/\/api.w.org\/{rel}","templated":true}]}}