{"id":77585,"date":"2023-02-23T13:30:26","date_gmt":"2023-02-23T13:30:26","guid":{"rendered":"https:\/\/theseedfair.com\/?post_type=product&#038;p=77585"},"modified":"2025-10-20T15:25:34","modified_gmt":"2025-10-20T15:25:34","slug":"black-truffle","status":"publish","type":"product","link":"https:\/\/theseedfair.com\/de\/product\/hoher-thc-gehalt\/black-truffle\/","title":{"rendered":"Black Truffle Samen"},"content":{"rendered":"<h2>Black Truffle Samen<\/h2>\n<p>Black Tr\u00fcffel Feminisiert Cannabis Samen ist eine seltene genetische Hybride zwischen Gelato 33 und einer unbekannten Cannabis-Variante. Es ist leicht Indica-dominant, mit 60% Indica und 40% Sativa-Eigenschaften. Es wird aufgrund seiner k\u00f6stlichen Aromen und unglaublichen Effekte als Mitglied der Tr\u00fcffel-Familie betrachtet.<\/p>\n<p>Mit einem Durchschnitt von 27% THC-Gehalten werden Sie es schwer haben, unsere feminisierte Black Tr\u00fcffel Unkraut-Sorte nicht auszuprobieren. Wenn Sie ein Anf\u00e4nger sind, k\u00f6nnen Sie das Produkt genie\u00dfen, wenn Sie moderate Mengen einhalten.<\/p>\n<p>Ein Zug von Black Tr\u00fcffel bringt Ihnen ein High, das Sie direkt nach dem Ausatmen trifft. Es aktiviert Ihren Geist in einen energisierten zerebralen Zustand, der durch erh\u00f6hte Konzentration und Kreativit\u00e4t charakterisiert wird. Sp\u00e4ter entspannt sich Ihr K\u00f6rper in eine entspannte Stimmung, die Sie beruhigt.<\/p>\n<p>Sie erleben einen s\u00fc\u00dfen Geschmack von frischen fruchtigen Trauben und w\u00fcrzigen Untert\u00f6nen, denen Sie nicht widerstehen k\u00f6nnen. Dieser Geschmack l\u00e4sst Sie nach mehr sabbern. Kombinieren Sie dies mit einem herausragenden Aroma von w\u00fcrzigen schwarzen Kaffeed\u00fcften, und Sie erhalten eine unwiderstehliche Unkraut-Variante.<\/p>\n<h2>Effekte von Black Tr\u00fcffel Feminisiert Cannabis Samen<\/h2>\n<p>Black Tr\u00fcffel Feminisiert Cannabis Samen ist bei Unkraut-Enthusiasten f\u00fcr seine energisierenden und erhebenden Effekte bekannt. Es wird berichtet, dass es Eigenschaften hat, die Sie erregt und gespr\u00e4chig machen.<\/p>\n<p>Sie genie\u00dfen eine mentale Fokussierung, die es Ihnen erm\u00f6glicht, sich auch an einem faulen Nachmittag auf ein Projekt zu konzentrieren. Seine Indica-Qualit\u00e4ten bieten eine tiefe Entspannung, die Sie schl\u00e4frig machen kann. Wenn Sie unter Schlaflosigkeit leiden, k\u00f6nnte ein Joint Black Tr\u00fcffel alles sein, was Sie brauchen, um Ihrer Schlaflosigkeit Auf Wiedersehen zu sagen.<\/p>\n<p>Die Marihuana-Variante ist auch f\u00fcr medizinische Marihuana-Patienten von Vorteil. Es hilft Menschen mit Aufmerksamkeitsdefizitst\u00f6rung (ADD\/ADHD). Sie k\u00f6nnten auch Hilfe bei der Bew\u00e4ltigung chronischer Schmerzen, Depressionen, Appetitverlust, chronischem Stress und \u00dcbelkeit erhalten.<\/p>\n<p>Das Brainstorming mit Kollegen muss nicht schmerzhaft sein. Mit einem Zug von feminierten Black Tr\u00fcffel Unkraut werden Ihre kreativen S\u00e4fte mit neuen Ideen flie\u00dfen. Es ist geeignet f\u00fcr K\u00fcnstler, die Schwierigkeiten haben, neue Projektkonzepte zu entwickeln.<\/p>\n<p>Caryophyllen dominiert das Terpen-Profil von Black Tr\u00fcffel und erzeugt einen w\u00fcrzigen Geschmack und entz\u00fcndungshemmende Effekte. Andere verf\u00fcgbare Terpene sind Terpinolen und Limonen.<\/p>\n<p>Sie k\u00f6nnen einen trockenen Mund und trockene Augen erleben, was durch Rehydrierung leicht behoben werden kann. Wenn in gro\u00dfen Mengen eingenommen, k\u00f6nnten Sie Paranoia und erh\u00f6hte Angst erfahren. Es wird empfohlen, moderate Mengen einzunehmen, w\u00e4hrend Sie Ihre Toleranz aufbauen.<\/p>\n<h2>Wie wachsen Black Tr\u00fcffel Samen<\/h2>\n<p>Black Tr\u00fcffel Feminisiert Cannabis Samen ist eine seltene Hybrid-Sorte, was es schwierig macht, ihre Samen zu bekommen. Sie k\u00f6nnen die Pflanzen sowohl drinnen als auch drau\u00dfen anbauen. Sie erhalten einen besseren Ertrag mit einem Au\u00dfen-, als einem Innen-Setup.<\/p>\n<p>Wenn Sie sich f\u00fcr den Innenanbau entscheiden, sollten Sie in Betracht ziehen, Ihre Pflanzen in einem Hydroponik-Medium zu pflanzen, um optimale Ertr\u00e4ge und erstklassige Knospen zu genie\u00dfen. Sie k\u00f6nnen auch drau\u00dfen im Boden angebaut werden. Black Tr\u00fcffel Cannabis-Pflanzen gedeihen am besten in warmem Klima wie im Sommer.<\/p>\n<p>Die Marihuana-Variante ist m\u00e4\u00dfig schwierig zu kultivieren, da Sie einige F\u00e4higkeiten ben\u00f6tigen. Sie m\u00fcssen Pflanzentraining und Trimmen durchf\u00fchren, was f\u00fcr einen Anf\u00e4nger \u00fcberw\u00e4ltigend sein k\u00f6nnte.<\/p>\n<p>Vermeiden Sie \u00dcberbew\u00e4sserung, die zu Wachstumsst\u00f6rungen f\u00fchren k\u00f6nnte. \u00dcberf\u00fctterung kann zu einer N\u00e4hrstoffverbrennung f\u00fchren, was zu minderer Qualit\u00e4t der Knospen f\u00fchrt.<\/p>\n<p>Sie werden etwa 8 &#8211; 9 Wochen warten, bis die Pflanzen erntereif sind. Die beste Zeit zur Ernte im Freien ist im Oktober. Beim Outdoor-Anbau k\u00f6nnen Sie mit einem Ertrag von etwa 20 Unzen pro Pflanze rechnen. Ein Indoor-Setup erzeugt einen niedrigeren Ertrag von 2 &#8211; 8 Unzen pro Quadratmeter.<\/p>\n<p>Die Hybrid-Unkraut-Knospen von Black Tr\u00fcffel weisen \u00fcbergro\u00dfe, dichte, schwere rautenf\u00f6rmige, schattige olivgr\u00fcne Nuggets auf. Sie haben schmale orangefarbene Haare und eine Schicht frostiger, dunkler Kristalltrichome.<\/p>\n<h2>Geschichte der Black Tr\u00fcffel Samen<\/h2>\n<p>Black Tr\u00fcffel Feminisiert Cannabis Samen ist eine seltene Hybrid-Marihuana-Sorte, die auf der Indica-Seite liegt. Sein Ursprung kann nach Kalifornien zur\u00fcckverfolgt werden. Es ist eine Kreuzung aus Gelato 33 und einer unbekannten Unkraut-Sorte.<\/p>\n<p>Wenn Sie nach einer Sorte suchen, die Ihnen ein High gibt, das Sie energiegeladen und nicht schl\u00e4frig macht, sollten Sie Black Tr\u00fcffel ausprobieren. Es ist eine s\u00fc\u00dfe und schmackhafte Hybrid-Sorte, die Sie in Schwung bringt, ohne dass Sie an die Couch gefesselt sind.<\/p>\n","protected":false},"excerpt":{"rendered":"<p>Tauchen Sie ein in die seltene Freude an feminisierten Schwarz Tr\u00fcffel Samen. Gelato 33 wurde unbeholfen von einem mysteri\u00f6sen Fremden angebumst, und sie brachten dieses leicht Indica-dominante Couch-Lock-Bet\u00e4uber zur Welt. Mit einer 60% Indica-Dominanz und schwindelerregenden 27% THC-Werten liefert dieses Hybrid eines der schnellsten zerebralen Highs.<\/p>\n","protected":false},"featured_media":77590,"comment_status":"open","ping_status":"closed","template":"","meta":{"_acf_changed":false,"_glsr_average":0,"_glsr_ranking":0,"_glsr_reviews":0},"product_brand":[],"product_cat":[3365,62,19,3067,68,30,1161,1610],"product_tag":[],"class_list":{"0":"post-77585","1":"product","2":"type-product","3":"status-publish","4":"has-post-thumbnail","6":"product_cat-beste-cannabis-samen","7":"product_cat-cannabis-samen-fuer-anfaenger","8":"product_cat-feminisierte-cannabis-samen","9":"product_cat-ertragreiche-samen","10":"product_cat-hoher-thc-gehalt","11":"product_cat-indica-cannabis-samen","12":"product_cat-neu","13":"product_cat-photoperiodische-cannabis-samen","15":"first","16":"instock","17":"taxable","18":"shipping-taxable","19":"purchasable","20":"product-type-variable"},"acf":[],"aioseo_notices":[],"_links":{"self":[{"href":"https:\/\/theseedfair.com\/de\/wp-json\/wp\/v2\/product\/77585","targetHints":{"allow":["GET"]}}],"collection":[{"href":"https:\/\/theseedfair.com\/de\/wp-json\/wp\/v2\/product"}],"about":[{"href":"https:\/\/theseedfair.com\/de\/wp-json\/wp\/v2\/types\/product"}],"replies":[{"embeddable":true,"href":"https:\/\/theseedfair.com\/de\/wp-json\/wp\/v2\/comments?post=77585"}],"wp:featuredmedia":[{"embeddable":true,"href":"https:\/\/theseedfair.com\/de\/wp-json\/wp\/v2\/media\/77590"}],"wp:attachment":[{"href":"https:\/\/theseedfair.com\/de\/wp-json\/wp\/v2\/media?parent=77585"}],"wp:term":[{"taxonomy":"product_brand","embeddable":true,"href":"https:\/\/theseedfair.com\/de\/wp-json\/wp\/v2\/product_brand?post=77585"},{"taxonomy":"product_cat","embeddable":true,"href":"https:\/\/theseedfair.com\/de\/wp-json\/wp\/v2\/product_cat?post=77585"},{"taxonomy":"product_tag","embeddable":true,"href":"https:\/\/theseedfair.com\/de\/wp-json\/wp\/v2\/product_tag?post=77585"}],"curies":[{"name":"wp","href":"https:\/\/api.w.org\/{rel}","templated":true}]}}